{"id":257,"date":"2020-01-21T13:25:10","date_gmt":"2020-01-21T12:25:10","guid":{"rendered":"https:\/\/palmberg.io\/?page_id=257"},"modified":"2022-09-05T08:19:26","modified_gmt":"2022-09-05T06:19:26","slug":"cookiepolicy","status":"publish","type":"page","link":"https:\/\/hexabyte.se\/en\/cookiepolicy\/","title":{"rendered":"Cookie policy"},"content":{"rendered":"\n<p>[delete_cookies text=&#8221;\u00c5terkalla mitt samtycke f\u00f6r cookies p\u00e5 denna webbplats&#8221;]<\/p>\n\n\n\n<h2 class=\"wp-block-heading\">Vad \u00e4r cookies<\/h2>\n\n\n\n<p>En cookie \u00e4r en lite textfil som sparas p\u00e5 enheten f\u00f6r att g\u00f6ra upplevelsen p\u00e5 hemsidan b\u00e4ttre.<\/p>\n\n\n\n<h2 class=\"wp-block-heading\">Vilka cookies som vi anv\u00e4nder<\/h2>\n\n\n\n<p>Vi anv\u00e4nder tredjepartsleverant\u00f6rer som anv\u00e4nder cookies fr\u00e5n Google Analytics.<\/p>\n\n\n\n<figure class=\"wp-block-table is-style-stripes\"><table><thead><tr><th class=\"has-text-align-left\" data-align=\"left\">Cookie<\/th><th class=\"has-text-align-left\" data-align=\"left\">Varaktighet<\/th><th class=\"has-text-align-left\" data-align=\"left\">Beskrivning<\/th><\/tr><\/thead><tbody><tr><td class=\"has-text-align-left\" data-align=\"left\">_ga<\/td><td class=\"has-text-align-left\" data-align=\"left\">12 m\u00e5n<\/td><td class=\"has-text-align-left\" data-align=\"left\">Ih\u00e5llande cookie, anv\u00e4nds f\u00f6r att se hur bes\u00f6kare anv\u00e4nder hemsidan.<\/td><\/tr><tr><td class=\"has-text-align-left\" data-align=\"left\">elementor<\/td><td class=\"has-text-align-left\" data-align=\"left\">tills webbl\u00e4saren st\u00e4ngs<\/td><td class=\"has-text-align-left\" data-align=\"left\">Sessionscookie, grundl\u00e4ggande funktionalitet f\u00f6r v\u00e5r hemsida.<\/td><\/tr><\/tbody><\/table><\/figure>\n\n\n\n<h2 class=\"wp-block-heading\">Om du inte godk\u00e4nner cookies<\/h2>\n\n\n\n<p>I de flesta webbl\u00e4sare kan du v\u00e4lja att blockera cookies. F\u00f6r mer hj\u00e4lp med att blockera cookies i din webbl\u00e4sare kan du kontakta utgivaren av din webbl\u00e4sare.<\/p>\n\n\n\n<h2 class=\"wp-block-heading\">Mer om cookies<\/h2>\n\n\n\n<p>P\u00e5 <a href=\"https:\/\/www.pts.se\" target=\"_blank\" rel=\"noreferrer noopener\">Post- och telestyrelsens hemsida pts.se<\/a> kan du l\u00e4sa mer om cookies.<\/p>\n","protected":false},"excerpt":{"rendered":"<p>[delete_cookies text=&#8221;\u00c5terkalla mitt samtycke f\u00f6r cookies p\u00e5 denna webbplats&#8221;] Vad \u00e4r cookies En cookie \u00e4r en lite textfil som sparas p\u00e5 enheten f\u00f6r att g\u00f6ra upplevelsen p\u00e5 hemsidan b\u00e4ttre. Vilka cookies som vi anv\u00e4nder Vi anv\u00e4nder tredjepartsleverant\u00f6rer som anv\u00e4nder cookies fr\u00e5n Google Analytics. Cookie Varaktighet Beskrivning _ga 12 m\u00e5n Ih\u00e5llande cookie, anv\u00e4nds f\u00f6r att se [&hellip;]<\/p>\n","protected":false},"author":1,"featured_media":0,"parent":0,"menu_order":7,"comment_status":"closed","ping_status":"closed","template":"","meta":{"_acf_changed":false,"footnotes":""},"class_list":["post-257","page","type-page","status-publish","hentry"],"acf":[],"yoast_head":"<!-- This site is optimized with the Yoast SEO plugin v27.4 - https:\/\/yoast.com\/product\/yoast-seo-wordpress\/ -->\n<title>Cookiepolicy<\/title>\n<meta name=\"robots\" content=\"index, follow, max-snippet:-1, max-image-preview:large, max-video-preview:-1\" \/>\n<link rel=\"canonical\" href=\"https:\/\/hexabyte.se\/en\/cookiepolicy\/\" \/>\n<meta property=\"og:locale\" content=\"en_US\" \/>\n<meta property=\"og:type\" content=\"article\" \/>\n<meta property=\"og:title\" content=\"Cookiepolicy\" \/>\n<meta property=\"og:description\" content=\"[delete_cookies text=&#8221;\u00c5terkalla mitt samtycke f\u00f6r cookies p\u00e5 denna webbplats&#8221;] Vad \u00e4r cookies En cookie \u00e4r en lite textfil som sparas p\u00e5 enheten f\u00f6r att g\u00f6ra upplevelsen p\u00e5 hemsidan b\u00e4ttre. Vilka cookies som vi anv\u00e4nder Vi anv\u00e4nder tredjepartsleverant\u00f6rer som anv\u00e4nder cookies fr\u00e5n Google Analytics. Cookie Varaktighet Beskrivning _ga 12 m\u00e5n Ih\u00e5llande cookie, anv\u00e4nds f\u00f6r att se [&hellip;]\" \/>\n<meta property=\"og:url\" content=\"https:\/\/hexabyte.se\/en\/cookiepolicy\/\" \/>\n<meta property=\"og:site_name\" content=\"Hexabyte\" \/>\n<meta property=\"article:modified_time\" content=\"2022-09-05T06:19:26+00:00\" \/>\n<meta name=\"twitter:card\" content=\"summary_large_image\" \/>\n<meta name=\"twitter:label1\" content=\"Est. reading time\" \/>\n\t<meta name=\"twitter:data1\" content=\"1 minute\" \/>\n<script type=\"application\/ld+json\" class=\"yoast-schema-graph\">{\"@context\":\"https:\\\/\\\/schema.org\",\"@graph\":[{\"@type\":\"WebPage\",\"@id\":\"https:\\\/\\\/hexabyte.se\\\/cookiepolicy\\\/\",\"url\":\"https:\\\/\\\/hexabyte.se\\\/cookiepolicy\\\/\",\"name\":\"Cookiepolicy\",\"isPartOf\":{\"@id\":\"https:\\\/\\\/hexabyte.se\\\/#website\"},\"datePublished\":\"2020-01-21T12:25:10+00:00\",\"dateModified\":\"2022-09-05T06:19:26+00:00\",\"breadcrumb\":{\"@id\":\"https:\\\/\\\/hexabyte.se\\\/cookiepolicy\\\/#breadcrumb\"},\"inLanguage\":\"en-US\",\"potentialAction\":[{\"@type\":\"ReadAction\",\"target\":[\"https:\\\/\\\/hexabyte.se\\\/cookiepolicy\\\/\"]}]},{\"@type\":\"BreadcrumbList\",\"@id\":\"https:\\\/\\\/hexabyte.se\\\/cookiepolicy\\\/#breadcrumb\",\"itemListElement\":[{\"@type\":\"ListItem\",\"position\":1,\"name\":\"Hem\",\"item\":\"https:\\\/\\\/hexabyte.se\\\/\"},{\"@type\":\"ListItem\",\"position\":2,\"name\":\"Cookiepolicy\"}]},{\"@type\":\"WebSite\",\"@id\":\"https:\\\/\\\/hexabyte.se\\\/#website\",\"url\":\"https:\\\/\\\/hexabyte.se\\\/\",\"name\":\"Hexabyte\",\"description\":\"Serverl\u00f6sningar\",\"publisher\":{\"@id\":\"https:\\\/\\\/hexabyte.se\\\/#organization\"},\"potentialAction\":[{\"@type\":\"SearchAction\",\"target\":{\"@type\":\"EntryPoint\",\"urlTemplate\":\"https:\\\/\\\/hexabyte.se\\\/?s={search_term_string}\"},\"query-input\":{\"@type\":\"PropertyValueSpecification\",\"valueRequired\":true,\"valueName\":\"search_term_string\"}}],\"inLanguage\":\"en-US\"},{\"@type\":\"Organization\",\"@id\":\"https:\\\/\\\/hexabyte.se\\\/#organization\",\"name\":\"Hexabyte AB\",\"url\":\"https:\\\/\\\/hexabyte.se\\\/\",\"logo\":{\"@type\":\"ImageObject\",\"inLanguage\":\"en-US\",\"@id\":\"https:\\\/\\\/hexabyte.se\\\/#\\\/schema\\\/logo\\\/image\\\/\",\"url\":\"https:\\\/\\\/hexabyte.se\\\/wp-content\\\/uploads\\\/2023\\\/12\\\/hexabyte-clear.svg\",\"contentUrl\":\"https:\\\/\\\/hexabyte.se\\\/wp-content\\\/uploads\\\/2023\\\/12\\\/hexabyte-clear.svg\",\"width\":318,\"height\":57,\"caption\":\"Hexabyte AB\"},\"image\":{\"@id\":\"https:\\\/\\\/hexabyte.se\\\/#\\\/schema\\\/logo\\\/image\\\/\"}}]}<\/script>\n<!-- \/ Yoast SEO plugin. -->","yoast_head_json":{"title":"Cookie policy","robots":{"index":"index","follow":"follow","max-snippet":"max-snippet:-1","max-image-preview":"max-image-preview:large","max-video-preview":"max-video-preview:-1"},"canonical":"https:\/\/hexabyte.se\/en\/cookiepolicy\/","og_locale":"en_US","og_type":"article","og_title":"Cookiepolicy","og_description":"[delete_cookies text=&#8221;\u00c5terkalla mitt samtycke f\u00f6r cookies p\u00e5 denna webbplats&#8221;] Vad \u00e4r cookies En cookie \u00e4r en lite textfil som sparas p\u00e5 enheten f\u00f6r att g\u00f6ra upplevelsen p\u00e5 hemsidan b\u00e4ttre. Vilka cookies som vi anv\u00e4nder Vi anv\u00e4nder tredjepartsleverant\u00f6rer som anv\u00e4nder cookies fr\u00e5n Google Analytics. Cookie Varaktighet Beskrivning _ga 12 m\u00e5n Ih\u00e5llande cookie, anv\u00e4nds f\u00f6r att se [&hellip;]","og_url":"https:\/\/hexabyte.se\/en\/cookiepolicy\/","og_site_name":"Hexabyte","article_modified_time":"2022-09-05T06:19:26+00:00","twitter_card":"summary_large_image","twitter_misc":{"Est. reading time":"1 minute"},"schema":{"@context":"https:\/\/schema.org","@graph":[{"@type":"WebPage","@id":"https:\/\/hexabyte.se\/cookiepolicy\/","url":"https:\/\/hexabyte.se\/cookiepolicy\/","name":"Cookie policy","isPartOf":{"@id":"https:\/\/hexabyte.se\/#website"},"datePublished":"2020-01-21T12:25:10+00:00","dateModified":"2022-09-05T06:19:26+00:00","breadcrumb":{"@id":"https:\/\/hexabyte.se\/cookiepolicy\/#breadcrumb"},"inLanguage":"en-US","potentialAction":[{"@type":"ReadAction","target":["https:\/\/hexabyte.se\/cookiepolicy\/"]}]},{"@type":"BreadcrumbList","@id":"https:\/\/hexabyte.se\/cookiepolicy\/#breadcrumb","itemListElement":[{"@type":"ListItem","position":1,"name":"Hem","item":"https:\/\/hexabyte.se\/"},{"@type":"ListItem","position":2,"name":"Cookiepolicy"}]},{"@type":"WebSite","@id":"https:\/\/hexabyte.se\/#website","url":"https:\/\/hexabyte.se\/","name":"Hexabytes","description":"Server solutions","publisher":{"@id":"https:\/\/hexabyte.se\/#organization"},"potentialAction":[{"@type":"SearchAction","target":{"@type":"EntryPoint","urlTemplate":"https:\/\/hexabyte.se\/?s={search_term_string}"},"query-input":{"@type":"PropertyValueSpecification","valueRequired":true,"valueName":"search_term_string"}}],"inLanguage":"en-US"},{"@type":"Organization","@id":"https:\/\/hexabyte.se\/#organization","name":"Hexabyte AB","url":"https:\/\/hexabyte.se\/","logo":{"@type":"ImageObject","inLanguage":"en-US","@id":"https:\/\/hexabyte.se\/#\/schema\/logo\/image\/","url":"https:\/\/hexabyte.se\/wp-content\/uploads\/2023\/12\/hexabyte-clear.svg","contentUrl":"https:\/\/hexabyte.se\/wp-content\/uploads\/2023\/12\/hexabyte-clear.svg","width":318,"height":57,"caption":"Hexabyte AB"},"image":{"@id":"https:\/\/hexabyte.se\/#\/schema\/logo\/image\/"}}]}},"_links":{"self":[{"href":"https:\/\/hexabyte.se\/en\/wp-json\/wp\/v2\/pages\/257","targetHints":{"allow":["GET"]}}],"collection":[{"href":"https:\/\/hexabyte.se\/en\/wp-json\/wp\/v2\/pages"}],"about":[{"href":"https:\/\/hexabyte.se\/en\/wp-json\/wp\/v2\/types\/page"}],"author":[{"embeddable":true,"href":"https:\/\/hexabyte.se\/en\/wp-json\/wp\/v2\/users\/1"}],"replies":[{"embeddable":true,"href":"https:\/\/hexabyte.se\/en\/wp-json\/wp\/v2\/comments?post=257"}],"version-history":[{"count":7,"href":"https:\/\/hexabyte.se\/en\/wp-json\/wp\/v2\/pages\/257\/revisions"}],"predecessor-version":[{"id":501370,"href":"https:\/\/hexabyte.se\/en\/wp-json\/wp\/v2\/pages\/257\/revisions\/501370"}],"wp:attachment":[{"href":"https:\/\/hexabyte.se\/en\/wp-json\/wp\/v2\/media?parent=257"}],"curies":[{"name":"wp","href":"https:\/\/api.w.org\/{rel}","templated":true}]}}