{"id":500703,"date":"2022-01-13T12:50:58","date_gmt":"2022-01-13T11:50:58","guid":{"rendered":"https:\/\/palmberg.io\/?page_id=500703"},"modified":"2024-01-15T11:53:24","modified_gmt":"2024-01-15T09:53:24","slug":"kontakta-oss","status":"publish","type":"page","link":"https:\/\/hexabyte.se\/en\/kontakta-oss\/","title":{"rendered":"Contact Us"},"content":{"rendered":"\t\t<div data-elementor-type=\"wp-page\" data-elementor-id=\"500703\" class=\"elementor elementor-500703\" data-elementor-post-type=\"page\">\n\t\t\t\t\t\t<section class=\"elementor-section elementor-top-section elementor-element elementor-element-e6290d5 elementor-section-boxed elementor-section-height-default elementor-section-height-default\" data-id=\"e6290d5\" data-element_type=\"section\" data-e-type=\"section\">\n\t\t\t\t\t\t<div class=\"elementor-container elementor-column-gap-default\">\n\t\t\t\t\t<div class=\"elementor-column elementor-col-50 elementor-top-column elementor-element elementor-element-684d036\" data-id=\"684d036\" data-element_type=\"column\" data-e-type=\"column\">\n\t\t\t<div class=\"elementor-widget-wrap elementor-element-populated\">\n\t\t\t\t\t\t<div class=\"elementor-element elementor-element-335ee06 elementor-widget elementor-widget-heading\" data-id=\"335ee06\" data-element_type=\"widget\" data-e-type=\"widget\" data-widget_type=\"heading.default\">\n\t\t\t\t<div class=\"elementor-widget-container\">\n\t\t\t\t\t<h1 class=\"elementor-heading-title elementor-size-default\">Kontakta oss<\/h1>\t\t\t\t<\/div>\n\t\t\t\t<\/div>\n\t\t\t\t<div class=\"elementor-element elementor-element-b9f95e6 elementor-widget elementor-widget-text-editor\" data-id=\"b9f95e6\" data-element_type=\"widget\" data-e-type=\"widget\" data-widget_type=\"text-editor.default\">\n\t\t\t\t<div class=\"elementor-widget-container\">\n\t\t\t\t\t\t\t\t\t<p>Vill du ta reda p\u00e5 om vi \u00e4r en bra match f\u00f6r att jobba tillsammans?<\/p><p>Skicka ett meddelande s\u00e5 \u00e5terkommer vi s\u00e5 fort vi kan.<\/p><p>Du kan ocks\u00e5 maila oss p\u00e5 support@hexabyte.se eller logga in p\u00e5 ditt <a href=\"https:\/\/cloud.hexabyte.se\">cloud-konto<\/a> och skapa ett support\u00e4rende.<\/p>\t\t\t\t\t\t\t\t<\/div>\n\t\t\t\t<\/div>\n\t\t\t\t<div class=\"elementor-element elementor-element-32404e9 elementor-widget__width-initial elementor-widget-mobile__width-inherit elementor-hidden-desktop elementor-hidden-tablet elementor-hidden-mobile elementor-position-top elementor-widget elementor-widget-image-box\" data-id=\"32404e9\" data-element_type=\"widget\" data-e-type=\"widget\" data-widget_type=\"image-box.default\">\n\t\t\t\t<div class=\"elementor-widget-container\">\n\t\t\t\t\t<div class=\"elementor-image-box-wrapper\"><figure class=\"elementor-image-box-img\"><img fetchpriority=\"high\" decoding=\"async\" width=\"400\" height=\"400\" src=\"https:\/\/hexabyte.se\/wp-content\/uploads\/2022\/09\/filip-palmberg-salj.jpg\" class=\"attachment-full size-full wp-image-501466\" alt=\"Filip Palmberg utveckling och seo\" srcset=\"https:\/\/hexabyte.se\/wp-content\/uploads\/2022\/09\/filip-palmberg-salj.jpg 400w, https:\/\/hexabyte.se\/wp-content\/uploads\/2022\/09\/filip-palmberg-salj-385x385.jpg 385w, https:\/\/hexabyte.se\/wp-content\/uploads\/2022\/09\/filip-palmberg-salj-150x150.jpg 150w\" sizes=\"(max-width: 400px) 100vw, 400px\" \/><\/figure><div class=\"elementor-image-box-content\"><h3 class=\"elementor-image-box-title\">Filip Palmberg<\/h3><p class=\"elementor-image-box-description\">Utveckling &amp; projektledning<br>\n<a href=\"mailto:filip@palmberg.io\">filip@palmberg.io<\/a><\/p><\/div><\/div>\t\t\t\t<\/div>\n\t\t\t\t<\/div>\n\t\t\t\t\t<\/div>\n\t\t<\/div>\n\t\t\t\t<div class=\"elementor-column elementor-col-50 elementor-top-column elementor-element elementor-element-6597355\" data-id=\"6597355\" data-element_type=\"column\" data-e-type=\"column\">\n\t\t\t<div class=\"elementor-widget-wrap elementor-element-populated\">\n\t\t\t\t\t\t<div class=\"elementor-element elementor-element-06f9556 elementor-button-align-end elementor-widget elementor-widget-form\" data-id=\"06f9556\" data-element_type=\"widget\" data-e-type=\"widget\" data-settings=\"{&quot;step_next_label&quot;:&quot;N\\u00e4sta&quot;,&quot;step_previous_label&quot;:&quot;F\\u00f6reg\\u00e5ende&quot;,&quot;button_width&quot;:&quot;100&quot;,&quot;step_type&quot;:&quot;number_text&quot;,&quot;step_icon_shape&quot;:&quot;circle&quot;}\" data-widget_type=\"form.default\">\n\t\t\t\t<div class=\"elementor-widget-container\">\n\t\t\t\t\t\t\t<form class=\"elementor-form\" method=\"post\" name=\"Kontakta oss\" aria-label=\"Kontakta oss\">\n\t\t\t<input type=\"hidden\" name=\"post_id\" value=\"500703\"\/>\n\t\t\t<input type=\"hidden\" name=\"form_id\" value=\"06f9556\"\/>\n\t\t\t<input type=\"hidden\" name=\"referer_title\" value=\"Kontakta oss\" \/>\n\n\t\t\t\t\t\t\t<input type=\"hidden\" name=\"queried_id\" value=\"500703\"\/>\n\t\t\t\n\t\t\t<div class=\"elementor-form-fields-wrapper elementor-labels-above\">\n\t\t\t\t\t\t\t\t<div class=\"elementor-field-type-text elementor-field-group elementor-column elementor-field-group-name elementor-col-100\">\n\t\t\t\t\t\t\t\t\t\t\t\t<label for=\"form-field-name\" class=\"elementor-field-label\">\n\t\t\t\t\t\t\t\tNamn\t\t\t\t\t\t\t<\/label>\n\t\t\t\t\t\t\t\t\t\t\t\t\t\t<input size=\"1\" type=\"text\" name=\"form_fields[name]\" id=\"form-field-name\" class=\"elementor-field elementor-size-sm  elementor-field-textual\">\n\t\t\t\t\t\t\t\t\t\t\t<\/div>\n\t\t\t\t\t\t\t\t<div class=\"elementor-field-type-email elementor-field-group elementor-column elementor-field-group-email elementor-col-100 elementor-field-required\">\n\t\t\t\t\t\t\t\t\t\t\t\t<label for=\"form-field-email\" class=\"elementor-field-label\">\n\t\t\t\t\t\t\t\tE-post\t\t\t\t\t\t\t<\/label>\n\t\t\t\t\t\t\t\t\t\t\t\t\t\t<input size=\"1\" type=\"email\" name=\"form_fields[email]\" id=\"form-field-email\" class=\"elementor-field elementor-size-sm  elementor-field-textual\" required=\"required\">\n\t\t\t\t\t\t\t\t\t\t\t<\/div>\n\t\t\t\t\t\t\t\t<div class=\"elementor-field-type-tel elementor-field-group elementor-column elementor-field-group-field_a11a9ac elementor-col-100 elementor-field-required\">\n\t\t\t\t\t\t\t\t\t\t\t\t<label for=\"form-field-field_a11a9ac\" class=\"elementor-field-label\">\n\t\t\t\t\t\t\t\tTelefonnummer\t\t\t\t\t\t\t<\/label>\n\t\t\t\t\t\t\t\t<input size=\"1\" type=\"tel\" name=\"form_fields[field_a11a9ac]\" id=\"form-field-field_a11a9ac\" class=\"elementor-field elementor-size-sm  elementor-field-textual\" required=\"required\" pattern=\"[0-9()#&amp;+*-=.]+\" title=\"Endast siffror och telefontecken (#, -, *, etc) accepteras.\">\n\n\t\t\t\t\t\t<\/div>\n\t\t\t\t\t\t\t\t<div class=\"elementor-field-type-textarea elementor-field-group elementor-column elementor-field-group-message elementor-col-100\">\n\t\t\t\t\t\t\t\t\t\t\t\t<label for=\"form-field-message\" class=\"elementor-field-label\">\n\t\t\t\t\t\t\t\tMeddelande\t\t\t\t\t\t\t<\/label>\n\t\t\t\t\t\t<textarea class=\"elementor-field-textual elementor-field  elementor-size-sm\" name=\"form_fields[message]\" id=\"form-field-message\" rows=\"4\"><\/textarea>\t\t\t\t<\/div>\n\t\t\t\t\t\t\t\t<div class=\"elementor-field-type-recaptcha_v3 elementor-field-group elementor-column elementor-field-group-field_183714b elementor-col-100 recaptcha_v3-bottomright\">\n\t\t\t\t\t<div class=\"elementor-field\" id=\"form-field-field_183714b\"><div class=\"elementor-g-recaptcha\" data-sitekey=\"6Lcw1BAiAAAAAFwGapPaiqSYRMrF4IFLocB3eTVX\" data-type=\"v3\" data-action=\"Form\" data-badge=\"bottomright\" data-size=\"invisible\"><\/div><\/div>\t\t\t\t<\/div>\n\t\t\t\t\t\t\t\t<div class=\"elementor-field-group elementor-column elementor-field-type-submit elementor-col-100 e-form__buttons\">\n\t\t\t\t\t<button class=\"elementor-button elementor-size-sm\" type=\"submit\">\n\t\t\t\t\t\t<span class=\"elementor-button-content-wrapper\">\n\t\t\t\t\t\t\t\t\t\t\t\t\t\t\t\t\t\t\t\t\t\t<span class=\"elementor-button-text\">Skicka<\/span>\n\t\t\t\t\t\t\t\t\t\t\t\t\t<\/span>\n\t\t\t\t\t<\/button>\n\t\t\t\t<\/div>\n\t\t\t<\/div>\n\t\t<\/form>\n\t\t\t\t\t\t<\/div>\n\t\t\t\t<\/div>\n\t\t\t\t\t<\/div>\n\t\t<\/div>\n\t\t\t\t\t<\/div>\n\t\t<\/section>\n\t\t\t\t<section class=\"elementor-section elementor-top-section elementor-element elementor-element-16b5047 elementor-section-boxed elementor-section-height-default elementor-section-height-default\" data-id=\"16b5047\" data-element_type=\"section\" data-e-type=\"section\" data-settings=\"{&quot;background_background&quot;:&quot;classic&quot;}\">\n\t\t\t\t\t\t<div class=\"elementor-container elementor-column-gap-default\">\n\t\t\t\t\t<div class=\"elementor-column elementor-col-100 elementor-top-column elementor-element elementor-element-95edf86\" data-id=\"95edf86\" data-element_type=\"column\" data-e-type=\"column\">\n\t\t\t<div class=\"elementor-widget-wrap elementor-element-populated\">\n\t\t\t\t\t\t<div class=\"elementor-element elementor-element-e55a91d elementor-widget elementor-widget-text-editor\" data-id=\"e55a91d\" data-element_type=\"widget\" data-e-type=\"widget\" data-widget_type=\"text-editor.default\">\n\t\t\t\t<div class=\"elementor-widget-container\">\n\t\t\t\t\t\t\t\t\t<h2>Referenser<\/h2><p>Se vad v\u00e5ra kunder s\u00e4ger om oss<\/p>\t\t\t\t\t\t\t\t<\/div>\n\t\t\t\t<\/div>\n\t\t\t\t<div class=\"elementor-element elementor-element-48bef35 elementor--star-style-star_unicode elementor-widget elementor-widget-global elementor-global-501740 elementor-widget-reviews\" data-id=\"48bef35\" data-element_type=\"widget\" data-e-type=\"widget\" data-settings=\"{&quot;slides_per_view&quot;:&quot;2&quot;,&quot;slides_per_view_mobile&quot;:&quot;1&quot;,&quot;space_between&quot;:{&quot;unit&quot;:&quot;px&quot;,&quot;size&quot;:20,&quot;sizes&quot;:[]},&quot;speed&quot;:500,&quot;space_between_tablet&quot;:{&quot;unit&quot;:&quot;px&quot;,&quot;size&quot;:10,&quot;sizes&quot;:[]},&quot;space_between_mobile&quot;:{&quot;unit&quot;:&quot;px&quot;,&quot;size&quot;:10,&quot;sizes&quot;:[]}}\" data-widget_type=\"reviews.default\">\n\t\t\t\t<div class=\"elementor-widget-container\">\n\t\t\t\t\t\t\t\t\t<div class=\"elementor-swiper\">\n\t\t\t\t\t<div class=\"elementor-main-swiper swiper\" role=\"region\" aria-roledescription=\"carousel\" aria-label=\"Slides\">\n\t\t\t\t<div class=\"swiper-wrapper\">\n\t\t\t\t\t\t\t\t\t\t\t<div class=\"swiper-slide\" role=\"group\" aria-roledescription=\"slide\">\n\t\t\t\t\t\t\t\t\t<div class=\"elementor-testimonial elementor-repeater-item-5e4b2f4\">\n\t\t\t\t\t\t\t<div class=\"elementor-testimonial__header\">\n\t\t\t\t\t\t\t\t\t\t\t<div class=\"elementor-testimonial__image\">\n\t\t\t\t\t\t\t<img decoding=\"async\" src=\"https:\/\/hexabyte.se\/wp-content\/uploads\/2022\/09\/ukf-icon.jpg\" alt=\"Anderas Wikedal\">\n\t\t\t\t\t\t\t\t\t\t\t\t\t<\/div>\n\t\t\t\t\t\t\t\t\t\t<cite class=\"elementor-testimonial__cite\"><span class=\"elementor-testimonial__name\">Anderas Wikedal<\/span><div class=\"elementor-star-rating\"><i class=\"elementor-star-full\">&#9734;<\/i><i class=\"elementor-star-full\">&#9734;<\/i><i class=\"elementor-star-full\">&#9734;<\/i><i class=\"elementor-star-full\">&#9734;<\/i><i class=\"elementor-star-full\">&#9734;<\/i><\/div><span class=\"elementor-testimonial__title\">Ekonom\/Administrat\u00f6r Ume\u00e5 Kommunf\u00f6retag AB<\/span><\/cite>\t\t\t\t\t<div class=\"elementor-testimonial__icon elementor-icon elementor-icon-\" aria-label=\"Read More\"><\/div>\t\t\t\t<\/div>\n\t\t\t\t\t\t\t\t\t\t<div class=\"elementor-testimonial__content\">\n\t\t\t\t\t<div class=\"elementor-testimonial__text\">\n\t\t\t\t\t\tVi l\u00e4t tillverka en ny hemsida i samband med nya krav p\u00e5 tillg\u00e4nglighetsanpassning. Vi \u00e4r n\u00f6jda med servicen och den personliga k\u00e4nslan som Palmberg lyckades f\u00f6rmedla n\u00e4r vi skapade v\u00e5r nya hemsida\t\t\t\t\t<\/div>\n\t\t\t\t<\/div>\n\t\t\t\t\t<\/div>\n\t\t\t\t\t\t\t\t<\/div>\n\t\t\t\t\t\t\t\t\t\t\t<div class=\"swiper-slide\" role=\"group\" aria-roledescription=\"slide\">\n\t\t\t\t\t\t\t\t\t<div class=\"elementor-testimonial elementor-repeater-item-c214890\">\n\t\t\t\t\t\t\t<div class=\"elementor-testimonial__header\">\n\t\t\t\t\t\t\t\t\t\t\t<div class=\"elementor-testimonial__image\">\n\t\t\t\t\t\t\t<img decoding=\"async\" src=\"https:\/\/hexabyte.se\/wp-content\/uploads\/2022\/09\/lena-ohlund-bic-factory.jpg\" alt=\"Lena \u00d6hlund\">\n\t\t\t\t\t\t\t\t\t\t\t\t\t<\/div>\n\t\t\t\t\t\t\t\t\t\t<cite class=\"elementor-testimonial__cite\"><span class=\"elementor-testimonial__name\">Lena \u00d6hlund<\/span><div class=\"elementor-star-rating\"><i class=\"elementor-star-full\">&#9734;<\/i><i class=\"elementor-star-full\">&#9734;<\/i><i class=\"elementor-star-full\">&#9734;<\/i><i class=\"elementor-star-full\">&#9734;<\/i><i class=\"elementor-star-full\">&#9734;<\/i><\/div><span class=\"elementor-testimonial__title\">Verksamhetsledare BIC Factory<\/span><\/cite>\t\t\t\t\t<div class=\"elementor-testimonial__icon elementor-icon elementor-icon-\" aria-label=\"Read More\"><\/div>\t\t\t\t<\/div>\n\t\t\t\t\t\t\t\t\t\t<div class=\"elementor-testimonial__content\">\n\t\t\t\t\t<div class=\"elementor-testimonial__text\">\n\t\t\t\t\t\tVi fick verkligen fram den k\u00e4nsla vi ville ha p\u00e5 hemsidan, Filip \u00e4r l\u00e4tt att jobba med. Vi \u00e4r s\u00e5 n\u00f6jda!\t\t\t\t\t<\/div>\n\t\t\t\t<\/div>\n\t\t\t\t\t<\/div>\n\t\t\t\t\t\t\t\t<\/div>\n\t\t\t\t\t\t\t\t\t<\/div>\n\t\t\t\t\t\t\t\t\t\t\t\t\t\t\t\t\t\t\t\t\t<\/div>\n\t\t\t\t<\/div>\n\t\t\t\t\t\t\t\t<\/div>\n\t\t\t\t<\/div>\n\t\t\t\t\t<\/div>\n\t\t<\/div>\n\t\t\t\t\t<\/div>\n\t\t<\/section>\n\t\t\t\t<\/div>\n\t\t","protected":false},"excerpt":{"rendered":"<p>Kontakta oss Vill du ta reda p\u00e5 om vi \u00e4r en bra match f\u00f6r att jobba tillsammans? Skicka ett meddelande s\u00e5 \u00e5terkommer vi s\u00e5 fort vi kan. Du kan ocks\u00e5 maila oss p\u00e5 support@hexabyte.se eller logga in p\u00e5 ditt cloud-konto och skapa ett support\u00e4rende. Filip Palmberg Utveckling &#038; projektledning filip@palmberg.io Referenser Se vad v\u00e5ra kunder [&hellip;]<\/p>\n","protected":false},"author":1,"featured_media":0,"parent":0,"menu_order":3,"comment_status":"closed","ping_status":"closed","template":"","meta":{"_acf_changed":false,"footnotes":""},"class_list":["post-500703","page","type-page","status-publish","hentry"],"acf":[],"yoast_head":"<!-- This site is optimized with the Yoast SEO plugin v27.3 - https:\/\/yoast.com\/product\/yoast-seo-wordpress\/ -->\n<title>Kontakta oss<\/title>\n<meta name=\"robots\" content=\"index, follow, max-snippet:-1, max-image-preview:large, max-video-preview:-1\" \/>\n<link rel=\"canonical\" href=\"https:\/\/hexabyte.se\/en\/kontakta-oss\/\" \/>\n<meta property=\"og:locale\" content=\"en_US\" \/>\n<meta property=\"og:type\" content=\"article\" \/>\n<meta property=\"og:title\" content=\"Kontakta oss\" \/>\n<meta property=\"og:description\" content=\"Kontakta oss Vill du ta reda p\u00e5 om vi \u00e4r en bra match f\u00f6r att jobba tillsammans? Skicka ett meddelande s\u00e5 \u00e5terkommer vi s\u00e5 fort vi kan. Du kan ocks\u00e5 maila oss p\u00e5 support@hexabyte.se eller logga in p\u00e5 ditt cloud-konto och skapa ett support\u00e4rende. Filip Palmberg Utveckling &#038; projektledning filip@palmberg.io Referenser Se vad v\u00e5ra kunder [&hellip;]\" \/>\n<meta property=\"og:url\" content=\"https:\/\/hexabyte.se\/en\/kontakta-oss\/\" \/>\n<meta property=\"og:site_name\" content=\"Hexabyte\" \/>\n<meta property=\"article:modified_time\" content=\"2024-01-15T09:53:24+00:00\" \/>\n<meta property=\"og:image\" content=\"https:\/\/hexabyte.se\/wp-content\/uploads\/2022\/09\/filip-palmberg-salj.jpg\" \/>\n<meta name=\"twitter:card\" content=\"summary_large_image\" \/>\n<meta name=\"twitter:label1\" content=\"Est. reading time\" \/>\n\t<meta name=\"twitter:data1\" content=\"2 minutes\" \/>\n<script type=\"application\/ld+json\" class=\"yoast-schema-graph\">{\"@context\":\"https:\\\/\\\/schema.org\",\"@graph\":[{\"@type\":[\"WebPage\",\"ContactPage\"],\"@id\":\"https:\\\/\\\/hexabyte.se\\\/kontakta-oss\\\/\",\"url\":\"https:\\\/\\\/hexabyte.se\\\/kontakta-oss\\\/\",\"name\":\"Kontakta oss\",\"isPartOf\":{\"@id\":\"https:\\\/\\\/hexabyte.se\\\/#website\"},\"primaryImageOfPage\":{\"@id\":\"https:\\\/\\\/hexabyte.se\\\/kontakta-oss\\\/#primaryimage\"},\"image\":{\"@id\":\"https:\\\/\\\/hexabyte.se\\\/kontakta-oss\\\/#primaryimage\"},\"thumbnailUrl\":\"https:\\\/\\\/hexabyte.se\\\/wp-content\\\/uploads\\\/2022\\\/09\\\/filip-palmberg-salj.jpg\",\"datePublished\":\"2022-01-13T11:50:58+00:00\",\"dateModified\":\"2024-01-15T09:53:24+00:00\",\"breadcrumb\":{\"@id\":\"https:\\\/\\\/hexabyte.se\\\/kontakta-oss\\\/#breadcrumb\"},\"inLanguage\":\"en-US\",\"potentialAction\":[{\"@type\":\"ReadAction\",\"target\":[\"https:\\\/\\\/hexabyte.se\\\/kontakta-oss\\\/\"]}]},{\"@type\":\"ImageObject\",\"inLanguage\":\"en-US\",\"@id\":\"https:\\\/\\\/hexabyte.se\\\/kontakta-oss\\\/#primaryimage\",\"url\":\"https:\\\/\\\/hexabyte.se\\\/wp-content\\\/uploads\\\/2022\\\/09\\\/filip-palmberg-salj.jpg\",\"contentUrl\":\"https:\\\/\\\/hexabyte.se\\\/wp-content\\\/uploads\\\/2022\\\/09\\\/filip-palmberg-salj.jpg\"},{\"@type\":\"BreadcrumbList\",\"@id\":\"https:\\\/\\\/hexabyte.se\\\/kontakta-oss\\\/#breadcrumb\",\"itemListElement\":[{\"@type\":\"ListItem\",\"position\":1,\"name\":\"Hem\",\"item\":\"https:\\\/\\\/hexabyte.se\\\/\"},{\"@type\":\"ListItem\",\"position\":2,\"name\":\"Kontakta oss\"}]},{\"@type\":\"WebSite\",\"@id\":\"https:\\\/\\\/hexabyte.se\\\/#website\",\"url\":\"https:\\\/\\\/hexabyte.se\\\/\",\"name\":\"Hexabyte\",\"description\":\"Serverl\u00f6sningar\",\"publisher\":{\"@id\":\"https:\\\/\\\/hexabyte.se\\\/#organization\"},\"potentialAction\":[{\"@type\":\"SearchAction\",\"target\":{\"@type\":\"EntryPoint\",\"urlTemplate\":\"https:\\\/\\\/hexabyte.se\\\/?s={search_term_string}\"},\"query-input\":{\"@type\":\"PropertyValueSpecification\",\"valueRequired\":true,\"valueName\":\"search_term_string\"}}],\"inLanguage\":\"en-US\"},{\"@type\":\"Organization\",\"@id\":\"https:\\\/\\\/hexabyte.se\\\/#organization\",\"name\":\"Hexabyte AB\",\"url\":\"https:\\\/\\\/hexabyte.se\\\/\",\"logo\":{\"@type\":\"ImageObject\",\"inLanguage\":\"en-US\",\"@id\":\"https:\\\/\\\/hexabyte.se\\\/#\\\/schema\\\/logo\\\/image\\\/\",\"url\":\"https:\\\/\\\/hexabyte.se\\\/wp-content\\\/uploads\\\/2023\\\/12\\\/hexabyte-clear.svg\",\"contentUrl\":\"https:\\\/\\\/hexabyte.se\\\/wp-content\\\/uploads\\\/2023\\\/12\\\/hexabyte-clear.svg\",\"width\":318,\"height\":57,\"caption\":\"Hexabyte AB\"},\"image\":{\"@id\":\"https:\\\/\\\/hexabyte.se\\\/#\\\/schema\\\/logo\\\/image\\\/\"}}]}<\/script>\n<!-- \/ Yoast SEO plugin. -->","yoast_head_json":{"title":"Contact Us","robots":{"index":"index","follow":"follow","max-snippet":"max-snippet:-1","max-image-preview":"max-image-preview:large","max-video-preview":"max-video-preview:-1"},"canonical":"https:\/\/hexabyte.se\/en\/kontakta-oss\/","og_locale":"en_US","og_type":"article","og_title":"Kontakta oss","og_description":"Kontakta oss Vill du ta reda p\u00e5 om vi \u00e4r en bra match f\u00f6r att jobba tillsammans? Skicka ett meddelande s\u00e5 \u00e5terkommer vi s\u00e5 fort vi kan. Du kan ocks\u00e5 maila oss p\u00e5 support@hexabyte.se eller logga in p\u00e5 ditt cloud-konto och skapa ett support\u00e4rende. Filip Palmberg Utveckling &#038; projektledning filip@palmberg.io Referenser Se vad v\u00e5ra kunder [&hellip;]","og_url":"https:\/\/hexabyte.se\/en\/kontakta-oss\/","og_site_name":"Hexabyte","article_modified_time":"2024-01-15T09:53:24+00:00","og_image":[{"url":"https:\/\/hexabyte.se\/wp-content\/uploads\/2022\/09\/filip-palmberg-salj.jpg","type":"","width":"","height":""}],"twitter_card":"summary_large_image","twitter_misc":{"Est. reading time":"2 minutes"},"schema":{"@context":"https:\/\/schema.org","@graph":[{"@type":["WebPage","ContactPage"],"@id":"https:\/\/hexabyte.se\/kontakta-oss\/","url":"https:\/\/hexabyte.se\/kontakta-oss\/","name":"Contact Us","isPartOf":{"@id":"https:\/\/hexabyte.se\/#website"},"primaryImageOfPage":{"@id":"https:\/\/hexabyte.se\/kontakta-oss\/#primaryimage"},"image":{"@id":"https:\/\/hexabyte.se\/kontakta-oss\/#primaryimage"},"thumbnailUrl":"https:\/\/hexabyte.se\/wp-content\/uploads\/2022\/09\/filip-palmberg-salj.jpg","datePublished":"2022-01-13T11:50:58+00:00","dateModified":"2024-01-15T09:53:24+00:00","breadcrumb":{"@id":"https:\/\/hexabyte.se\/kontakta-oss\/#breadcrumb"},"inLanguage":"en-US","potentialAction":[{"@type":"ReadAction","target":["https:\/\/hexabyte.se\/kontakta-oss\/"]}]},{"@type":"ImageObject","inLanguage":"en-US","@id":"https:\/\/hexabyte.se\/kontakta-oss\/#primaryimage","url":"https:\/\/hexabyte.se\/wp-content\/uploads\/2022\/09\/filip-palmberg-salj.jpg","contentUrl":"https:\/\/hexabyte.se\/wp-content\/uploads\/2022\/09\/filip-palmberg-salj.jpg"},{"@type":"BreadcrumbList","@id":"https:\/\/hexabyte.se\/kontakta-oss\/#breadcrumb","itemListElement":[{"@type":"ListItem","position":1,"name":"Hem","item":"https:\/\/hexabyte.se\/"},{"@type":"ListItem","position":2,"name":"Kontakta oss"}]},{"@type":"WebSite","@id":"https:\/\/hexabyte.se\/#website","url":"https:\/\/hexabyte.se\/","name":"Hexabytes","description":"Server solutions","publisher":{"@id":"https:\/\/hexabyte.se\/#organization"},"potentialAction":[{"@type":"SearchAction","target":{"@type":"EntryPoint","urlTemplate":"https:\/\/hexabyte.se\/?s={search_term_string}"},"query-input":{"@type":"PropertyValueSpecification","valueRequired":true,"valueName":"search_term_string"}}],"inLanguage":"en-US"},{"@type":"Organization","@id":"https:\/\/hexabyte.se\/#organization","name":"Hexabyte AB","url":"https:\/\/hexabyte.se\/","logo":{"@type":"ImageObject","inLanguage":"en-US","@id":"https:\/\/hexabyte.se\/#\/schema\/logo\/image\/","url":"https:\/\/hexabyte.se\/wp-content\/uploads\/2023\/12\/hexabyte-clear.svg","contentUrl":"https:\/\/hexabyte.se\/wp-content\/uploads\/2023\/12\/hexabyte-clear.svg","width":318,"height":57,"caption":"Hexabyte AB"},"image":{"@id":"https:\/\/hexabyte.se\/#\/schema\/logo\/image\/"}}]}},"_links":{"self":[{"href":"https:\/\/hexabyte.se\/en\/wp-json\/wp\/v2\/pages\/500703","targetHints":{"allow":["GET"]}}],"collection":[{"href":"https:\/\/hexabyte.se\/en\/wp-json\/wp\/v2\/pages"}],"about":[{"href":"https:\/\/hexabyte.se\/en\/wp-json\/wp\/v2\/types\/page"}],"author":[{"embeddable":true,"href":"https:\/\/hexabyte.se\/en\/wp-json\/wp\/v2\/users\/1"}],"replies":[{"embeddable":true,"href":"https:\/\/hexabyte.se\/en\/wp-json\/wp\/v2\/comments?post=500703"}],"version-history":[{"count":68,"href":"https:\/\/hexabyte.se\/en\/wp-json\/wp\/v2\/pages\/500703\/revisions"}],"predecessor-version":[{"id":503186,"href":"https:\/\/hexabyte.se\/en\/wp-json\/wp\/v2\/pages\/500703\/revisions\/503186"}],"wp:attachment":[{"href":"https:\/\/hexabyte.se\/en\/wp-json\/wp\/v2\/media?parent=500703"}],"curies":[{"name":"wp","href":"https:\/\/api.w.org\/{rel}","templated":true}]}}