{"id":500929,"date":"2022-01-14T13:49:42","date_gmt":"2022-01-14T12:49:42","guid":{"rendered":"https:\/\/palmberg.io\/?page_id=500929"},"modified":"2024-04-04T12:41:53","modified_gmt":"2024-04-04T10:41:53","slug":"integritetspolicy","status":"publish","type":"page","link":"https:\/\/hexabyte.se\/en\/integritetspolicy\/","title":{"rendered":"Privacy Policy"},"content":{"rendered":"<h2 class=\"wp-block-heading\">Who are we<\/h2>\n\n\n\n<p>Our website address is: https:\/\/hexabyte.se and the company behind the website is Hexabyte AB.<\/p>\n\n\n\n<h2 class=\"wp-block-heading\">Cookie files<\/h2>\n\n\n\n<p>We use cookies that can track you as a visitor to our website. See our <a href=\"\/en\/cookiepolicy\/\">cookie policy<\/a> for information about which cookies we use, and how we use them.<\/p>\n\n\n\n<h2 class=\"wp-block-heading\">Embedded content from other websites<\/h2>\n\n\n\n<p>Subpages and posts on this website may contain embedded content (for example, videos, images, articles, etc.). Embedded content from other websites behaves exactly the same as if the visitor has visited the other website.<\/p>\n\n\n\n<p>These websites may collect information about you, use cookies, embed additional third-party tracking and monitor your interaction with said embedded content, including tracking your interaction with this embedded content if you have an account and are logged into the website in question.<\/p>\n\n\n\n<h2 class=\"wp-block-heading\">Who we share your data with<\/h2>\n\n\n\n<p>We do not share personal data with third parties without consent from users.<\/p>\n\n\n\n<h2 class=\"wp-block-heading\">How long we keep your data<\/h2>\n\n\n\n<p>We only save personal data from the website that we have to save for administrative, legal or security purposes. Personal data that the user has agreed to share with us is saved until further notice in order to conduct our business.<\/p>\n\n\n\n<h2 class=\"wp-block-heading\">What rights you have over your data<\/h2>\n\n\n\n<p>If you have an account or have posted any comments on this website, you can request an export file of the personal data we hold about you, including any information you have provided to us. You can also request that we delete all personal data we have about you. This does not include any data that we are required to save for administrative, legal or security purposes.<\/p>\n\n\n\n<h2 class=\"wp-block-heading\">Where we send your data<\/h2>\n\n\n\n<p>Visitor comments may be checked through an automated spam detection service. Data about how visitors use our website is sent to a service that compiles the data. Administrators of this website access this data.<\/p>\n\n\n\n<h2 class=\"wp-block-heading\">Contact Us<\/h2>\n\n\n\n<p>Responsible for privacy issues is Filip Palmberg, see <a href=\"\/en\/kontakta-oss\/\">Contact Us<\/a>.<\/p>","protected":false},"excerpt":{"rendered":"<p>Vilka vi \u00e4r V\u00e5r webbplatsadress \u00e4r: https:\/\/hexabyte.se och f\u00f6retaget bakom webbplatsen \u00e4r Hexabyte AB. Cookie-filer Vi anv\u00e4nder cookies som kan sp\u00e5ra dig som bes\u00f6kare p\u00e5 v\u00e5r hemsida. Se v\u00e5r cookiepolicy f\u00f6r information om vilka cookies vi anv\u00e4nder, och hur vi anv\u00e4nder dem. Inb\u00e4ddad inneh\u00e5ll fr\u00e5n andra webbplatser Undersidor och inl\u00e4gg p\u00e5 denna webbplats kan inneh\u00e5lla [&hellip;]<\/p>\n","protected":false},"author":1,"featured_media":0,"parent":0,"menu_order":99,"comment_status":"closed","ping_status":"closed","template":"","meta":{"_acf_changed":false,"footnotes":""},"class_list":["post-500929","page","type-page","status-publish","hentry"],"acf":[],"yoast_head":"<!-- This site is optimized with the Yoast SEO plugin v27.3 - https:\/\/yoast.com\/product\/yoast-seo-wordpress\/ -->\n<title>Integritetspolicy<\/title>\n<meta name=\"robots\" content=\"index, follow, max-snippet:-1, max-image-preview:large, max-video-preview:-1\" \/>\n<link rel=\"canonical\" href=\"https:\/\/hexabyte.se\/en\/integritetspolicy\/\" \/>\n<meta property=\"og:locale\" content=\"en_US\" \/>\n<meta property=\"og:type\" content=\"article\" \/>\n<meta property=\"og:title\" content=\"Integritetspolicy\" \/>\n<meta property=\"og:description\" content=\"Vilka vi \u00e4r V\u00e5r webbplatsadress \u00e4r: https:\/\/hexabyte.se och f\u00f6retaget bakom webbplatsen \u00e4r Hexabyte AB. Cookie-filer Vi anv\u00e4nder cookies som kan sp\u00e5ra dig som bes\u00f6kare p\u00e5 v\u00e5r hemsida. Se v\u00e5r cookiepolicy f\u00f6r information om vilka cookies vi anv\u00e4nder, och hur vi anv\u00e4nder dem. Inb\u00e4ddad inneh\u00e5ll fr\u00e5n andra webbplatser Undersidor och inl\u00e4gg p\u00e5 denna webbplats kan inneh\u00e5lla [&hellip;]\" \/>\n<meta property=\"og:url\" content=\"https:\/\/hexabyte.se\/en\/integritetspolicy\/\" \/>\n<meta property=\"og:site_name\" content=\"Hexabyte\" \/>\n<meta property=\"article:modified_time\" content=\"2024-04-04T10:41:53+00:00\" \/>\n<meta name=\"twitter:card\" content=\"summary_large_image\" \/>\n<meta name=\"twitter:label1\" content=\"Est. reading time\" \/>\n\t<meta name=\"twitter:data1\" content=\"2 minutes\" \/>\n<script type=\"application\/ld+json\" class=\"yoast-schema-graph\">{\"@context\":\"https:\\\/\\\/schema.org\",\"@graph\":[{\"@type\":\"WebPage\",\"@id\":\"https:\\\/\\\/hexabyte.se\\\/integritetspolicy\\\/\",\"url\":\"https:\\\/\\\/hexabyte.se\\\/integritetspolicy\\\/\",\"name\":\"Integritetspolicy\",\"isPartOf\":{\"@id\":\"https:\\\/\\\/hexabyte.se\\\/#website\"},\"datePublished\":\"2022-01-14T12:49:42+00:00\",\"dateModified\":\"2024-04-04T10:41:53+00:00\",\"breadcrumb\":{\"@id\":\"https:\\\/\\\/hexabyte.se\\\/integritetspolicy\\\/#breadcrumb\"},\"inLanguage\":\"en-US\",\"potentialAction\":[{\"@type\":\"ReadAction\",\"target\":[\"https:\\\/\\\/hexabyte.se\\\/integritetspolicy\\\/\"]}]},{\"@type\":\"BreadcrumbList\",\"@id\":\"https:\\\/\\\/hexabyte.se\\\/integritetspolicy\\\/#breadcrumb\",\"itemListElement\":[{\"@type\":\"ListItem\",\"position\":1,\"name\":\"Hem\",\"item\":\"https:\\\/\\\/hexabyte.se\\\/\"},{\"@type\":\"ListItem\",\"position\":2,\"name\":\"Integritetspolicy\"}]},{\"@type\":\"WebSite\",\"@id\":\"https:\\\/\\\/hexabyte.se\\\/#website\",\"url\":\"https:\\\/\\\/hexabyte.se\\\/\",\"name\":\"Hexabyte\",\"description\":\"Serverl\u00f6sningar\",\"publisher\":{\"@id\":\"https:\\\/\\\/hexabyte.se\\\/#organization\"},\"potentialAction\":[{\"@type\":\"SearchAction\",\"target\":{\"@type\":\"EntryPoint\",\"urlTemplate\":\"https:\\\/\\\/hexabyte.se\\\/?s={search_term_string}\"},\"query-input\":{\"@type\":\"PropertyValueSpecification\",\"valueRequired\":true,\"valueName\":\"search_term_string\"}}],\"inLanguage\":\"en-US\"},{\"@type\":\"Organization\",\"@id\":\"https:\\\/\\\/hexabyte.se\\\/#organization\",\"name\":\"Hexabyte AB\",\"url\":\"https:\\\/\\\/hexabyte.se\\\/\",\"logo\":{\"@type\":\"ImageObject\",\"inLanguage\":\"en-US\",\"@id\":\"https:\\\/\\\/hexabyte.se\\\/#\\\/schema\\\/logo\\\/image\\\/\",\"url\":\"https:\\\/\\\/hexabyte.se\\\/wp-content\\\/uploads\\\/2023\\\/12\\\/hexabyte-clear.svg\",\"contentUrl\":\"https:\\\/\\\/hexabyte.se\\\/wp-content\\\/uploads\\\/2023\\\/12\\\/hexabyte-clear.svg\",\"width\":318,\"height\":57,\"caption\":\"Hexabyte AB\"},\"image\":{\"@id\":\"https:\\\/\\\/hexabyte.se\\\/#\\\/schema\\\/logo\\\/image\\\/\"}}]}<\/script>\n<!-- \/ Yoast SEO plugin. -->","yoast_head_json":{"title":"Privacy Policy","robots":{"index":"index","follow":"follow","max-snippet":"max-snippet:-1","max-image-preview":"max-image-preview:large","max-video-preview":"max-video-preview:-1"},"canonical":"https:\/\/hexabyte.se\/en\/integritetspolicy\/","og_locale":"en_US","og_type":"article","og_title":"Integritetspolicy","og_description":"Vilka vi \u00e4r V\u00e5r webbplatsadress \u00e4r: https:\/\/hexabyte.se och f\u00f6retaget bakom webbplatsen \u00e4r Hexabyte AB. Cookie-filer Vi anv\u00e4nder cookies som kan sp\u00e5ra dig som bes\u00f6kare p\u00e5 v\u00e5r hemsida. Se v\u00e5r cookiepolicy f\u00f6r information om vilka cookies vi anv\u00e4nder, och hur vi anv\u00e4nder dem. Inb\u00e4ddad inneh\u00e5ll fr\u00e5n andra webbplatser Undersidor och inl\u00e4gg p\u00e5 denna webbplats kan inneh\u00e5lla [&hellip;]","og_url":"https:\/\/hexabyte.se\/en\/integritetspolicy\/","og_site_name":"Hexabyte","article_modified_time":"2024-04-04T10:41:53+00:00","twitter_card":"summary_large_image","twitter_misc":{"Est. reading time":"2 minutes"},"schema":{"@context":"https:\/\/schema.org","@graph":[{"@type":"WebPage","@id":"https:\/\/hexabyte.se\/integritetspolicy\/","url":"https:\/\/hexabyte.se\/integritetspolicy\/","name":"Privacy Policy","isPartOf":{"@id":"https:\/\/hexabyte.se\/#website"},"datePublished":"2022-01-14T12:49:42+00:00","dateModified":"2024-04-04T10:41:53+00:00","breadcrumb":{"@id":"https:\/\/hexabyte.se\/integritetspolicy\/#breadcrumb"},"inLanguage":"en-US","potentialAction":[{"@type":"ReadAction","target":["https:\/\/hexabyte.se\/integritetspolicy\/"]}]},{"@type":"BreadcrumbList","@id":"https:\/\/hexabyte.se\/integritetspolicy\/#breadcrumb","itemListElement":[{"@type":"ListItem","position":1,"name":"Hem","item":"https:\/\/hexabyte.se\/"},{"@type":"ListItem","position":2,"name":"Integritetspolicy"}]},{"@type":"WebSite","@id":"https:\/\/hexabyte.se\/#website","url":"https:\/\/hexabyte.se\/","name":"Hexabytes","description":"Server solutions","publisher":{"@id":"https:\/\/hexabyte.se\/#organization"},"potentialAction":[{"@type":"SearchAction","target":{"@type":"EntryPoint","urlTemplate":"https:\/\/hexabyte.se\/?s={search_term_string}"},"query-input":{"@type":"PropertyValueSpecification","valueRequired":true,"valueName":"search_term_string"}}],"inLanguage":"en-US"},{"@type":"Organization","@id":"https:\/\/hexabyte.se\/#organization","name":"Hexabyte AB","url":"https:\/\/hexabyte.se\/","logo":{"@type":"ImageObject","inLanguage":"en-US","@id":"https:\/\/hexabyte.se\/#\/schema\/logo\/image\/","url":"https:\/\/hexabyte.se\/wp-content\/uploads\/2023\/12\/hexabyte-clear.svg","contentUrl":"https:\/\/hexabyte.se\/wp-content\/uploads\/2023\/12\/hexabyte-clear.svg","width":318,"height":57,"caption":"Hexabyte AB"},"image":{"@id":"https:\/\/hexabyte.se\/#\/schema\/logo\/image\/"}}]}},"_links":{"self":[{"href":"https:\/\/hexabyte.se\/en\/wp-json\/wp\/v2\/pages\/500929","targetHints":{"allow":["GET"]}}],"collection":[{"href":"https:\/\/hexabyte.se\/en\/wp-json\/wp\/v2\/pages"}],"about":[{"href":"https:\/\/hexabyte.se\/en\/wp-json\/wp\/v2\/types\/page"}],"author":[{"embeddable":true,"href":"https:\/\/hexabyte.se\/en\/wp-json\/wp\/v2\/users\/1"}],"replies":[{"embeddable":true,"href":"https:\/\/hexabyte.se\/en\/wp-json\/wp\/v2\/comments?post=500929"}],"version-history":[{"count":2,"href":"https:\/\/hexabyte.se\/en\/wp-json\/wp\/v2\/pages\/500929\/revisions"}],"predecessor-version":[{"id":503941,"href":"https:\/\/hexabyte.se\/en\/wp-json\/wp\/v2\/pages\/500929\/revisions\/503941"}],"wp:attachment":[{"href":"https:\/\/hexabyte.se\/en\/wp-json\/wp\/v2\/media?parent=500929"}],"curies":[{"name":"wp","href":"https:\/\/api.w.org\/{rel}","templated":true}]}}