{"id":501296,"date":"2022-09-04T10:33:49","date_gmt":"2022-09-04T08:33:49","guid":{"rendered":"https:\/\/palmberg.io\/?page_id=501296"},"modified":"2024-04-04T12:44:00","modified_gmt":"2024-04-04T10:44:00","slug":"karriar","status":"publish","type":"page","link":"https:\/\/hexabyte.se\/en\/karriar\/","title":{"rendered":"Career"},"content":{"rendered":"<div data-elementor-type=\"wp-page\" data-elementor-id=\"501296\" class=\"elementor elementor-501296\" data-elementor-post-type=\"page\">\n\t\t\t\t\t\t<section class=\"elementor-section elementor-top-section elementor-element elementor-element-d194aa3 elementor-section-boxed elementor-section-height-default elementor-section-height-default\" data-id=\"d194aa3\" data-element_type=\"section\" data-e-type=\"section\" data-settings=\"{&quot;background_background&quot;:&quot;classic&quot;}\">\n\t\t\t\t\t\t<div class=\"elementor-container elementor-column-gap-default\">\n\t\t\t\t\t<div class=\"elementor-column elementor-col-50 elementor-top-column elementor-element elementor-element-32b8dac\" data-id=\"32b8dac\" data-element_type=\"column\" data-e-type=\"column\">\n\t\t\t<div class=\"elementor-widget-wrap elementor-element-populated\">\n\t\t\t\t\t\t<div class=\"elementor-element elementor-element-39bf042 elementor-widget elementor-widget-heading\" data-id=\"39bf042\" data-element_type=\"widget\" data-e-type=\"widget\" data-widget_type=\"heading.default\">\n\t\t\t\t<div class=\"elementor-widget-container\">\n\t\t\t\t\t<h1 class=\"elementor-heading-title elementor-size-default\">Career<\/h1>\t\t\t\t<\/div>\n\t\t\t\t<\/div>\n\t\t\t\t<div class=\"elementor-element elementor-element-ce98530 elementor-widget elementor-widget-text-editor\" data-id=\"ce98530\" data-element_type=\"widget\" data-e-type=\"widget\" data-widget_type=\"text-editor.default\">\n\t\t\t\t<div class=\"elementor-widget-container\">\n\t\t\t\t\t\t\t\t\t<p>Are you a good server admin or a great salesperson? We are looking for new stars who want to join our journey.<\/p><p>Send in a spontaneous application with CV and cover letter to Filip at filip@hexabyte.se<\/p>\t\t\t\t\t\t\t\t<\/div>\n\t\t\t\t<\/div>\n\t\t\t\t<div class=\"elementor-element elementor-element-d570c85 elementor-hidden-desktop elementor-hidden-tablet elementor-hidden-mobile elementor-widget elementor-widget-heading\" data-id=\"d570c85\" data-element_type=\"widget\" data-e-type=\"widget\" data-widget_type=\"heading.default\">\n\t\t\t\t<div class=\"elementor-widget-container\">\n\t\t\t\t\t<h2 class=\"elementor-heading-title elementor-size-default\">Right now we are looking<\/h2>\t\t\t\t<\/div>\n\t\t\t\t<\/div>\n\t\t\t\t<div class=\"elementor-element elementor-element-d1e9de3 elementor-hidden-desktop elementor-hidden-tablet elementor-hidden-mobile elementor-widget elementor-widget-button\" data-id=\"d1e9de3\" data-element_type=\"widget\" data-e-type=\"widget\" data-widget_type=\"button.default\">\n\t\t\t\t<div class=\"elementor-widget-container\">\n\t\t\t\t\t\t\t\t\t<div class=\"elementor-button-wrapper\">\n\t\t\t\t\t<a class=\"elementor-button elementor-button-link elementor-size-md\" href=\"https:\/\/hexabyte.se\/en\/karriar\/b2b-saljare-och-kundansvarig-webb-seo\/\">\n\t\t\t\t\t\t<span class=\"elementor-button-content-wrapper\">\n\t\t\t\t\t\t<span class=\"elementor-button-icon\">\n\t\t\t\t<i aria-hidden=\"true\" class=\"fas fa-arrow-right\"><\/i>\t\t\t<\/span>\n\t\t\t\t\t\t\t\t\t<span class=\"elementor-button-text\">B2B salesperson and customer manager<\/span>\n\t\t\t\t\t<\/span>\n\t\t\t\t\t<\/a>\n\t\t\t\t<\/div>\n\t\t\t\t\t\t\t\t<\/div>\n\t\t\t\t<\/div>\n\t\t\t\t\t<\/div>\n\t\t<\/div>\n\t\t\t\t<div class=\"elementor-column elementor-col-50 elementor-top-column elementor-element elementor-element-9df770c\" data-id=\"9df770c\" data-element_type=\"column\" data-e-type=\"column\">\n\t\t\t<div class=\"elementor-widget-wrap elementor-element-populated\">\n\t\t\t\t\t\t<div class=\"elementor-element elementor-element-a3f8f2b elementor-widget elementor-widget-image\" data-id=\"a3f8f2b\" data-element_type=\"widget\" data-e-type=\"widget\" data-widget_type=\"image.default\">\n\t\t\t\t<div class=\"elementor-widget-container\">\n\t\t\t\t\t\t\t\t\t\t\t\t\t\t\t<img fetchpriority=\"high\" decoding=\"async\" width=\"800\" height=\"520\" src=\"https:\/\/hexabyte.se\/wp-content\/uploads\/2022\/08\/filip-palmberg-umea-e1661364585859.jpg\" class=\"attachment-large size-large wp-image-501123\" alt=\"Portr\u00e4tt p\u00e5 Filip Palmbergs webbyr\u00e5 i Ume\u00e5\" srcset=\"https:\/\/hexabyte.se\/wp-content\/uploads\/2022\/08\/filip-palmberg-umea-e1661364585859.jpg 1024w, https:\/\/hexabyte.se\/wp-content\/uploads\/2022\/08\/filip-palmberg-umea-e1661364585859-385x250.jpg 385w, https:\/\/hexabyte.se\/wp-content\/uploads\/2022\/08\/filip-palmberg-umea-e1661364585859-768x499.jpg 768w\" sizes=\"(max-width: 800px) 100vw, 800px\" \/>\t\t\t\t\t\t\t\t\t\t\t\t\t\t\t<\/div>\n\t\t\t\t<\/div>\n\t\t\t\t\t<\/div>\n\t\t<\/div>\n\t\t\t\t\t<\/div>\n\t\t<\/section>\n\t\t\t\t<section class=\"elementor-section elementor-top-section elementor-element elementor-element-863da8e elementor-section-boxed elementor-section-height-default elementor-section-height-default\" data-id=\"863da8e\" data-element_type=\"section\" data-e-type=\"section\" data-settings=\"{&quot;background_background&quot;:&quot;classic&quot;}\">\n\t\t\t\t\t\t<div class=\"elementor-container elementor-column-gap-default\">\n\t\t\t\t\t<div class=\"elementor-column elementor-col-100 elementor-top-column elementor-element elementor-element-e2bed97\" data-id=\"e2bed97\" data-element_type=\"column\" data-e-type=\"column\">\n\t\t\t<div class=\"elementor-widget-wrap elementor-element-populated\">\n\t\t\t\t\t\t<div class=\"elementor-element elementor-element-e08d497 elementor-widget elementor-widget-heading\" data-id=\"e08d497\" data-element_type=\"widget\" data-e-type=\"widget\" data-widget_type=\"heading.default\">\n\t\t\t\t<div class=\"elementor-widget-container\">\n\t\t\t\t\t<h2 class=\"elementor-heading-title elementor-size-default\">Why work with us?<\/h2>\t\t\t\t<\/div>\n\t\t\t\t<\/div>\n\t\t\t\t<div class=\"elementor-element elementor-element-e3d4745 elementor-widget__width-initial elementor-view-default elementor-position-block-start elementor-mobile-position-block-start elementor-widget elementor-widget-icon-box\" data-id=\"e3d4745\" data-element_type=\"widget\" data-e-type=\"widget\" data-widget_type=\"icon-box.default\">\n\t\t\t\t<div class=\"elementor-widget-container\">\n\t\t\t\t\t\t\t<div class=\"elementor-icon-box-wrapper\">\n\n\t\t\t\t\t\t<div class=\"elementor-icon-box-icon\">\n\t\t\t\t<span  class=\"elementor-icon\">\n\t\t\t\t<i aria-hidden=\"true\" class=\"far fa-hand-peace\"><\/i>\t\t\t\t<\/span>\n\t\t\t<\/div>\n\t\t\t\n\t\t\t\t\t\t<div class=\"elementor-icon-box-content\">\n\n\t\t\t\t\t\t\t\t\t<h3 class=\"elementor-icon-box-title\">\n\t\t\t\t\t\t<span  >\n\t\t\t\t\t\t\tJoin us and build a winning team \t\t\t\t\t\t<\/span>\n\t\t\t\t\t<\/h3>\n\t\t\t\t\n\t\t\t\t\t\t\t\t\t<p class=\"elementor-icon-box-description\">\n\t\t\t\t\t\tWe do work we are proud of and find fun. Fun tasks create a good workplace.\t\t\t\t\t<\/p>\n\t\t\t\t\n\t\t\t<\/div>\n\t\t\t\n\t\t<\/div>\n\t\t\t\t\t\t<\/div>\n\t\t\t\t<\/div>\n\t\t\t\t<div class=\"elementor-element elementor-element-8a2dee0 elementor-widget__width-initial elementor-view-default elementor-position-block-start elementor-mobile-position-block-start elementor-widget elementor-widget-icon-box\" data-id=\"8a2dee0\" data-element_type=\"widget\" data-e-type=\"widget\" data-widget_type=\"icon-box.default\">\n\t\t\t\t<div class=\"elementor-widget-container\">\n\t\t\t\t\t\t\t<div class=\"elementor-icon-box-wrapper\">\n\n\t\t\t\t\t\t<div class=\"elementor-icon-box-icon\">\n\t\t\t\t<span  class=\"elementor-icon\">\n\t\t\t\t<i aria-hidden=\"true\" class=\"fas fa-user-clock\"><\/i>\t\t\t\t<\/span>\n\t\t\t<\/div>\n\t\t\t\n\t\t\t\t\t\t<div class=\"elementor-icon-box-content\">\n\n\t\t\t\t\t\t\t\t\t<h3 class=\"elementor-icon-box-title\">\n\t\t\t\t\t\t<span  >\n\t\t\t\t\t\t\tFreedom with responsibility\t\t\t\t\t\t<\/span>\n\t\t\t\t\t<\/h3>\n\t\t\t\t\n\t\t\t\t\t\t\t\t\t<p class=\"elementor-icon-box-description\">\n\t\t\t\t\t\tWe are good at flexing and adapting our working hours to our own lives. On Fridays we sometimes go home a little earlier than everyone else.\t\t\t\t\t<\/p>\n\t\t\t\t\n\t\t\t<\/div>\n\t\t\t\n\t\t<\/div>\n\t\t\t\t\t\t<\/div>\n\t\t\t\t<\/div>\n\t\t\t\t<div class=\"elementor-element elementor-element-5b9340f elementor-widget__width-initial elementor-view-default elementor-position-block-start elementor-mobile-position-block-start elementor-widget elementor-widget-icon-box\" data-id=\"5b9340f\" data-element_type=\"widget\" data-e-type=\"widget\" data-widget_type=\"icon-box.default\">\n\t\t\t\t<div class=\"elementor-widget-container\">\n\t\t\t\t\t\t\t<div class=\"elementor-icon-box-wrapper\">\n\n\t\t\t\t\t\t<div class=\"elementor-icon-box-icon\">\n\t\t\t\t<span  class=\"elementor-icon\">\n\t\t\t\t<i aria-hidden=\"true\" class=\"far fa-building\"><\/i>\t\t\t\t<\/span>\n\t\t\t<\/div>\n\t\t\t\n\t\t\t\t\t\t<div class=\"elementor-icon-box-content\">\n\n\t\t\t\t\t\t\t\t\t<h3 class=\"elementor-icon-box-title\">\n\t\t\t\t\t\t<span  >\n\t\t\t\t\t\t\tOffice in Ume\u00e5\t\t\t\t\t\t<\/span>\n\t\t\t\t\t<\/h3>\n\t\t\t\t\n\t\t\t\t\t\t\t\t\t<p class=\"elementor-icon-box-description\">\n\t\t\t\t\t\tOur office is located in Ume\u00e5, very easy to get to and from via bus, bicycle or other vehicle of your choice.\t\t\t\t\t<\/p>\n\t\t\t\t\n\t\t\t<\/div>\n\t\t\t\n\t\t<\/div>\n\t\t\t\t\t\t<\/div>\n\t\t\t\t<\/div>\n\t\t\t\t<div class=\"elementor-element elementor-element-d99497d elementor-widget__width-initial elementor-view-default elementor-position-block-start elementor-mobile-position-block-start elementor-widget elementor-widget-icon-box\" data-id=\"d99497d\" data-element_type=\"widget\" data-e-type=\"widget\" data-widget_type=\"icon-box.default\">\n\t\t\t\t<div class=\"elementor-widget-container\">\n\t\t\t\t\t\t\t<div class=\"elementor-icon-box-wrapper\">\n\n\t\t\t\t\t\t<div class=\"elementor-icon-box-icon\">\n\t\t\t\t<span  class=\"elementor-icon\">\n\t\t\t\t<i aria-hidden=\"true\" class=\"fas fa-coffee\"><\/i>\t\t\t\t<\/span>\n\t\t\t<\/div>\n\t\t\t\n\t\t\t\t\t\t<div class=\"elementor-icon-box-content\">\n\n\t\t\t\t\t\t\t\t\t<h3 class=\"elementor-icon-box-title\">\n\t\t\t\t\t\t<span  >\n\t\t\t\t\t\t\tUnlimited good coffee and tea\t\t\t\t\t\t<\/span>\n\t\t\t\t\t<\/h3>\n\t\t\t\t\n\t\t\t\t\t\t\t\t\t<p class=\"elementor-icon-box-description\">\n\t\t\t\t\t\tEverything to keep us sharp and awake!\t\t\t\t\t<\/p>\n\t\t\t\t\n\t\t\t<\/div>\n\t\t\t\n\t\t<\/div>\n\t\t\t\t\t\t<\/div>\n\t\t\t\t<\/div>\n\t\t\t\t\t<\/div>\n\t\t<\/div>\n\t\t\t\t\t<\/div>\n\t\t<\/section>\n\t\t\t\t<\/div>","protected":false},"excerpt":{"rendered":"<p>Karri\u00e4r \u00c4r du en duktig serveradmin eller grym s\u00e4ljare? Vi s\u00f6ker efter nya stj\u00e4rnor som vill vara med p\u00e5 v\u00e5r resa. Skicka in en spontanans\u00f6kan med CV och personligt brev till Filip p\u00e5 filip@hexabyte.se Just nu s\u00f6ker vi B2B-s\u00e4ljare och kundansvarig Varf\u00f6r jobba hos oss? Var med och bygg ett vinnande team Vi g\u00f6r jobb [&hellip;]<\/p>\n","protected":false},"author":1,"featured_media":0,"parent":0,"menu_order":0,"comment_status":"closed","ping_status":"closed","template":"elementor_header_footer","meta":{"_acf_changed":false,"footnotes":""},"class_list":["post-501296","page","type-page","status-publish","hentry"],"acf":[],"yoast_head":"<!-- This site is optimized with the Yoast SEO plugin v27.3 - https:\/\/yoast.com\/product\/yoast-seo-wordpress\/ -->\n<title>Karri\u00e4r<\/title>\n<meta name=\"robots\" content=\"index, follow, max-snippet:-1, max-image-preview:large, max-video-preview:-1\" \/>\n<link rel=\"canonical\" href=\"https:\/\/hexabyte.se\/en\/karriar\/\" \/>\n<meta property=\"og:locale\" content=\"en_US\" \/>\n<meta property=\"og:type\" content=\"article\" \/>\n<meta property=\"og:title\" content=\"Karri\u00e4r\" \/>\n<meta property=\"og:description\" content=\"Karri\u00e4r \u00c4r du en duktig serveradmin eller grym s\u00e4ljare? Vi s\u00f6ker efter nya stj\u00e4rnor som vill vara med p\u00e5 v\u00e5r resa. Skicka in en spontanans\u00f6kan med CV och personligt brev till Filip p\u00e5 filip@hexabyte.se Just nu s\u00f6ker vi B2B-s\u00e4ljare och kundansvarig Varf\u00f6r jobba hos oss? Var med och bygg ett vinnande team Vi g\u00f6r jobb [&hellip;]\" \/>\n<meta property=\"og:url\" content=\"https:\/\/hexabyte.se\/en\/karriar\/\" \/>\n<meta property=\"og:site_name\" content=\"Hexabyte\" \/>\n<meta property=\"article:modified_time\" content=\"2024-04-04T10:44:00+00:00\" \/>\n<meta property=\"og:image\" content=\"https:\/\/hexabyte.se\/wp-content\/uploads\/2022\/08\/filip-palmberg-umea-e1661364585859.jpg\" \/>\n<meta name=\"twitter:card\" content=\"summary_large_image\" \/>\n<meta name=\"twitter:label1\" content=\"Est. reading time\" \/>\n\t<meta name=\"twitter:data1\" content=\"1 minute\" \/>\n<script type=\"application\/ld+json\" class=\"yoast-schema-graph\">{\"@context\":\"https:\\\/\\\/schema.org\",\"@graph\":[{\"@type\":\"WebPage\",\"@id\":\"https:\\\/\\\/hexabyte.se\\\/karriar\\\/\",\"url\":\"https:\\\/\\\/hexabyte.se\\\/karriar\\\/\",\"name\":\"Karri\u00e4r\",\"isPartOf\":{\"@id\":\"https:\\\/\\\/hexabyte.se\\\/#website\"},\"primaryImageOfPage\":{\"@id\":\"https:\\\/\\\/hexabyte.se\\\/karriar\\\/#primaryimage\"},\"image\":{\"@id\":\"https:\\\/\\\/hexabyte.se\\\/karriar\\\/#primaryimage\"},\"thumbnailUrl\":\"https:\\\/\\\/hexabyte.se\\\/wp-content\\\/uploads\\\/2022\\\/08\\\/filip-palmberg-umea-e1661364585859.jpg\",\"datePublished\":\"2022-09-04T08:33:49+00:00\",\"dateModified\":\"2024-04-04T10:44:00+00:00\",\"breadcrumb\":{\"@id\":\"https:\\\/\\\/hexabyte.se\\\/karriar\\\/#breadcrumb\"},\"inLanguage\":\"en-US\",\"potentialAction\":[{\"@type\":\"ReadAction\",\"target\":[\"https:\\\/\\\/hexabyte.se\\\/karriar\\\/\"]}]},{\"@type\":\"ImageObject\",\"inLanguage\":\"en-US\",\"@id\":\"https:\\\/\\\/hexabyte.se\\\/karriar\\\/#primaryimage\",\"url\":\"https:\\\/\\\/hexabyte.se\\\/wp-content\\\/uploads\\\/2022\\\/08\\\/filip-palmberg-umea-e1661364585859.jpg\",\"contentUrl\":\"https:\\\/\\\/hexabyte.se\\\/wp-content\\\/uploads\\\/2022\\\/08\\\/filip-palmberg-umea-e1661364585859.jpg\"},{\"@type\":\"BreadcrumbList\",\"@id\":\"https:\\\/\\\/hexabyte.se\\\/karriar\\\/#breadcrumb\",\"itemListElement\":[{\"@type\":\"ListItem\",\"position\":1,\"name\":\"Hem\",\"item\":\"https:\\\/\\\/hexabyte.se\\\/\"},{\"@type\":\"ListItem\",\"position\":2,\"name\":\"Karri\u00e4r\"}]},{\"@type\":\"WebSite\",\"@id\":\"https:\\\/\\\/hexabyte.se\\\/#website\",\"url\":\"https:\\\/\\\/hexabyte.se\\\/\",\"name\":\"Hexabyte\",\"description\":\"Serverl\u00f6sningar\",\"publisher\":{\"@id\":\"https:\\\/\\\/hexabyte.se\\\/#organization\"},\"potentialAction\":[{\"@type\":\"SearchAction\",\"target\":{\"@type\":\"EntryPoint\",\"urlTemplate\":\"https:\\\/\\\/hexabyte.se\\\/?s={search_term_string}\"},\"query-input\":{\"@type\":\"PropertyValueSpecification\",\"valueRequired\":true,\"valueName\":\"search_term_string\"}}],\"inLanguage\":\"en-US\"},{\"@type\":\"Organization\",\"@id\":\"https:\\\/\\\/hexabyte.se\\\/#organization\",\"name\":\"Hexabyte AB\",\"url\":\"https:\\\/\\\/hexabyte.se\\\/\",\"logo\":{\"@type\":\"ImageObject\",\"inLanguage\":\"en-US\",\"@id\":\"https:\\\/\\\/hexabyte.se\\\/#\\\/schema\\\/logo\\\/image\\\/\",\"url\":\"https:\\\/\\\/hexabyte.se\\\/wp-content\\\/uploads\\\/2023\\\/12\\\/hexabyte-clear.svg\",\"contentUrl\":\"https:\\\/\\\/hexabyte.se\\\/wp-content\\\/uploads\\\/2023\\\/12\\\/hexabyte-clear.svg\",\"width\":318,\"height\":57,\"caption\":\"Hexabyte AB\"},\"image\":{\"@id\":\"https:\\\/\\\/hexabyte.se\\\/#\\\/schema\\\/logo\\\/image\\\/\"}}]}<\/script>\n<!-- \/ Yoast SEO plugin. -->","yoast_head_json":{"title":"Career","robots":{"index":"index","follow":"follow","max-snippet":"max-snippet:-1","max-image-preview":"max-image-preview:large","max-video-preview":"max-video-preview:-1"},"canonical":"https:\/\/hexabyte.se\/en\/karriar\/","og_locale":"en_US","og_type":"article","og_title":"Karri\u00e4r","og_description":"Karri\u00e4r \u00c4r du en duktig serveradmin eller grym s\u00e4ljare? Vi s\u00f6ker efter nya stj\u00e4rnor som vill vara med p\u00e5 v\u00e5r resa. Skicka in en spontanans\u00f6kan med CV och personligt brev till Filip p\u00e5 filip@hexabyte.se Just nu s\u00f6ker vi B2B-s\u00e4ljare och kundansvarig Varf\u00f6r jobba hos oss? Var med och bygg ett vinnande team Vi g\u00f6r jobb [&hellip;]","og_url":"https:\/\/hexabyte.se\/en\/karriar\/","og_site_name":"Hexabyte","article_modified_time":"2024-04-04T10:44:00+00:00","og_image":[{"url":"https:\/\/hexabyte.se\/wp-content\/uploads\/2022\/08\/filip-palmberg-umea-e1661364585859.jpg","type":"","width":"","height":""}],"twitter_card":"summary_large_image","twitter_misc":{"Est. reading time":"1 minute"},"schema":{"@context":"https:\/\/schema.org","@graph":[{"@type":"WebPage","@id":"https:\/\/hexabyte.se\/karriar\/","url":"https:\/\/hexabyte.se\/karriar\/","name":"Career","isPartOf":{"@id":"https:\/\/hexabyte.se\/#website"},"primaryImageOfPage":{"@id":"https:\/\/hexabyte.se\/karriar\/#primaryimage"},"image":{"@id":"https:\/\/hexabyte.se\/karriar\/#primaryimage"},"thumbnailUrl":"https:\/\/hexabyte.se\/wp-content\/uploads\/2022\/08\/filip-palmberg-umea-e1661364585859.jpg","datePublished":"2022-09-04T08:33:49+00:00","dateModified":"2024-04-04T10:44:00+00:00","breadcrumb":{"@id":"https:\/\/hexabyte.se\/karriar\/#breadcrumb"},"inLanguage":"en-US","potentialAction":[{"@type":"ReadAction","target":["https:\/\/hexabyte.se\/karriar\/"]}]},{"@type":"ImageObject","inLanguage":"en-US","@id":"https:\/\/hexabyte.se\/karriar\/#primaryimage","url":"https:\/\/hexabyte.se\/wp-content\/uploads\/2022\/08\/filip-palmberg-umea-e1661364585859.jpg","contentUrl":"https:\/\/hexabyte.se\/wp-content\/uploads\/2022\/08\/filip-palmberg-umea-e1661364585859.jpg"},{"@type":"BreadcrumbList","@id":"https:\/\/hexabyte.se\/karriar\/#breadcrumb","itemListElement":[{"@type":"ListItem","position":1,"name":"Hem","item":"https:\/\/hexabyte.se\/"},{"@type":"ListItem","position":2,"name":"Karri\u00e4r"}]},{"@type":"WebSite","@id":"https:\/\/hexabyte.se\/#website","url":"https:\/\/hexabyte.se\/","name":"Hexabytes","description":"Server solutions","publisher":{"@id":"https:\/\/hexabyte.se\/#organization"},"potentialAction":[{"@type":"SearchAction","target":{"@type":"EntryPoint","urlTemplate":"https:\/\/hexabyte.se\/?s={search_term_string}"},"query-input":{"@type":"PropertyValueSpecification","valueRequired":true,"valueName":"search_term_string"}}],"inLanguage":"en-US"},{"@type":"Organization","@id":"https:\/\/hexabyte.se\/#organization","name":"Hexabyte AB","url":"https:\/\/hexabyte.se\/","logo":{"@type":"ImageObject","inLanguage":"en-US","@id":"https:\/\/hexabyte.se\/#\/schema\/logo\/image\/","url":"https:\/\/hexabyte.se\/wp-content\/uploads\/2023\/12\/hexabyte-clear.svg","contentUrl":"https:\/\/hexabyte.se\/wp-content\/uploads\/2023\/12\/hexabyte-clear.svg","width":318,"height":57,"caption":"Hexabyte AB"},"image":{"@id":"https:\/\/hexabyte.se\/#\/schema\/logo\/image\/"}}]}},"_links":{"self":[{"href":"https:\/\/hexabyte.se\/en\/wp-json\/wp\/v2\/pages\/501296","targetHints":{"allow":["GET"]}}],"collection":[{"href":"https:\/\/hexabyte.se\/en\/wp-json\/wp\/v2\/pages"}],"about":[{"href":"https:\/\/hexabyte.se\/en\/wp-json\/wp\/v2\/types\/page"}],"author":[{"embeddable":true,"href":"https:\/\/hexabyte.se\/en\/wp-json\/wp\/v2\/users\/1"}],"replies":[{"embeddable":true,"href":"https:\/\/hexabyte.se\/en\/wp-json\/wp\/v2\/comments?post=501296"}],"version-history":[{"count":47,"href":"https:\/\/hexabyte.se\/en\/wp-json\/wp\/v2\/pages\/501296\/revisions"}],"predecessor-version":[{"id":503944,"href":"https:\/\/hexabyte.se\/en\/wp-json\/wp\/v2\/pages\/501296\/revisions\/503944"}],"wp:attachment":[{"href":"https:\/\/hexabyte.se\/en\/wp-json\/wp\/v2\/media?parent=501296"}],"curies":[{"name":"wp","href":"https:\/\/api.w.org\/{rel}","templated":true}]}}