{"id":502815,"date":"2023-05-04T20:03:10","date_gmt":"2023-05-04T18:03:10","guid":{"rendered":"https:\/\/palmberg.io\/?page_id=502815"},"modified":"2024-07-07T10:21:53","modified_gmt":"2024-07-07T08:21:53","slug":"tjanster","status":"publish","type":"page","link":"https:\/\/hexabyte.se\/en\/tjanster\/","title":{"rendered":"Services"},"content":{"rendered":"<div data-elementor-type=\"wp-page\" data-elementor-id=\"502815\" class=\"elementor elementor-502815\" data-elementor-post-type=\"page\">\n\t\t\t\t\t\t<section class=\"elementor-section elementor-top-section elementor-element elementor-element-2597e0b elementor-reverse-mobile elementor-section-boxed elementor-section-height-default elementor-section-height-default\" data-id=\"2597e0b\" data-element_type=\"section\" data-e-type=\"section\" data-settings=\"{&quot;background_background&quot;:&quot;classic&quot;}\">\n\t\t\t\t\t\t<div class=\"elementor-container elementor-column-gap-default\">\n\t\t\t\t\t<div class=\"elementor-column elementor-col-100 elementor-top-column elementor-element elementor-element-152adb9\" data-id=\"152adb9\" data-element_type=\"column\" data-e-type=\"column\">\n\t\t\t<div class=\"elementor-widget-wrap elementor-element-populated\">\n\t\t\t\t\t\t<div class=\"elementor-element elementor-element-8b88842 elementor-widget elementor-widget-heading\" data-id=\"8b88842\" data-element_type=\"widget\" data-e-type=\"widget\" data-widget_type=\"heading.default\">\n\t\t\t\t<div class=\"elementor-widget-container\">\n\t\t\t\t\t<h1 class=\"elementor-heading-title elementor-size-default\">Services<\/h1>\t\t\t\t<\/div>\n\t\t\t\t<\/div>\n\t\t\t\t<div class=\"elementor-element elementor-element-524072f elementor-widget elementor-widget-text-editor\" data-id=\"524072f\" data-element_type=\"widget\" data-e-type=\"widget\" data-widget_type=\"text-editor.default\">\n\t\t\t\t<div class=\"elementor-widget-container\">\n\t\t\t\t\t\t\t\t\t<p>Here you can see a range of our services.<\/p>\t\t\t\t\t\t\t\t<\/div>\n\t\t\t\t<\/div>\n\t\t\t\t\t<\/div>\n\t\t<\/div>\n\t\t\t\t\t<\/div>\n\t\t<\/section>\n\t\t\t\t<section class=\"elementor-section elementor-top-section elementor-element elementor-element-fdd75a1 elementor-section-boxed elementor-section-height-default elementor-section-height-default\" data-id=\"fdd75a1\" data-element_type=\"section\" data-e-type=\"section\">\n\t\t\t\t\t\t<div class=\"elementor-container elementor-column-gap-default\">\n\t\t\t\t\t<div class=\"elementor-column elementor-col-100 elementor-top-column elementor-element elementor-element-f7bc9f6\" data-id=\"f7bc9f6\" data-element_type=\"column\" data-e-type=\"column\">\n\t\t\t<div class=\"elementor-widget-wrap elementor-element-populated\">\n\t\t\t\t\t\t<section class=\"elementor-section elementor-inner-section elementor-element elementor-element-962599c elementor-section-full_width elementor-section-height-default elementor-section-height-default\" data-id=\"962599c\" data-element_type=\"section\" data-e-type=\"section\">\n\t\t\t\t\t\t<div class=\"elementor-container elementor-column-gap-default\">\n\t\t\t\t\t<div class=\"elementor-column elementor-col-33 elementor-inner-column elementor-element elementor-element-00f955d\" data-id=\"00f955d\" data-element_type=\"column\" data-e-type=\"column\">\n\t\t\t<div class=\"elementor-widget-wrap elementor-element-populated\">\n\t\t\t\t\t\t<div class=\"elementor-element elementor-element-2dfe852 elementor-view-default elementor-widget elementor-widget-icon\" data-id=\"2dfe852\" data-element_type=\"widget\" data-e-type=\"widget\" data-widget_type=\"icon.default\">\n\t\t\t\t<div class=\"elementor-widget-container\">\n\t\t\t\t\t\t\t<div class=\"elementor-icon-wrapper\">\n\t\t\t<a class=\"elementor-icon\" href=\"\/en\/dedikerad-server\/\">\n\t\t\t<i aria-hidden=\"true\" class=\"fas fa-server\"><\/i>\t\t\t<\/a>\n\t\t<\/div>\n\t\t\t\t\t\t<\/div>\n\t\t\t\t<\/div>\n\t\t\t\t<div class=\"elementor-element elementor-element-4b02007 elementor-widget elementor-widget-heading\" data-id=\"4b02007\" data-element_type=\"widget\" data-e-type=\"widget\" data-widget_type=\"heading.default\">\n\t\t\t\t<div class=\"elementor-widget-container\">\n\t\t\t\t\t<h3 class=\"elementor-heading-title elementor-size-default\"><a href=\"\/en\/dedikerad-server\/\">Dedicated server<\/a><\/h3>\t\t\t\t<\/div>\n\t\t\t\t<\/div>\n\t\t\t\t<div class=\"elementor-element elementor-element-9ee5bc6 elementor-widget elementor-widget-text-editor\" data-id=\"9ee5bc6\" data-element_type=\"widget\" data-e-type=\"widget\" data-widget_type=\"text-editor.default\">\n\t\t\t\t<div class=\"elementor-widget-container\">\n\t\t\t\t\t\t\t\t\t<p>Rent a dedicated server and get access to 100% of the server&#039;s capacity around the clock.<\/p>\t\t\t\t\t\t\t\t<\/div>\n\t\t\t\t<\/div>\n\t\t\t\t\t<\/div>\n\t\t<\/div>\n\t\t\t\t<div class=\"elementor-column elementor-col-33 elementor-inner-column elementor-element elementor-element-6bad781\" data-id=\"6bad781\" data-element_type=\"column\" data-e-type=\"column\">\n\t\t\t<div class=\"elementor-widget-wrap elementor-element-populated\">\n\t\t\t\t\t\t<div class=\"elementor-element elementor-element-616740e elementor-view-default elementor-widget elementor-widget-icon\" data-id=\"616740e\" data-element_type=\"widget\" data-e-type=\"widget\" data-widget_type=\"icon.default\">\n\t\t\t\t<div class=\"elementor-widget-container\">\n\t\t\t\t\t\t\t<div class=\"elementor-icon-wrapper\">\n\t\t\t<a class=\"elementor-icon\" href=\"\/en\/vps\/\">\n\t\t\t<i aria-hidden=\"true\" class=\"fas fa-cloud\"><\/i>\t\t\t<\/a>\n\t\t<\/div>\n\t\t\t\t\t\t<\/div>\n\t\t\t\t<\/div>\n\t\t\t\t<div class=\"elementor-element elementor-element-c839d74 elementor-widget elementor-widget-heading\" data-id=\"c839d74\" data-element_type=\"widget\" data-e-type=\"widget\" data-widget_type=\"heading.default\">\n\t\t\t\t<div class=\"elementor-widget-container\">\n\t\t\t\t\t<h3 class=\"elementor-heading-title elementor-size-default\"><a href=\"\/en\/vps\/\">VPS<\/a><\/h3>\t\t\t\t<\/div>\n\t\t\t\t<\/div>\n\t\t\t\t<div class=\"elementor-element elementor-element-f90771e elementor-widget elementor-widget-text-editor\" data-id=\"f90771e\" data-element_type=\"widget\" data-e-type=\"widget\" data-widget_type=\"text-editor.default\">\n\t\t\t\t<div class=\"elementor-widget-container\">\n\t\t\t\t\t\t\t\t\t<p>Rent a virtual server with its own IP address in our scalable solution, servers and data storage in Ume\u00e5.<\/p>\t\t\t\t\t\t\t\t<\/div>\n\t\t\t\t<\/div>\n\t\t\t\t\t<\/div>\n\t\t<\/div>\n\t\t\t\t<div class=\"elementor-column elementor-col-33 elementor-inner-column elementor-element elementor-element-d94a541\" data-id=\"d94a541\" data-element_type=\"column\" data-e-type=\"column\">\n\t\t\t<div class=\"elementor-widget-wrap elementor-element-populated\">\n\t\t\t\t\t\t<div class=\"elementor-element elementor-element-83ea940 elementor-view-default elementor-widget elementor-widget-icon\" data-id=\"83ea940\" data-element_type=\"widget\" data-e-type=\"widget\" data-widget_type=\"icon.default\">\n\t\t\t\t<div class=\"elementor-widget-container\">\n\t\t\t\t\t\t\t<div class=\"elementor-icon-wrapper\">\n\t\t\t<a class=\"elementor-icon\" href=\"\/en\/webbhotell\/\">\n\t\t\t<i aria-hidden=\"true\" class=\"fab fa-wordpress\"><\/i>\t\t\t<\/a>\n\t\t<\/div>\n\t\t\t\t\t\t<\/div>\n\t\t\t\t<\/div>\n\t\t\t\t<div class=\"elementor-element elementor-element-ae167ea elementor-widget elementor-widget-heading\" data-id=\"ae167ea\" data-element_type=\"widget\" data-e-type=\"widget\" data-widget_type=\"heading.default\">\n\t\t\t\t<div class=\"elementor-widget-container\">\n\t\t\t\t\t<h3 class=\"elementor-heading-title elementor-size-default\"><a href=\"\/en\/webbhotell\/\">Web hosting for WordPress<\/a><\/h3>\t\t\t\t<\/div>\n\t\t\t\t<\/div>\n\t\t\t\t<div class=\"elementor-element elementor-element-2bd0577 elementor-widget elementor-widget-text-editor\" data-id=\"2bd0577\" data-element_type=\"widget\" data-e-type=\"widget\" data-widget_type=\"text-editor.default\">\n\t\t\t\t<div class=\"elementor-widget-container\">\n\t\t\t\t\t\t\t\t\t<p>Fast hosting for your website in premium class, with high availability and good service.<\/p>\t\t\t\t\t\t\t\t<\/div>\n\t\t\t\t<\/div>\n\t\t\t\t\t<\/div>\n\t\t<\/div>\n\t\t\t\t\t<\/div>\n\t\t<\/section>\n\t\t\t\t<section class=\"elementor-section elementor-inner-section elementor-element elementor-element-5f16193 elementor-section-full_width elementor-section-height-default elementor-section-height-default\" data-id=\"5f16193\" data-element_type=\"section\" data-e-type=\"section\">\n\t\t\t\t\t\t<div class=\"elementor-container elementor-column-gap-default\">\n\t\t\t\t\t<div class=\"elementor-column elementor-col-33 elementor-inner-column elementor-element elementor-element-47d8dc9\" data-id=\"47d8dc9\" data-element_type=\"column\" data-e-type=\"column\">\n\t\t\t<div class=\"elementor-widget-wrap elementor-element-populated\">\n\t\t\t\t\t\t<div class=\"elementor-element elementor-element-03c32c8 elementor-view-default elementor-widget elementor-widget-icon\" data-id=\"03c32c8\" data-element_type=\"widget\" data-e-type=\"widget\" data-widget_type=\"icon.default\">\n\t\t\t\t<div class=\"elementor-widget-container\">\n\t\t\t\t\t\t\t<div class=\"elementor-icon-wrapper\">\n\t\t\t<a class=\"elementor-icon\" href=\"\/en\/webb\/\">\n\t\t\t<i aria-hidden=\"true\" class=\"fas fa-code\"><\/i>\t\t\t<\/a>\n\t\t<\/div>\n\t\t\t\t\t\t<\/div>\n\t\t\t\t<\/div>\n\t\t\t\t<div class=\"elementor-element elementor-element-1037838 elementor-widget elementor-widget-heading\" data-id=\"1037838\" data-element_type=\"widget\" data-e-type=\"widget\" data-widget_type=\"heading.default\">\n\t\t\t\t<div class=\"elementor-widget-container\">\n\t\t\t\t\t<h3 class=\"elementor-heading-title elementor-size-default\"><a href=\"https:\/\/hexabyte.se\/en\/webb\/\">Web development<\/a><\/h3>\t\t\t\t<\/div>\n\t\t\t\t<\/div>\n\t\t\t\t<div class=\"elementor-element elementor-element-1f667d6 elementor-widget elementor-widget-text-editor\" data-id=\"1f667d6\" data-element_type=\"widget\" data-e-type=\"widget\" data-widget_type=\"text-editor.default\">\n\t\t\t\t<div class=\"elementor-widget-container\">\n\t\t\t\t\t\t\t\t\t<p>Complete websites, development, programming, troubleshooting and updates.<\/p>\t\t\t\t\t\t\t\t<\/div>\n\t\t\t\t<\/div>\n\t\t\t\t\t<\/div>\n\t\t<\/div>\n\t\t\t\t<div class=\"elementor-column elementor-col-33 elementor-inner-column elementor-element elementor-element-5502a45\" data-id=\"5502a45\" data-element_type=\"column\" data-e-type=\"column\">\n\t\t\t<div class=\"elementor-widget-wrap elementor-element-populated\">\n\t\t\t\t\t\t<div class=\"elementor-element elementor-element-5efb3df elementor-view-default elementor-widget elementor-widget-icon\" data-id=\"5efb3df\" data-element_type=\"widget\" data-e-type=\"widget\" data-widget_type=\"icon.default\">\n\t\t\t\t<div class=\"elementor-widget-container\">\n\t\t\t\t\t\t\t<div class=\"elementor-icon-wrapper\">\n\t\t\t<a class=\"elementor-icon\" href=\"\/en\/hastighetsoptimering\/\">\n\t\t\t<i aria-hidden=\"true\" class=\"fas fa-tachometer-alt\"><\/i>\t\t\t<\/a>\n\t\t<\/div>\n\t\t\t\t\t\t<\/div>\n\t\t\t\t<\/div>\n\t\t\t\t<div class=\"elementor-element elementor-element-77bd9b6 elementor-widget elementor-widget-heading\" data-id=\"77bd9b6\" data-element_type=\"widget\" data-e-type=\"widget\" data-widget_type=\"heading.default\">\n\t\t\t\t<div class=\"elementor-widget-container\">\n\t\t\t\t\t<h3 class=\"elementor-heading-title elementor-size-default\"><a href=\"\/en\/hastighetsoptimering\/\">Speed optimization<\/a><\/h3>\t\t\t\t<\/div>\n\t\t\t\t<\/div>\n\t\t\t\t<div class=\"elementor-element elementor-element-11e7268 elementor-widget elementor-widget-text-editor\" data-id=\"11e7268\" data-element_type=\"widget\" data-e-type=\"widget\" data-widget_type=\"text-editor.default\">\n\t\t\t\t<div class=\"elementor-widget-container\">\n\t\t\t\t\t\t\t\t\t<p>We troubleshoot and fix slow WordPress websites.\u00a0<\/p>\t\t\t\t\t\t\t\t<\/div>\n\t\t\t\t<\/div>\n\t\t\t\t\t<\/div>\n\t\t<\/div>\n\t\t\t\t<div class=\"elementor-column elementor-col-33 elementor-inner-column elementor-element elementor-element-c7df63a\" data-id=\"c7df63a\" data-element_type=\"column\" data-e-type=\"column\">\n\t\t\t<div class=\"elementor-widget-wrap\">\n\t\t\t\t\t\t\t<\/div>\n\t\t<\/div>\n\t\t\t\t\t<\/div>\n\t\t<\/section>\n\t\t\t\t\t<\/div>\n\t\t<\/div>\n\t\t\t\t\t<\/div>\n\t\t<\/section>\n\t\t\t\t<\/div>","protected":false},"excerpt":{"rendered":"<p>Tj\u00e4nster H\u00e4r ser du ett utbud av v\u00e5ra tj\u00e4nster. Dedikerad server Hyr dedikerad server och f\u00e5 tillg\u00e5ng till 100% av serverns kapacitet dygnet runt. VPS Hyr en virtuell server med egen IP-adress i v\u00e5r skalbara l\u00f6sning, servrar och datalagring i Ume\u00e5. Webbhotell f\u00f6r WordPress Snabb hosting f\u00f6r er webbplats i premiumklass, med h\u00f6g tillg\u00e4nglighet och [&hellip;]<\/p>\n","protected":false},"author":1,"featured_media":0,"parent":0,"menu_order":0,"comment_status":"closed","ping_status":"closed","template":"","meta":{"_acf_changed":false,"footnotes":""},"class_list":["post-502815","page","type-page","status-publish","hentry"],"acf":[],"yoast_head":"<!-- This site is optimized with the Yoast SEO plugin v27.4 - https:\/\/yoast.com\/product\/yoast-seo-wordpress\/ -->\n<title>Tj\u00e4nster<\/title>\n<meta name=\"robots\" content=\"index, follow, max-snippet:-1, max-image-preview:large, max-video-preview:-1\" \/>\n<link rel=\"canonical\" href=\"https:\/\/hexabyte.se\/en\/tjanster\/\" \/>\n<meta property=\"og:locale\" content=\"en_US\" \/>\n<meta property=\"og:type\" content=\"article\" \/>\n<meta property=\"og:title\" content=\"Tj\u00e4nster\" \/>\n<meta property=\"og:description\" content=\"Tj\u00e4nster H\u00e4r ser du ett utbud av v\u00e5ra tj\u00e4nster. Dedikerad server Hyr dedikerad server och f\u00e5 tillg\u00e5ng till 100% av serverns kapacitet dygnet runt. VPS Hyr en virtuell server med egen IP-adress i v\u00e5r skalbara l\u00f6sning, servrar och datalagring i Ume\u00e5. Webbhotell f\u00f6r WordPress Snabb hosting f\u00f6r er webbplats i premiumklass, med h\u00f6g tillg\u00e4nglighet och [&hellip;]\" \/>\n<meta property=\"og:url\" content=\"https:\/\/hexabyte.se\/en\/tjanster\/\" \/>\n<meta property=\"og:site_name\" content=\"Hexabyte\" \/>\n<meta property=\"article:modified_time\" content=\"2024-07-07T08:21:53+00:00\" \/>\n<meta name=\"twitter:card\" content=\"summary_large_image\" \/>\n<meta name=\"twitter:label1\" content=\"Est. reading time\" \/>\n\t<meta name=\"twitter:data1\" content=\"1 minute\" \/>\n<script type=\"application\/ld+json\" class=\"yoast-schema-graph\">{\"@context\":\"https:\\\/\\\/schema.org\",\"@graph\":[{\"@type\":\"WebPage\",\"@id\":\"https:\\\/\\\/hexabyte.se\\\/tjanster\\\/\",\"url\":\"https:\\\/\\\/hexabyte.se\\\/tjanster\\\/\",\"name\":\"Tj\u00e4nster\",\"isPartOf\":{\"@id\":\"https:\\\/\\\/hexabyte.se\\\/#website\"},\"datePublished\":\"2023-05-04T18:03:10+00:00\",\"dateModified\":\"2024-07-07T08:21:53+00:00\",\"breadcrumb\":{\"@id\":\"https:\\\/\\\/hexabyte.se\\\/tjanster\\\/#breadcrumb\"},\"inLanguage\":\"en-US\",\"potentialAction\":[{\"@type\":\"ReadAction\",\"target\":[\"https:\\\/\\\/hexabyte.se\\\/tjanster\\\/\"]}]},{\"@type\":\"BreadcrumbList\",\"@id\":\"https:\\\/\\\/hexabyte.se\\\/tjanster\\\/#breadcrumb\",\"itemListElement\":[{\"@type\":\"ListItem\",\"position\":1,\"name\":\"Hem\",\"item\":\"https:\\\/\\\/hexabyte.se\\\/\"},{\"@type\":\"ListItem\",\"position\":2,\"name\":\"Tj\u00e4nster\"}]},{\"@type\":\"WebSite\",\"@id\":\"https:\\\/\\\/hexabyte.se\\\/#website\",\"url\":\"https:\\\/\\\/hexabyte.se\\\/\",\"name\":\"Hexabyte\",\"description\":\"Serverl\u00f6sningar\",\"publisher\":{\"@id\":\"https:\\\/\\\/hexabyte.se\\\/#organization\"},\"potentialAction\":[{\"@type\":\"SearchAction\",\"target\":{\"@type\":\"EntryPoint\",\"urlTemplate\":\"https:\\\/\\\/hexabyte.se\\\/?s={search_term_string}\"},\"query-input\":{\"@type\":\"PropertyValueSpecification\",\"valueRequired\":true,\"valueName\":\"search_term_string\"}}],\"inLanguage\":\"en-US\"},{\"@type\":\"Organization\",\"@id\":\"https:\\\/\\\/hexabyte.se\\\/#organization\",\"name\":\"Hexabyte AB\",\"url\":\"https:\\\/\\\/hexabyte.se\\\/\",\"logo\":{\"@type\":\"ImageObject\",\"inLanguage\":\"en-US\",\"@id\":\"https:\\\/\\\/hexabyte.se\\\/#\\\/schema\\\/logo\\\/image\\\/\",\"url\":\"https:\\\/\\\/hexabyte.se\\\/wp-content\\\/uploads\\\/2023\\\/12\\\/hexabyte-clear.svg\",\"contentUrl\":\"https:\\\/\\\/hexabyte.se\\\/wp-content\\\/uploads\\\/2023\\\/12\\\/hexabyte-clear.svg\",\"width\":318,\"height\":57,\"caption\":\"Hexabyte AB\"},\"image\":{\"@id\":\"https:\\\/\\\/hexabyte.se\\\/#\\\/schema\\\/logo\\\/image\\\/\"}}]}<\/script>\n<!-- \/ Yoast SEO plugin. -->","yoast_head_json":{"title":"Services","robots":{"index":"index","follow":"follow","max-snippet":"max-snippet:-1","max-image-preview":"max-image-preview:large","max-video-preview":"max-video-preview:-1"},"canonical":"https:\/\/hexabyte.se\/en\/tjanster\/","og_locale":"en_US","og_type":"article","og_title":"Tj\u00e4nster","og_description":"Tj\u00e4nster H\u00e4r ser du ett utbud av v\u00e5ra tj\u00e4nster. Dedikerad server Hyr dedikerad server och f\u00e5 tillg\u00e5ng till 100% av serverns kapacitet dygnet runt. VPS Hyr en virtuell server med egen IP-adress i v\u00e5r skalbara l\u00f6sning, servrar och datalagring i Ume\u00e5. Webbhotell f\u00f6r WordPress Snabb hosting f\u00f6r er webbplats i premiumklass, med h\u00f6g tillg\u00e4nglighet och [&hellip;]","og_url":"https:\/\/hexabyte.se\/en\/tjanster\/","og_site_name":"Hexabyte","article_modified_time":"2024-07-07T08:21:53+00:00","twitter_card":"summary_large_image","twitter_misc":{"Est. reading time":"1 minute"},"schema":{"@context":"https:\/\/schema.org","@graph":[{"@type":"WebPage","@id":"https:\/\/hexabyte.se\/tjanster\/","url":"https:\/\/hexabyte.se\/tjanster\/","name":"Services","isPartOf":{"@id":"https:\/\/hexabyte.se\/#website"},"datePublished":"2023-05-04T18:03:10+00:00","dateModified":"2024-07-07T08:21:53+00:00","breadcrumb":{"@id":"https:\/\/hexabyte.se\/tjanster\/#breadcrumb"},"inLanguage":"en-US","potentialAction":[{"@type":"ReadAction","target":["https:\/\/hexabyte.se\/tjanster\/"]}]},{"@type":"BreadcrumbList","@id":"https:\/\/hexabyte.se\/tjanster\/#breadcrumb","itemListElement":[{"@type":"ListItem","position":1,"name":"Hem","item":"https:\/\/hexabyte.se\/"},{"@type":"ListItem","position":2,"name":"Tj\u00e4nster"}]},{"@type":"WebSite","@id":"https:\/\/hexabyte.se\/#website","url":"https:\/\/hexabyte.se\/","name":"Hexabytes","description":"Server solutions","publisher":{"@id":"https:\/\/hexabyte.se\/#organization"},"potentialAction":[{"@type":"SearchAction","target":{"@type":"EntryPoint","urlTemplate":"https:\/\/hexabyte.se\/?s={search_term_string}"},"query-input":{"@type":"PropertyValueSpecification","valueRequired":true,"valueName":"search_term_string"}}],"inLanguage":"en-US"},{"@type":"Organization","@id":"https:\/\/hexabyte.se\/#organization","name":"Hexabyte AB","url":"https:\/\/hexabyte.se\/","logo":{"@type":"ImageObject","inLanguage":"en-US","@id":"https:\/\/hexabyte.se\/#\/schema\/logo\/image\/","url":"https:\/\/hexabyte.se\/wp-content\/uploads\/2023\/12\/hexabyte-clear.svg","contentUrl":"https:\/\/hexabyte.se\/wp-content\/uploads\/2023\/12\/hexabyte-clear.svg","width":318,"height":57,"caption":"Hexabyte AB"},"image":{"@id":"https:\/\/hexabyte.se\/#\/schema\/logo\/image\/"}}]}},"_links":{"self":[{"href":"https:\/\/hexabyte.se\/en\/wp-json\/wp\/v2\/pages\/502815","targetHints":{"allow":["GET"]}}],"collection":[{"href":"https:\/\/hexabyte.se\/en\/wp-json\/wp\/v2\/pages"}],"about":[{"href":"https:\/\/hexabyte.se\/en\/wp-json\/wp\/v2\/types\/page"}],"author":[{"embeddable":true,"href":"https:\/\/hexabyte.se\/en\/wp-json\/wp\/v2\/users\/1"}],"replies":[{"embeddable":true,"href":"https:\/\/hexabyte.se\/en\/wp-json\/wp\/v2\/comments?post=502815"}],"version-history":[{"count":28,"href":"https:\/\/hexabyte.se\/en\/wp-json\/wp\/v2\/pages\/502815\/revisions"}],"predecessor-version":[{"id":504164,"href":"https:\/\/hexabyte.se\/en\/wp-json\/wp\/v2\/pages\/502815\/revisions\/504164"}],"wp:attachment":[{"href":"https:\/\/hexabyte.se\/en\/wp-json\/wp\/v2\/media?parent=502815"}],"curies":[{"name":"wp","href":"https:\/\/api.w.org\/{rel}","templated":true}]}}