{"id":503061,"date":"2023-09-27T09:43:05","date_gmt":"2023-09-27T07:43:05","guid":{"rendered":"https:\/\/palmberg.io\/?page_id=503061"},"modified":"2024-09-18T09:41:54","modified_gmt":"2024-09-18T07:41:54","slug":"aterforsaljare","status":"publish","type":"page","link":"https:\/\/hexabyte.se\/en\/webbhotell\/aterforsaljare\/","title":{"rendered":"Reseller"},"content":{"rendered":"<div data-elementor-type=\"wp-page\" data-elementor-id=\"503061\" class=\"elementor elementor-503061\" data-elementor-post-type=\"page\">\n\t\t\t\t\t\t<section class=\"elementor-section elementor-top-section elementor-element elementor-element-1321c4c elementor-reverse-mobile elementor-section-boxed elementor-section-height-default elementor-section-height-default\" data-id=\"1321c4c\" data-element_type=\"section\" data-e-type=\"section\" data-settings=\"{&quot;background_background&quot;:&quot;classic&quot;}\">\n\t\t\t\t\t\t<div class=\"elementor-container elementor-column-gap-default\">\n\t\t\t\t\t<div class=\"elementor-column elementor-col-100 elementor-top-column elementor-element elementor-element-e880b3f\" data-id=\"e880b3f\" data-element_type=\"column\" data-e-type=\"column\">\n\t\t\t<div class=\"elementor-widget-wrap elementor-element-populated\">\n\t\t\t\t\t\t<div class=\"elementor-element elementor-element-3a6a8bc elementor-nav-menu--dropdown-none elementor-hidden-mobile elementor-widget elementor-widget-global elementor-global-503054 elementor-widget-nav-menu\" data-id=\"3a6a8bc\" data-element_type=\"widget\" data-e-type=\"widget\" data-settings=\"{&quot;layout&quot;:&quot;horizontal&quot;,&quot;submenu_icon&quot;:{&quot;value&quot;:&quot;fas fa-caret-down&quot;,&quot;library&quot;:&quot;fa-solid&quot;}}\" data-widget_type=\"nav-menu.default\">\n\t\t\t\t<div class=\"elementor-widget-container\">\n\t\t\t\t\t\t\t\t<nav aria-label=\"Menu\" class=\"elementor-nav-menu--main elementor-nav-menu__container elementor-nav-menu--layout-horizontal e--pointer-underline e--animation-fade\">\n\t\t\t\t<ul id=\"menu-1-3a6a8bc\" class=\"elementor-nav-menu\"><li class=\"menu-item menu-item-type-post_type menu-item-object-page menu-item-503053\"><a href=\"https:\/\/hexabyte.se\/en\/webbhotell\/\" class=\"elementor-item\">Web hosting<\/a><\/li>\n<li class=\"menu-item menu-item-type-post_type menu-item-object-page menu-item-503066\"><a href=\"https:\/\/hexabyte.se\/en\/webbhotell\/aterforsaljare\/\" class=\"elementor-item\">Reseller<\/a><\/li>\n<li class=\"menu-item menu-item-type-post_type menu-item-object-page menu-item-503101\"><a href=\"https:\/\/hexabyte.se\/en\/webbhotell\/prislista\/\" class=\"elementor-item\">Price list<\/a><\/li>\n<\/ul>\t\t\t<\/nav>\n\t\t\t\t\t\t<nav class=\"elementor-nav-menu--dropdown elementor-nav-menu__container\" aria-hidden=\"true\">\n\t\t\t\t<ul id=\"menu-2-3a6a8bc\" class=\"elementor-nav-menu\"><li class=\"menu-item menu-item-type-post_type menu-item-object-page menu-item-503053\"><a href=\"https:\/\/hexabyte.se\/en\/webbhotell\/\" class=\"elementor-item\" tabindex=\"-1\">Web hosting<\/a><\/li>\n<li class=\"menu-item menu-item-type-post_type menu-item-object-page menu-item-503066\"><a href=\"https:\/\/hexabyte.se\/en\/webbhotell\/aterforsaljare\/\" class=\"elementor-item\" tabindex=\"-1\">Reseller<\/a><\/li>\n<li class=\"menu-item menu-item-type-post_type menu-item-object-page menu-item-503101\"><a href=\"https:\/\/hexabyte.se\/en\/webbhotell\/prislista\/\" class=\"elementor-item\" tabindex=\"-1\">Price list<\/a><\/li>\n<\/ul>\t\t\t<\/nav>\n\t\t\t\t\t\t<\/div>\n\t\t\t\t<\/div>\n\t\t\t\t<div class=\"elementor-element elementor-element-f9222bf elementor-widget elementor-widget-heading\" data-id=\"f9222bf\" data-element_type=\"widget\" data-e-type=\"widget\" data-widget_type=\"heading.default\">\n\t\t\t\t<div class=\"elementor-widget-container\">\n\t\t\t\t\t<h1 class=\"elementor-heading-title elementor-size-default\">For developers<\/h1>\t\t\t\t<\/div>\n\t\t\t\t<\/div>\n\t\t\t\t<div class=\"elementor-element elementor-element-b560786 elementor-widget elementor-widget-text-editor\" data-id=\"b560786\" data-element_type=\"widget\" data-e-type=\"widget\" data-widget_type=\"text-editor.default\">\n\t\t\t\t<div class=\"elementor-widget-container\">\n\t\t\t\t\t\t\t\t\t<p>Our web hosting is created by web developers, for web developers. With, in our opinion, the market&#039;s best control panel \u2013 Plesk.<\/p>\t\t\t\t\t\t\t\t<\/div>\n\t\t\t\t<\/div>\n\t\t\t\t<div class=\"elementor-element elementor-element-00b0a16 elementor-icon-list--layout-inline elementor-list-item-link-full_width elementor-widget elementor-widget-icon-list\" data-id=\"00b0a16\" data-element_type=\"widget\" data-e-type=\"widget\" data-widget_type=\"icon-list.default\">\n\t\t\t\t<div class=\"elementor-widget-container\">\n\t\t\t\t\t\t\t<ul class=\"elementor-icon-list-items elementor-inline-items\">\n\t\t\t\t\t\t\t<li class=\"elementor-icon-list-item elementor-inline-item\">\n\t\t\t\t\t\t\t\t\t\t\t<span class=\"elementor-icon-list-icon\">\n\t\t\t\t\t\t\t<i aria-hidden=\"true\" class=\"fas fa-map-marker-alt\"><\/i>\t\t\t\t\t\t<\/span>\n\t\t\t\t\t\t\t\t\t\t<span class=\"elementor-icon-list-text\">Servers &amp; data storage in Norrland<\/span>\n\t\t\t\t\t\t\t\t\t<\/li>\n\t\t\t\t\t\t\t\t<li class=\"elementor-icon-list-item elementor-inline-item\">\n\t\t\t\t\t\t\t\t\t\t\t<span class=\"elementor-icon-list-icon\">\n\t\t\t\t\t\t\t<i aria-hidden=\"true\" class=\"fas fa-check\"><\/i>\t\t\t\t\t\t<\/span>\n\t\t\t\t\t\t\t\t\t\t<span class=\"elementor-icon-list-text\">Plesk control panel<\/span>\n\t\t\t\t\t\t\t\t\t<\/li>\n\t\t\t\t\t\t\t\t<li class=\"elementor-icon-list-item elementor-inline-item\">\n\t\t\t\t\t\t\t\t\t\t\t<span class=\"elementor-icon-list-icon\">\n\t\t\t\t\t\t\t<i aria-hidden=\"true\" class=\"fas fa-leaf\"><\/i>\t\t\t\t\t\t<\/span>\n\t\t\t\t\t\t\t\t\t\t<span class=\"elementor-icon-list-text\">100% Renewable electricity<\/span>\n\t\t\t\t\t\t\t\t\t<\/li>\n\t\t\t\t\t\t<\/ul>\n\t\t\t\t\t\t<\/div>\n\t\t\t\t<\/div>\n\t\t\t\t<div class=\"elementor-element elementor-element-282cd71 elementor-widget__width-auto elementor-widget elementor-widget-button\" data-id=\"282cd71\" data-element_type=\"widget\" data-e-type=\"widget\" data-widget_type=\"button.default\">\n\t\t\t\t<div class=\"elementor-widget-container\">\n\t\t\t\t\t\t\t\t\t<div class=\"elementor-button-wrapper\">\n\t\t\t\t\t<a class=\"elementor-button elementor-button-link elementor-size-sm\" href=\"https:\/\/hexabyte.se\/en\/kontakta-oss\/\">\n\t\t\t\t\t\t<span class=\"elementor-button-content-wrapper\">\n\t\t\t\t\t\t\t\t\t<span class=\"elementor-button-text\">Get started<\/span>\n\t\t\t\t\t<\/span>\n\t\t\t\t\t<\/a>\n\t\t\t\t<\/div>\n\t\t\t\t\t\t\t\t<\/div>\n\t\t\t\t<\/div>\n\t\t\t\t\t<\/div>\n\t\t<\/div>\n\t\t\t\t\t<\/div>\n\t\t<\/section>\n\t\t<div class=\"elementor-element elementor-element-b009be1 e-flex e-con-boxed e-con e-parent\" data-id=\"b009be1\" data-element_type=\"container\" data-e-type=\"container\">\n\t\t\t\t\t<div class=\"e-con-inner\">\n\t\t<div class=\"elementor-element elementor-element-8cec508 e-flex e-con-boxed e-con e-child\" data-id=\"8cec508\" data-element_type=\"container\" data-e-type=\"container\">\n\t\t\t\t\t<div class=\"e-con-inner\">\n\t\t\t\t<div class=\"elementor-element elementor-element-7648ab8 elementor-widget elementor-widget-heading\" data-id=\"7648ab8\" data-element_type=\"widget\" data-e-type=\"widget\" data-widget_type=\"heading.default\">\n\t\t\t\t<div class=\"elementor-widget-container\">\n\t\t\t\t\t<h2 class=\"elementor-heading-title elementor-size-default\">Features for resellers<\/h2>\t\t\t\t<\/div>\n\t\t\t\t<\/div>\n\t\t\t\t<div class=\"elementor-element elementor-element-9b735c2 elementor-align-start elementor-icon-list--layout-traditional elementor-list-item-link-full_width elementor-widget elementor-widget-icon-list\" data-id=\"9b735c2\" data-element_type=\"widget\" data-e-type=\"widget\" data-widget_type=\"icon-list.default\">\n\t\t\t\t<div class=\"elementor-widget-container\">\n\t\t\t\t\t\t\t<ul class=\"elementor-icon-list-items\">\n\t\t\t\t\t\t\t<li class=\"elementor-icon-list-item\">\n\t\t\t\t\t\t\t\t\t\t\t<span class=\"elementor-icon-list-icon\">\n\t\t\t\t\t\t\t<i aria-hidden=\"true\" class=\"fas fa-users\"><\/i>\t\t\t\t\t\t<\/span>\n\t\t\t\t\t\t\t\t\t\t<span class=\"elementor-icon-list-text\">Isolated customer accounts<\/span>\n\t\t\t\t\t\t\t\t\t<\/li>\n\t\t\t\t\t\t\t\t<li class=\"elementor-icon-list-item\">\n\t\t\t\t\t\t\t\t\t\t\t<span class=\"elementor-icon-list-icon\">\n\t\t\t\t\t\t\t<i aria-hidden=\"true\" class=\"fas fa-check\"><\/i>\t\t\t\t\t\t<\/span>\n\t\t\t\t\t\t\t\t\t\t<span class=\"elementor-icon-list-text\">Manage all customers from the same control panel<\/span>\n\t\t\t\t\t\t\t\t\t<\/li>\n\t\t\t\t\t\t\t\t<li class=\"elementor-icon-list-item\">\n\t\t\t\t\t\t\t\t\t\t\t<span class=\"elementor-icon-list-icon\">\n\t\t\t\t\t\t\t<i aria-hidden=\"true\" class=\"fas fa-plus\"><\/i>\t\t\t\t\t\t<\/span>\n\t\t\t\t\t\t\t\t\t\t<span class=\"elementor-icon-list-text\">Expand with more customer accounts as you grow<\/span>\n\t\t\t\t\t\t\t\t\t<\/li>\n\t\t\t\t\t\t<\/ul>\n\t\t\t\t\t\t<\/div>\n\t\t\t\t<\/div>\n\t\t\t\t\t<\/div>\n\t\t\t\t<\/div>\n\t\t\t\t<div class=\"elementor-element elementor-element-118e4d1 elementor-widget__width-initial elementor-widget elementor-widget-image\" data-id=\"118e4d1\" data-element_type=\"widget\" data-e-type=\"widget\" data-widget_type=\"image.default\">\n\t\t\t\t<div class=\"elementor-widget-container\">\n\t\t\t\t\t\t\t\t\t\t\t\t\t\t\t<img fetchpriority=\"high\" decoding=\"async\" width=\"400\" height=\"400\" src=\"https:\/\/hexabyte.se\/wp-content\/uploads\/2022\/09\/filip-palmberg-salj.jpg\" class=\"attachment-large size-large wp-image-501466\" alt=\"Filip Palmberg utveckling och seo\" srcset=\"https:\/\/hexabyte.se\/wp-content\/uploads\/2022\/09\/filip-palmberg-salj.jpg 400w, https:\/\/hexabyte.se\/wp-content\/uploads\/2022\/09\/filip-palmberg-salj-385x385.jpg 385w, https:\/\/hexabyte.se\/wp-content\/uploads\/2022\/09\/filip-palmberg-salj-150x150.jpg 150w\" sizes=\"(max-width: 400px) 100vw, 400px\" \/>\t\t\t\t\t\t\t\t\t\t\t\t\t\t\t<\/div>\n\t\t\t\t<\/div>\n\t\t\t\t\t<\/div>\n\t\t\t\t<\/div>\n\t\t\t\t<\/div>","protected":false},"excerpt":{"rendered":"<p>For developers Our web hosting is created by web developers, for web developers. With, in our opinion, the market&#039;s best control panel \u2013 Plesk. Servers &amp; data storage in Norrland Plesk control panel 100% Renewable electricity Get started Features for resellers Isolated customer accounts Manage all customers from the same control panel Expand with more customer accounts as you grow<\/p>","protected":false},"author":1,"featured_media":0,"parent":501351,"menu_order":13,"comment_status":"closed","ping_status":"closed","template":"","meta":{"_acf_changed":false,"footnotes":""},"class_list":["post-503061","page","type-page","status-publish","hentry"],"acf":[],"yoast_head":"<!-- This site is optimized with the Yoast SEO plugin v27.4 - https:\/\/yoast.com\/product\/yoast-seo-wordpress\/ -->\n<title>Webbhotell f\u00f6r utvecklare &amp; byr\u00e5er | Hexabyte<\/title>\n<meta name=\"description\" content=\"Webbhotell fr\u00e5n Norrland f\u00f6r utvecklare och byr\u00e5er som vill erbjuda det b\u00e4sta till kunderna. Samla era kunder p\u00e5 samma st\u00e4lle, bra support.\" \/>\n<meta name=\"robots\" content=\"index, follow, max-snippet:-1, max-image-preview:large, max-video-preview:-1\" \/>\n<link rel=\"canonical\" href=\"https:\/\/hexabyte.se\/en\/webbhotell\/aterforsaljare\/\" \/>\n<meta property=\"og:locale\" content=\"en_US\" \/>\n<meta property=\"og:type\" content=\"article\" \/>\n<meta property=\"og:title\" content=\"Webbhotell f\u00f6r utvecklare &amp; byr\u00e5er | Hexabyte\" \/>\n<meta property=\"og:description\" content=\"Webbhotell fr\u00e5n Norrland f\u00f6r utvecklare och byr\u00e5er som vill erbjuda det b\u00e4sta till kunderna. Samla era kunder p\u00e5 samma st\u00e4lle, bra support.\" \/>\n<meta property=\"og:url\" content=\"https:\/\/hexabyte.se\/en\/webbhotell\/aterforsaljare\/\" \/>\n<meta property=\"og:site_name\" content=\"Hexabyte\" \/>\n<meta property=\"article:modified_time\" content=\"2024-09-18T07:41:54+00:00\" \/>\n<meta property=\"og:image\" content=\"https:\/\/hexabyte.se\/wp-content\/uploads\/2022\/09\/filip-palmberg-salj.jpg\" \/>\n<meta name=\"twitter:card\" content=\"summary_large_image\" \/>\n<meta name=\"twitter:label1\" content=\"Est. reading time\" \/>\n\t<meta name=\"twitter:data1\" content=\"1 minute\" \/>\n<script type=\"application\/ld+json\" class=\"yoast-schema-graph\">{\"@context\":\"https:\\\/\\\/schema.org\",\"@graph\":[{\"@type\":\"WebPage\",\"@id\":\"https:\\\/\\\/hexabyte.se\\\/webbhotell\\\/aterforsaljare\\\/\",\"url\":\"https:\\\/\\\/hexabyte.se\\\/webbhotell\\\/aterforsaljare\\\/\",\"name\":\"Webbhotell f\u00f6r utvecklare & byr\u00e5er | Hexabyte\",\"isPartOf\":{\"@id\":\"https:\\\/\\\/hexabyte.se\\\/#website\"},\"primaryImageOfPage\":{\"@id\":\"https:\\\/\\\/hexabyte.se\\\/webbhotell\\\/aterforsaljare\\\/#primaryimage\"},\"image\":{\"@id\":\"https:\\\/\\\/hexabyte.se\\\/webbhotell\\\/aterforsaljare\\\/#primaryimage\"},\"thumbnailUrl\":\"https:\\\/\\\/hexabyte.se\\\/wp-content\\\/uploads\\\/2022\\\/09\\\/filip-palmberg-salj.jpg\",\"datePublished\":\"2023-09-27T07:43:05+00:00\",\"dateModified\":\"2024-09-18T07:41:54+00:00\",\"description\":\"Webbhotell fr\u00e5n Norrland f\u00f6r utvecklare och byr\u00e5er som vill erbjuda det b\u00e4sta till kunderna. Samla era kunder p\u00e5 samma st\u00e4lle, bra support.\",\"breadcrumb\":{\"@id\":\"https:\\\/\\\/hexabyte.se\\\/webbhotell\\\/aterforsaljare\\\/#breadcrumb\"},\"inLanguage\":\"en-US\",\"potentialAction\":[{\"@type\":\"ReadAction\",\"target\":[\"https:\\\/\\\/hexabyte.se\\\/webbhotell\\\/aterforsaljare\\\/\"]}]},{\"@type\":\"ImageObject\",\"inLanguage\":\"en-US\",\"@id\":\"https:\\\/\\\/hexabyte.se\\\/webbhotell\\\/aterforsaljare\\\/#primaryimage\",\"url\":\"https:\\\/\\\/hexabyte.se\\\/wp-content\\\/uploads\\\/2022\\\/09\\\/filip-palmberg-salj.jpg\",\"contentUrl\":\"https:\\\/\\\/hexabyte.se\\\/wp-content\\\/uploads\\\/2022\\\/09\\\/filip-palmberg-salj.jpg\"},{\"@type\":\"BreadcrumbList\",\"@id\":\"https:\\\/\\\/hexabyte.se\\\/webbhotell\\\/aterforsaljare\\\/#breadcrumb\",\"itemListElement\":[{\"@type\":\"ListItem\",\"position\":1,\"name\":\"Hem\",\"item\":\"https:\\\/\\\/hexabyte.se\\\/\"},{\"@type\":\"ListItem\",\"position\":2,\"name\":\"Webbhotell\",\"item\":\"https:\\\/\\\/hexabyte.se\\\/webbhotell\\\/\"},{\"@type\":\"ListItem\",\"position\":3,\"name\":\"\u00c5terf\u00f6rs\u00e4ljare\"}]},{\"@type\":\"WebSite\",\"@id\":\"https:\\\/\\\/hexabyte.se\\\/#website\",\"url\":\"https:\\\/\\\/hexabyte.se\\\/\",\"name\":\"Hexabyte\",\"description\":\"Serverl\u00f6sningar\",\"publisher\":{\"@id\":\"https:\\\/\\\/hexabyte.se\\\/#organization\"},\"potentialAction\":[{\"@type\":\"SearchAction\",\"target\":{\"@type\":\"EntryPoint\",\"urlTemplate\":\"https:\\\/\\\/hexabyte.se\\\/?s={search_term_string}\"},\"query-input\":{\"@type\":\"PropertyValueSpecification\",\"valueRequired\":true,\"valueName\":\"search_term_string\"}}],\"inLanguage\":\"en-US\"},{\"@type\":\"Organization\",\"@id\":\"https:\\\/\\\/hexabyte.se\\\/#organization\",\"name\":\"Hexabyte AB\",\"url\":\"https:\\\/\\\/hexabyte.se\\\/\",\"logo\":{\"@type\":\"ImageObject\",\"inLanguage\":\"en-US\",\"@id\":\"https:\\\/\\\/hexabyte.se\\\/#\\\/schema\\\/logo\\\/image\\\/\",\"url\":\"https:\\\/\\\/hexabyte.se\\\/wp-content\\\/uploads\\\/2023\\\/12\\\/hexabyte-clear.svg\",\"contentUrl\":\"https:\\\/\\\/hexabyte.se\\\/wp-content\\\/uploads\\\/2023\\\/12\\\/hexabyte-clear.svg\",\"width\":318,\"height\":57,\"caption\":\"Hexabyte AB\"},\"image\":{\"@id\":\"https:\\\/\\\/hexabyte.se\\\/#\\\/schema\\\/logo\\\/image\\\/\"}}]}<\/script>\n<!-- \/ Yoast SEO plugin. -->","yoast_head_json":{"title":"Web hosting for developers &amp; agencies | Hexabyte","description":"Web hosting from Norrland for developers and agencies who want to offer the best to their customers. Gather your customers in the same place, good support.","robots":{"index":"index","follow":"follow","max-snippet":"max-snippet:-1","max-image-preview":"max-image-preview:large","max-video-preview":"max-video-preview:-1"},"canonical":"https:\/\/hexabyte.se\/en\/webbhotell\/aterforsaljare\/","og_locale":"en_US","og_type":"article","og_title":"Webbhotell f\u00f6r utvecklare & byr\u00e5er | Hexabyte","og_description":"Webbhotell fr\u00e5n Norrland f\u00f6r utvecklare och byr\u00e5er som vill erbjuda det b\u00e4sta till kunderna. Samla era kunder p\u00e5 samma st\u00e4lle, bra support.","og_url":"https:\/\/hexabyte.se\/en\/webbhotell\/aterforsaljare\/","og_site_name":"Hexabyte","article_modified_time":"2024-09-18T07:41:54+00:00","og_image":[{"url":"https:\/\/hexabyte.se\/wp-content\/uploads\/2022\/09\/filip-palmberg-salj.jpg","type":"","width":"","height":""}],"twitter_card":"summary_large_image","twitter_misc":{"Est. reading time":"1 minute"},"schema":{"@context":"https:\/\/schema.org","@graph":[{"@type":"WebPage","@id":"https:\/\/hexabyte.se\/webbhotell\/aterforsaljare\/","url":"https:\/\/hexabyte.se\/webbhotell\/aterforsaljare\/","name":"Web hosting for developers &amp; agencies | Hexabyte","isPartOf":{"@id":"https:\/\/hexabyte.se\/#website"},"primaryImageOfPage":{"@id":"https:\/\/hexabyte.se\/webbhotell\/aterforsaljare\/#primaryimage"},"image":{"@id":"https:\/\/hexabyte.se\/webbhotell\/aterforsaljare\/#primaryimage"},"thumbnailUrl":"https:\/\/hexabyte.se\/wp-content\/uploads\/2022\/09\/filip-palmberg-salj.jpg","datePublished":"2023-09-27T07:43:05+00:00","dateModified":"2024-09-18T07:41:54+00:00","description":"Web hosting from Norrland for developers and agencies who want to offer the best to their customers. Gather your customers in the same place, good support.","breadcrumb":{"@id":"https:\/\/hexabyte.se\/webbhotell\/aterforsaljare\/#breadcrumb"},"inLanguage":"en-US","potentialAction":[{"@type":"ReadAction","target":["https:\/\/hexabyte.se\/webbhotell\/aterforsaljare\/"]}]},{"@type":"ImageObject","inLanguage":"en-US","@id":"https:\/\/hexabyte.se\/webbhotell\/aterforsaljare\/#primaryimage","url":"https:\/\/hexabyte.se\/wp-content\/uploads\/2022\/09\/filip-palmberg-salj.jpg","contentUrl":"https:\/\/hexabyte.se\/wp-content\/uploads\/2022\/09\/filip-palmberg-salj.jpg"},{"@type":"BreadcrumbList","@id":"https:\/\/hexabyte.se\/webbhotell\/aterforsaljare\/#breadcrumb","itemListElement":[{"@type":"ListItem","position":1,"name":"Hem","item":"https:\/\/hexabyte.se\/"},{"@type":"ListItem","position":2,"name":"Webbhotell","item":"https:\/\/hexabyte.se\/webbhotell\/"},{"@type":"ListItem","position":3,"name":"\u00c5terf\u00f6rs\u00e4ljare"}]},{"@type":"WebSite","@id":"https:\/\/hexabyte.se\/#website","url":"https:\/\/hexabyte.se\/","name":"Hexabytes","description":"Server solutions","publisher":{"@id":"https:\/\/hexabyte.se\/#organization"},"potentialAction":[{"@type":"SearchAction","target":{"@type":"EntryPoint","urlTemplate":"https:\/\/hexabyte.se\/?s={search_term_string}"},"query-input":{"@type":"PropertyValueSpecification","valueRequired":true,"valueName":"search_term_string"}}],"inLanguage":"en-US"},{"@type":"Organization","@id":"https:\/\/hexabyte.se\/#organization","name":"Hexabyte AB","url":"https:\/\/hexabyte.se\/","logo":{"@type":"ImageObject","inLanguage":"en-US","@id":"https:\/\/hexabyte.se\/#\/schema\/logo\/image\/","url":"https:\/\/hexabyte.se\/wp-content\/uploads\/2023\/12\/hexabyte-clear.svg","contentUrl":"https:\/\/hexabyte.se\/wp-content\/uploads\/2023\/12\/hexabyte-clear.svg","width":318,"height":57,"caption":"Hexabyte AB"},"image":{"@id":"https:\/\/hexabyte.se\/#\/schema\/logo\/image\/"}}]}},"_links":{"self":[{"href":"https:\/\/hexabyte.se\/en\/wp-json\/wp\/v2\/pages\/503061","targetHints":{"allow":["GET"]}}],"collection":[{"href":"https:\/\/hexabyte.se\/en\/wp-json\/wp\/v2\/pages"}],"about":[{"href":"https:\/\/hexabyte.se\/en\/wp-json\/wp\/v2\/types\/page"}],"author":[{"embeddable":true,"href":"https:\/\/hexabyte.se\/en\/wp-json\/wp\/v2\/users\/1"}],"replies":[{"embeddable":true,"href":"https:\/\/hexabyte.se\/en\/wp-json\/wp\/v2\/comments?post=503061"}],"version-history":[{"count":25,"href":"https:\/\/hexabyte.se\/en\/wp-json\/wp\/v2\/pages\/503061\/revisions"}],"predecessor-version":[{"id":504531,"href":"https:\/\/hexabyte.se\/en\/wp-json\/wp\/v2\/pages\/503061\/revisions\/504531"}],"up":[{"embeddable":true,"href":"https:\/\/hexabyte.se\/en\/wp-json\/wp\/v2\/pages\/501351"}],"wp:attachment":[{"href":"https:\/\/hexabyte.se\/en\/wp-json\/wp\/v2\/media?parent=503061"}],"curies":[{"name":"wp","href":"https:\/\/api.w.org\/{rel}","templated":true}]}}