{"id":503796,"date":"2024-04-03T10:07:29","date_gmt":"2024-04-03T08:07:29","guid":{"rendered":"https:\/\/hexabyte.se\/?page_id=503796"},"modified":"2024-08-21T12:46:07","modified_gmt":"2024-08-21T10:46:07","slug":"r640-gold-6148","status":"publish","type":"page","link":"https:\/\/hexabyte.se\/en\/dedicated-server\/r640-gold-6148\/","title":{"rendered":"R640 Gold 6148"},"content":{"rendered":"<p>The Dell R640 is a very reliable and powerful server with a lot of possibilities and performance. The server is part of Dell&#039;s 14th generation Power Edge that was launched in 2017 and can handle first and second generation Intel Xeon Scalable processors up to 205W.<\/p>\n\n\n\n<p>This server is equipped with two Intel Xeon Gold 6148 each with 20 cores and 40 threads, with base frequency 2.4 GHz and turbo frequency 3.7 GHz.<\/p>","protected":false},"excerpt":{"rendered":"<p>Dell R640 \u00e4r en mycket p\u00e5litlig och kraftfull server med mycket m\u00f6jligheter och prestanda. Servern ing\u00e5r i Dells 14e generation Power Edge som lanserades 2017 och klarar f\u00f6rsta och andra generationen av Intel Xeon Scalable processorer upp till 205W. Den h\u00e4r servern \u00e4r utrustad med tv\u00e5 stycken Intel Xeon Gold 6148 som vardera har 20 [&hellip;]<\/p>\n","protected":false},"author":3,"featured_media":503951,"parent":503159,"menu_order":2,"comment_status":"closed","ping_status":"closed","template":"","meta":{"_acf_changed":false,"footnotes":""},"class_list":["post-503796","page","type-page","status-publish","has-post-thumbnail","hentry"],"acf":[],"yoast_head":"<!-- This site is optimized with the Yoast SEO plugin v27.3 - https:\/\/yoast.com\/product\/yoast-seo-wordpress\/ -->\n<title>R640 Gold 6148<\/title>\n<meta name=\"robots\" content=\"index, follow, max-snippet:-1, max-image-preview:large, max-video-preview:-1\" \/>\n<link rel=\"canonical\" href=\"https:\/\/hexabyte.se\/en\/dedicated-server\/r640-gold-6148\/\" \/>\n<meta property=\"og:locale\" content=\"en_US\" \/>\n<meta property=\"og:type\" content=\"article\" \/>\n<meta property=\"og:title\" content=\"R640 Gold 6148\" \/>\n<meta property=\"og:description\" content=\"Dell R640 \u00e4r en mycket p\u00e5litlig och kraftfull server med mycket m\u00f6jligheter och prestanda. Servern ing\u00e5r i Dells 14e generation Power Edge som lanserades 2017 och klarar f\u00f6rsta och andra generationen av Intel Xeon Scalable processorer upp till 205W. Den h\u00e4r servern \u00e4r utrustad med tv\u00e5 stycken Intel Xeon Gold 6148 som vardera har 20 [&hellip;]\" \/>\n<meta property=\"og:url\" content=\"https:\/\/hexabyte.se\/en\/dedicated-server\/r640-gold-6148\/\" \/>\n<meta property=\"og:site_name\" content=\"Hexabyte\" \/>\n<meta property=\"article:modified_time\" content=\"2024-08-21T10:46:07+00:00\" \/>\n<meta property=\"og:image\" content=\"https:\/\/hexabyte.se\/wp-content\/uploads\/2024\/04\/dedicated-server-vector.png\" \/>\n\t<meta property=\"og:image:width\" content=\"1000\" \/>\n\t<meta property=\"og:image:height\" content=\"560\" \/>\n\t<meta property=\"og:image:type\" content=\"image\/png\" \/>\n<meta name=\"twitter:card\" content=\"summary_large_image\" \/>\n<meta name=\"twitter:label1\" content=\"Est. reading time\" \/>\n\t<meta name=\"twitter:data1\" content=\"1 minute\" \/>\n<script type=\"application\/ld+json\" class=\"yoast-schema-graph\">{\"@context\":\"https:\\\/\\\/schema.org\",\"@graph\":[{\"@type\":\"WebPage\",\"@id\":\"https:\\\/\\\/hexabyte.se\\\/dedicated-server\\\/r640-gold-6148\\\/\",\"url\":\"https:\\\/\\\/hexabyte.se\\\/dedicated-server\\\/r640-gold-6148\\\/\",\"name\":\"R640 Gold 6148\",\"isPartOf\":{\"@id\":\"https:\\\/\\\/hexabyte.se\\\/#website\"},\"primaryImageOfPage\":{\"@id\":\"https:\\\/\\\/hexabyte.se\\\/dedicated-server\\\/r640-gold-6148\\\/#primaryimage\"},\"image\":{\"@id\":\"https:\\\/\\\/hexabyte.se\\\/dedicated-server\\\/r640-gold-6148\\\/#primaryimage\"},\"thumbnailUrl\":\"https:\\\/\\\/hexabyte.se\\\/wp-content\\\/uploads\\\/2024\\\/04\\\/dedicated-server-vector.png\",\"datePublished\":\"2024-04-03T08:07:29+00:00\",\"dateModified\":\"2024-08-21T10:46:07+00:00\",\"breadcrumb\":{\"@id\":\"https:\\\/\\\/hexabyte.se\\\/dedicated-server\\\/r640-gold-6148\\\/#breadcrumb\"},\"inLanguage\":\"en-US\",\"potentialAction\":[{\"@type\":\"ReadAction\",\"target\":[\"https:\\\/\\\/hexabyte.se\\\/dedicated-server\\\/r640-gold-6148\\\/\"]}]},{\"@type\":\"ImageObject\",\"inLanguage\":\"en-US\",\"@id\":\"https:\\\/\\\/hexabyte.se\\\/dedicated-server\\\/r640-gold-6148\\\/#primaryimage\",\"url\":\"https:\\\/\\\/hexabyte.se\\\/wp-content\\\/uploads\\\/2024\\\/04\\\/dedicated-server-vector.png\",\"contentUrl\":\"https:\\\/\\\/hexabyte.se\\\/wp-content\\\/uploads\\\/2024\\\/04\\\/dedicated-server-vector.png\",\"width\":1000,\"height\":560,\"caption\":\"Dedicated server vector\"},{\"@type\":\"BreadcrumbList\",\"@id\":\"https:\\\/\\\/hexabyte.se\\\/dedicated-server\\\/r640-gold-6148\\\/#breadcrumb\",\"itemListElement\":[{\"@type\":\"ListItem\",\"position\":1,\"name\":\"Hem\",\"item\":\"https:\\\/\\\/hexabyte.se\\\/\"},{\"@type\":\"ListItem\",\"position\":2,\"name\":\"Dedikerade servrar\",\"item\":\"https:\\\/\\\/hexabyte.se\\\/dedicated-server\\\/\"},{\"@type\":\"ListItem\",\"position\":3,\"name\":\"R640 Gold 6148\"}]},{\"@type\":\"WebSite\",\"@id\":\"https:\\\/\\\/hexabyte.se\\\/#website\",\"url\":\"https:\\\/\\\/hexabyte.se\\\/\",\"name\":\"Hexabyte\",\"description\":\"Serverl\u00f6sningar\",\"publisher\":{\"@id\":\"https:\\\/\\\/hexabyte.se\\\/#organization\"},\"potentialAction\":[{\"@type\":\"SearchAction\",\"target\":{\"@type\":\"EntryPoint\",\"urlTemplate\":\"https:\\\/\\\/hexabyte.se\\\/?s={search_term_string}\"},\"query-input\":{\"@type\":\"PropertyValueSpecification\",\"valueRequired\":true,\"valueName\":\"search_term_string\"}}],\"inLanguage\":\"en-US\"},{\"@type\":\"Organization\",\"@id\":\"https:\\\/\\\/hexabyte.se\\\/#organization\",\"name\":\"Hexabyte AB\",\"url\":\"https:\\\/\\\/hexabyte.se\\\/\",\"logo\":{\"@type\":\"ImageObject\",\"inLanguage\":\"en-US\",\"@id\":\"https:\\\/\\\/hexabyte.se\\\/#\\\/schema\\\/logo\\\/image\\\/\",\"url\":\"https:\\\/\\\/hexabyte.se\\\/wp-content\\\/uploads\\\/2023\\\/12\\\/hexabyte-clear.svg\",\"contentUrl\":\"https:\\\/\\\/hexabyte.se\\\/wp-content\\\/uploads\\\/2023\\\/12\\\/hexabyte-clear.svg\",\"width\":318,\"height\":57,\"caption\":\"Hexabyte AB\"},\"image\":{\"@id\":\"https:\\\/\\\/hexabyte.se\\\/#\\\/schema\\\/logo\\\/image\\\/\"}}]}<\/script>\n<!-- \/ Yoast SEO plugin. -->","yoast_head_json":{"title":"R640 Gold 6148","robots":{"index":"index","follow":"follow","max-snippet":"max-snippet:-1","max-image-preview":"max-image-preview:large","max-video-preview":"max-video-preview:-1"},"canonical":"https:\/\/hexabyte.se\/en\/dedicated-server\/r640-gold-6148\/","og_locale":"en_US","og_type":"article","og_title":"R640 Gold 6148","og_description":"Dell R640 \u00e4r en mycket p\u00e5litlig och kraftfull server med mycket m\u00f6jligheter och prestanda. Servern ing\u00e5r i Dells 14e generation Power Edge som lanserades 2017 och klarar f\u00f6rsta och andra generationen av Intel Xeon Scalable processorer upp till 205W. Den h\u00e4r servern \u00e4r utrustad med tv\u00e5 stycken Intel Xeon Gold 6148 som vardera har 20 [&hellip;]","og_url":"https:\/\/hexabyte.se\/en\/dedicated-server\/r640-gold-6148\/","og_site_name":"Hexabyte","article_modified_time":"2024-08-21T10:46:07+00:00","og_image":[{"width":1000,"height":560,"url":"https:\/\/hexabyte.se\/wp-content\/uploads\/2024\/04\/dedicated-server-vector.png","type":"image\/png"}],"twitter_card":"summary_large_image","twitter_misc":{"Est. reading time":"1 minute"},"schema":{"@context":"https:\/\/schema.org","@graph":[{"@type":"WebPage","@id":"https:\/\/hexabyte.se\/dedicated-server\/r640-gold-6148\/","url":"https:\/\/hexabyte.se\/dedicated-server\/r640-gold-6148\/","name":"R640 Gold 6148","isPartOf":{"@id":"https:\/\/hexabyte.se\/#website"},"primaryImageOfPage":{"@id":"https:\/\/hexabyte.se\/dedicated-server\/r640-gold-6148\/#primaryimage"},"image":{"@id":"https:\/\/hexabyte.se\/dedicated-server\/r640-gold-6148\/#primaryimage"},"thumbnailUrl":"https:\/\/hexabyte.se\/wp-content\/uploads\/2024\/04\/dedicated-server-vector.png","datePublished":"2024-04-03T08:07:29+00:00","dateModified":"2024-08-21T10:46:07+00:00","breadcrumb":{"@id":"https:\/\/hexabyte.se\/dedicated-server\/r640-gold-6148\/#breadcrumb"},"inLanguage":"en-US","potentialAction":[{"@type":"ReadAction","target":["https:\/\/hexabyte.se\/dedicated-server\/r640-gold-6148\/"]}]},{"@type":"ImageObject","inLanguage":"en-US","@id":"https:\/\/hexabyte.se\/dedicated-server\/r640-gold-6148\/#primaryimage","url":"https:\/\/hexabyte.se\/wp-content\/uploads\/2024\/04\/dedicated-server-vector.png","contentUrl":"https:\/\/hexabyte.se\/wp-content\/uploads\/2024\/04\/dedicated-server-vector.png","width":1000,"height":560,"caption":"Dedicated server vector"},{"@type":"BreadcrumbList","@id":"https:\/\/hexabyte.se\/dedicated-server\/r640-gold-6148\/#breadcrumb","itemListElement":[{"@type":"ListItem","position":1,"name":"Hem","item":"https:\/\/hexabyte.se\/"},{"@type":"ListItem","position":2,"name":"Dedikerade servrar","item":"https:\/\/hexabyte.se\/dedicated-server\/"},{"@type":"ListItem","position":3,"name":"R640 Gold 6148"}]},{"@type":"WebSite","@id":"https:\/\/hexabyte.se\/#website","url":"https:\/\/hexabyte.se\/","name":"Hexabytes","description":"Server solutions","publisher":{"@id":"https:\/\/hexabyte.se\/#organization"},"potentialAction":[{"@type":"SearchAction","target":{"@type":"EntryPoint","urlTemplate":"https:\/\/hexabyte.se\/?s={search_term_string}"},"query-input":{"@type":"PropertyValueSpecification","valueRequired":true,"valueName":"search_term_string"}}],"inLanguage":"en-US"},{"@type":"Organization","@id":"https:\/\/hexabyte.se\/#organization","name":"Hexabyte AB","url":"https:\/\/hexabyte.se\/","logo":{"@type":"ImageObject","inLanguage":"en-US","@id":"https:\/\/hexabyte.se\/#\/schema\/logo\/image\/","url":"https:\/\/hexabyte.se\/wp-content\/uploads\/2023\/12\/hexabyte-clear.svg","contentUrl":"https:\/\/hexabyte.se\/wp-content\/uploads\/2023\/12\/hexabyte-clear.svg","width":318,"height":57,"caption":"Hexabyte AB"},"image":{"@id":"https:\/\/hexabyte.se\/#\/schema\/logo\/image\/"}}]}},"_links":{"self":[{"href":"https:\/\/hexabyte.se\/en\/wp-json\/wp\/v2\/pages\/503796","targetHints":{"allow":["GET"]}}],"collection":[{"href":"https:\/\/hexabyte.se\/en\/wp-json\/wp\/v2\/pages"}],"about":[{"href":"https:\/\/hexabyte.se\/en\/wp-json\/wp\/v2\/types\/page"}],"author":[{"embeddable":true,"href":"https:\/\/hexabyte.se\/en\/wp-json\/wp\/v2\/users\/3"}],"replies":[{"embeddable":true,"href":"https:\/\/hexabyte.se\/en\/wp-json\/wp\/v2\/comments?post=503796"}],"version-history":[{"count":30,"href":"https:\/\/hexabyte.se\/en\/wp-json\/wp\/v2\/pages\/503796\/revisions"}],"predecessor-version":[{"id":504437,"href":"https:\/\/hexabyte.se\/en\/wp-json\/wp\/v2\/pages\/503796\/revisions\/504437"}],"up":[{"embeddable":true,"href":"https:\/\/hexabyte.se\/en\/wp-json\/wp\/v2\/pages\/503159"}],"wp:featuredmedia":[{"embeddable":true,"href":"https:\/\/hexabyte.se\/en\/wp-json\/wp\/v2\/media\/503951"}],"wp:attachment":[{"href":"https:\/\/hexabyte.se\/en\/wp-json\/wp\/v2\/media?parent=503796"}],"curies":[{"name":"wp","href":"https:\/\/api.w.org\/{rel}","templated":true}]}}