{"id":504081,"date":"2024-04-20T12:14:35","date_gmt":"2024-04-20T10:14:35","guid":{"rendered":"https:\/\/hexabyte.se\/?page_id=504081"},"modified":"2024-04-20T12:35:48","modified_gmt":"2024-04-20T10:35:48","slug":"varfor-valja-oss","status":"publish","type":"page","link":"https:\/\/hexabyte.se\/en\/varfor-valja-oss\/","title":{"rendered":"Why choose us?"},"content":{"rendered":"\t\t<div data-elementor-type=\"wp-page\" data-elementor-id=\"504081\" class=\"elementor elementor-504081\" data-elementor-post-type=\"page\">\n\t\t\t\t<div class=\"elementor-element elementor-element-38287d3 e-flex e-con-boxed e-con e-parent\" data-id=\"38287d3\" data-element_type=\"container\" data-e-type=\"container\" data-settings=\"{&quot;background_background&quot;:&quot;classic&quot;}\">\n\t\t\t\t\t<div class=\"e-con-inner\">\n\t\t<div class=\"elementor-element elementor-element-0494af1 e-flex e-con-boxed e-con e-child\" data-id=\"0494af1\" data-element_type=\"container\" data-e-type=\"container\">\n\t\t\t\t\t<div class=\"e-con-inner\">\n\t\t\t\t<div class=\"elementor-element elementor-element-fc61512 elementor-widget elementor-widget-heading\" data-id=\"fc61512\" data-element_type=\"widget\" data-e-type=\"widget\" data-widget_type=\"heading.default\">\n\t\t\t\t<div class=\"elementor-widget-container\">\n\t\t\t\t\t<h1 class=\"elementor-heading-title elementor-size-default\">Varf\u00f6r v\u00e4lja oss?<\/h1>\t\t\t\t<\/div>\n\t\t\t\t<\/div>\n\t\t\t\t<div class=\"elementor-element elementor-element-c18d013 elementor-widget elementor-widget-text-editor\" data-id=\"c18d013\" data-element_type=\"widget\" data-e-type=\"widget\" data-widget_type=\"text-editor.default\">\n\t\t\t\t<div class=\"elementor-widget-container\">\n\t\t\t\t\t\t\t\t\t<p><strong>Det b\u00e4sta av tv\u00e5 v\u00e4rldar &#8211; \u00f6verl\u00e4gsen prestanda till ett oslagbart pris.<\/strong><\/p><p>V\u00e4lkommen till Hexabyte &#8211; din p\u00e5litliga partner f\u00f6r hosting och serverl\u00f6sningar. Vi f\u00f6rst\u00e5r att valet av en hostingleverant\u00f6r kan vara avg\u00f6rande f\u00f6r ditt f\u00f6retags framg\u00e5ng.<\/p><p>Varf\u00f6r ska du v\u00e4lja Hexabyte? F\u00f6r att vi erbjuder marknadens b\u00e4sta priser utan att kompromissa med prestanda och s\u00e4kerhet.<\/p><p>Med v\u00e5rt fokus p\u00e5 att h\u00e5lla kostnaderna nere och samtidigt leverera h\u00f6gkvalitativa hostingl\u00f6sningar, ger vi ditt f\u00f6retag det b\u00e4sta av tv\u00e5 v\u00e4rldar &#8211; \u00f6verl\u00e4gsen prestanda till ett oslagbart pris.<\/p>\t\t\t\t\t\t\t\t<\/div>\n\t\t\t\t<\/div>\n\t\t\t\t\t<\/div>\n\t\t\t\t<\/div>\n\t\t\t\t<div class=\"elementor-element elementor-element-6e8c4ac elementor-widget__width-initial elementor-hidden-mobile elementor-widget elementor-widget-image\" data-id=\"6e8c4ac\" data-element_type=\"widget\" data-e-type=\"widget\" data-widget_type=\"image.default\">\n\t\t\t\t<div class=\"elementor-widget-container\">\n\t\t\t\t\t\t\t\t\t\t\t\t\t\t\t<img fetchpriority=\"high\" decoding=\"async\" width=\"768\" height=\"512\" src=\"https:\/\/hexabyte.se\/wp-content\/uploads\/2024\/02\/dell-r740-servrar-i-rack-768x512.jpg\" class=\"attachment-medium_large size-medium_large wp-image-503293\" alt=\"Tekniker g\u00f6r service p\u00e5 Dell R740 servrar rackade i datacenter\" srcset=\"https:\/\/hexabyte.se\/wp-content\/uploads\/2024\/02\/dell-r740-servrar-i-rack-768x512.jpg 768w, https:\/\/hexabyte.se\/wp-content\/uploads\/2024\/02\/dell-r740-servrar-i-rack-385x257.jpg 385w, https:\/\/hexabyte.se\/wp-content\/uploads\/2024\/02\/dell-r740-servrar-i-rack-1024x683.jpg 1024w, https:\/\/hexabyte.se\/wp-content\/uploads\/2024\/02\/dell-r740-servrar-i-rack-1536x1025.jpg 1536w, https:\/\/hexabyte.se\/wp-content\/uploads\/2024\/02\/dell-r740-servrar-i-rack-2048x1366.jpg 2048w\" sizes=\"(max-width: 768px) 100vw, 768px\" \/>\t\t\t\t\t\t\t\t\t\t\t\t\t\t\t<\/div>\n\t\t\t\t<\/div>\n\t\t\t\t\t<\/div>\n\t\t\t\t<\/div>\n\t\t<div class=\"elementor-element elementor-element-639d1a9 e-flex e-con-boxed e-con e-parent\" data-id=\"639d1a9\" data-element_type=\"container\" data-e-type=\"container\">\n\t\t\t\t\t<div class=\"e-con-inner\">\n\t\t\t\t<div class=\"elementor-element elementor-element-feb0e03 elementor-widget elementor-widget-heading\" data-id=\"feb0e03\" data-element_type=\"widget\" data-e-type=\"widget\" data-widget_type=\"heading.default\">\n\t\t\t\t<div class=\"elementor-widget-container\">\n\t\t\t\t\t<h2 class=\"elementor-heading-title elementor-size-default\">S\u00e5 jobbar vi f\u00f6r att h\u00e5lla nere priserna<\/h2>\t\t\t\t<\/div>\n\t\t\t\t<\/div>\n\t\t<div class=\"elementor-element elementor-element-ac6b995 e-grid e-con-boxed e-con e-child\" data-id=\"ac6b995\" data-element_type=\"container\" data-e-type=\"container\">\n\t\t\t\t\t<div class=\"e-con-inner\">\n\t\t\t\t<div class=\"elementor-element elementor-element-6435b7a elementor-widget elementor-widget-text-editor\" data-id=\"6435b7a\" data-element_type=\"widget\" data-e-type=\"widget\" data-widget_type=\"text-editor.default\">\n\t\t\t\t<div class=\"elementor-widget-container\">\n\t\t\t\t\t\t\t\t\t<h3>\u00c5teranv\u00e4ndning av h\u00e5rdvara<\/h3><p>Testad och verifierad fullt fungerande h\u00e5rdvara \u00e5teranv\u00e4nds och f\u00e5r leva vidare.<\/p><p>Vi k\u00f6per \u00e4ven in mycket begagnad h\u00e5rdvara f\u00f6r att kunna leverera extremt prisv\u00e4rda l\u00f6sningar till v\u00e5ra kunder.<\/p>\t\t\t\t\t\t\t\t<\/div>\n\t\t\t\t<\/div>\n\t\t\t\t<div class=\"elementor-element elementor-element-5625c5c elementor-widget elementor-widget-text-editor\" data-id=\"5625c5c\" data-element_type=\"widget\" data-e-type=\"widget\" data-widget_type=\"text-editor.default\">\n\t\t\t\t<div class=\"elementor-widget-container\">\n\t\t\t\t\t\t\t\t\t<h3>Robusta system som kr\u00e4ver lite underh\u00e5ll<\/h3><p>Vi satsar p\u00e5 h\u00f6gkvalitativa tillverkare och bygger robusta n\u00e4tverk och system som minskar on\u00f6digt underh\u00e5ll. S\u00e5 vi kan fokusera mer patt leverera grymma l\u00f6sningar ist\u00e4llet f\u00f6r fels\u00f6kning.<\/p>\t\t\t\t\t\t\t\t<\/div>\n\t\t\t\t<\/div>\n\t\t\t\t<div class=\"elementor-element elementor-element-44a43d8 elementor-widget elementor-widget-text-editor\" data-id=\"44a43d8\" data-element_type=\"widget\" data-e-type=\"widget\" data-widget_type=\"text-editor.default\">\n\t\t\t\t<div class=\"elementor-widget-container\">\n\t\t\t\t\t\t\t\t\t<h3><span style=\"font-family: var( --e-global-typography-text-font-family ), Sans-serif; text-align: var(--text-align);\">L\u00e5ngsiktiga relationer<\/span><\/h3><p><span style=\"font-family: var( --e-global-typography-text-font-family ), Sans-serif; font-weight: var( --e-global-typography-text-font-weight ); text-align: var(--text-align); font-size: 1rem;\">Genom att skapa v\u00e4rde till v\u00e5ra kunder f\u00e5r vi l\u00e5ngsiktiga relationer och beh\u00e5ller kunder under l\u00e5ng tid. Det minskar marknadsf\u00f6ringskostnader markant och har varit en nyckel f\u00f6r v\u00e5r framg\u00e5ng.\u00a0<\/span><\/p>\t\t\t\t\t\t\t\t<\/div>\n\t\t\t\t<\/div>\n\t\t\t\t\t<\/div>\n\t\t\t\t<\/div>\n\t\t\t\t\t<\/div>\n\t\t\t\t<\/div>\n\t\t<div class=\"elementor-element elementor-element-bbd5f3b e-flex e-con-boxed e-con e-parent\" data-id=\"bbd5f3b\" data-element_type=\"container\" data-e-type=\"container\">\n\t\t\t\t\t<div class=\"e-con-inner\">\n\t\t\t\t<div class=\"elementor-element elementor-element-912a663 elementor-widget__width-initial elementor-widget elementor-widget-image\" data-id=\"912a663\" data-element_type=\"widget\" data-e-type=\"widget\" data-widget_type=\"image.default\">\n\t\t\t\t<div class=\"elementor-widget-container\">\n\t\t\t\t\t\t\t\t\t\t\t\t\t\t\t<img decoding=\"async\" width=\"768\" height=\"512\" src=\"https:\/\/hexabyte.se\/wp-content\/uploads\/2024\/04\/umea-city-768x512.jpg\" class=\"attachment-medium_large size-medium_large wp-image-504088\" alt=\"Ume\u00e5 stad\" srcset=\"https:\/\/hexabyte.se\/wp-content\/uploads\/2024\/04\/umea-city-768x512.jpg 768w, https:\/\/hexabyte.se\/wp-content\/uploads\/2024\/04\/umea-city-385x257.jpg 385w, https:\/\/hexabyte.se\/wp-content\/uploads\/2024\/04\/umea-city.jpg 1024w\" sizes=\"(max-width: 768px) 100vw, 768px\" \/>\t\t\t\t\t\t\t\t\t\t\t\t\t\t\t<\/div>\n\t\t\t\t<\/div>\n\t\t<div class=\"elementor-element elementor-element-c505bb7 e-flex e-con-boxed e-con e-child\" data-id=\"c505bb7\" data-element_type=\"container\" data-e-type=\"container\">\n\t\t\t\t\t<div class=\"e-con-inner\">\n\t\t\t\t<div class=\"elementor-element elementor-element-b6acd97 elementor-widget elementor-widget-heading\" data-id=\"b6acd97\" data-element_type=\"widget\" data-e-type=\"widget\" data-widget_type=\"heading.default\">\n\t\t\t\t<div class=\"elementor-widget-container\">\n\t\t\t\t\t<h2 class=\"elementor-heading-title elementor-size-default\">Norrland - Optimal milj\u00f6 f\u00f6r serverdrift<\/h2>\t\t\t\t<\/div>\n\t\t\t\t<\/div>\n\t\t\t\t<div class=\"elementor-element elementor-element-bac1bef elementor-widget elementor-widget-text-editor\" data-id=\"bac1bef\" data-element_type=\"widget\" data-e-type=\"widget\" data-widget_type=\"text-editor.default\">\n\t\t\t\t<div class=\"elementor-widget-container\">\n\t\t\t\t\t\t\t\t\t<p>Med sina l\u00e5ga temperaturer och tillg\u00e5ng till stabil str\u00f6mf\u00f6rs\u00f6rjning, \u00e4r Norrland en idealisk plats f\u00f6r serverdrift. V\u00e5ra servrar \u00e4r placerade i Norrland, vilket garanterar p\u00e5litlighet och effektivitet f\u00f6r ditt f\u00f6retags digitala n\u00e4rvaro.<\/p><p>Med Hexabyte f\u00e5r du inte bara kvalitativa hostingl\u00f6sningar till marknadens b\u00e4sta priser, utan ocks\u00e5 den f\u00f6rdelen av en optimal milj\u00f6 f\u00f6r serverdrift med billig och 100% f\u00f6rnybar el fr\u00e5n vattenkraft, vindkraft och solceller.<\/p>\t\t\t\t\t\t\t\t<\/div>\n\t\t\t\t<\/div>\n\t\t\t\t\t<\/div>\n\t\t\t\t<\/div>\n\t\t\t\t\t<\/div>\n\t\t\t\t<\/div>\n\t\t<div class=\"elementor-element elementor-element-2df3f49 e-flex e-con-boxed e-con e-parent\" data-id=\"2df3f49\" data-element_type=\"container\" data-e-type=\"container\">\n\t\t\t\t\t<div class=\"e-con-inner\">\n\t\t\t\t<div class=\"elementor-element elementor-element-c0e1088 elementor-widget elementor-widget-heading\" data-id=\"c0e1088\" data-element_type=\"widget\" data-e-type=\"widget\" data-widget_type=\"heading.default\">\n\t\t\t\t<div class=\"elementor-widget-container\">\n\t\t\t\t\t<h2 class=\"elementor-heading-title elementor-size-default\">Ni \u00e4r i gott s\u00e4llskap<\/h2>\t\t\t\t<\/div>\n\t\t\t\t<\/div>\n\t\t\t\t<div class=\"elementor-element elementor-element-fbd91d0 elementor-widget elementor-widget-text-editor\" data-id=\"fbd91d0\" data-element_type=\"widget\" data-e-type=\"widget\" data-widget_type=\"text-editor.default\">\n\t\t\t\t<div class=\"elementor-widget-container\">\n\t\t\t\t\t\t\t\t\t<div class=\"flex flex-grow flex-col max-w-full\"><div class=\"min-h-[20px] text-message flex flex-col items-start gap-3 whitespace-pre-wrap break-words [.text-message+&amp;]:mt-5 overflow-x-auto\" dir=\"auto\" data-message-author-role=\"assistant\" data-message-id=\"77cb07cd-546f-40d8-a7d3-3ee6dad2ceb8\"><div class=\"markdown prose w-full break-words dark:prose-invert light\"><p>H\u00e4r \u00e4r n\u00e5gra av de f\u00f6retag som litar p\u00e5 oss och har valt Hexabyte som sin leverant\u00f6r:<\/p><\/div><\/div><\/div>\t\t\t\t\t\t\t\t<\/div>\n\t\t\t\t<\/div>\n\t\t\t\t<div class=\"elementor-element elementor-element-dd8361c elementor-widget elementor-widget-image-carousel\" data-id=\"dd8361c\" data-element_type=\"widget\" data-e-type=\"widget\" data-settings=\"{&quot;slides_to_show&quot;:&quot;6&quot;,&quot;slides_to_show_tablet&quot;:&quot;7&quot;,&quot;slides_to_show_mobile&quot;:&quot;3&quot;,&quot;navigation&quot;:&quot;none&quot;,&quot;image_spacing_custom&quot;:{&quot;unit&quot;:&quot;px&quot;,&quot;size&quot;:40,&quot;sizes&quot;:[]},&quot;autoplay&quot;:&quot;no&quot;,&quot;infinite&quot;:&quot;yes&quot;,&quot;speed&quot;:500,&quot;image_spacing_custom_tablet&quot;:{&quot;unit&quot;:&quot;px&quot;,&quot;size&quot;:&quot;&quot;,&quot;sizes&quot;:[]},&quot;image_spacing_custom_mobile&quot;:{&quot;unit&quot;:&quot;px&quot;,&quot;size&quot;:&quot;&quot;,&quot;sizes&quot;:[]}}\" data-widget_type=\"image-carousel.default\">\n\t\t\t\t<div class=\"elementor-widget-container\">\n\t\t\t\t\t\t\t<div class=\"elementor-image-carousel-wrapper swiper\" role=\"region\" aria-roledescription=\"carousel\" aria-label=\"Bildkarusell\" dir=\"ltr\">\n\t\t\t<div class=\"elementor-image-carousel swiper-wrapper\" aria-live=\"polite\">\n\t\t\t\t\t\t\t\t<div class=\"swiper-slide\" role=\"group\" aria-roledescription=\"slide\" aria-label=\"1 av 6\"><figure class=\"swiper-slide-inner\"><img decoding=\"async\" class=\"swiper-slide-image\" src=\"https:\/\/hexabyte.se\/wp-content\/uploads\/2022\/09\/umea-kommunforetag.png\" alt=\"Ume\u00e5 Kommunf\u00f6retag logotyp\" \/><\/figure><\/div><div class=\"swiper-slide\" role=\"group\" aria-roledescription=\"slide\" aria-label=\"2 av 6\"><figure class=\"swiper-slide-inner\"><img decoding=\"async\" class=\"swiper-slide-image\" src=\"https:\/\/hexabyte.se\/wp-content\/uploads\/2023\/04\/nolia.png\" alt=\"Nolia AB logotyp\" \/><\/figure><\/div><div class=\"swiper-slide\" role=\"group\" aria-roledescription=\"slide\" aria-label=\"3 av 6\"><figure class=\"swiper-slide-inner\"><img decoding=\"async\" class=\"swiper-slide-image\" src=\"https:\/\/hexabyte.se\/wp-content\/uploads\/2022\/09\/bic-factory.png\" alt=\"Bic Factory logotyp\" \/><\/figure><\/div><div class=\"swiper-slide\" role=\"group\" aria-roledescription=\"slide\" aria-label=\"4 av 6\"><figure class=\"swiper-slide-inner\"><img decoding=\"async\" class=\"swiper-slide-image\" src=\"https:\/\/hexabyte.se\/wp-content\/uploads\/2022\/09\/gotthornan.png\" alt=\"gotthornan\" \/><\/figure><\/div><div class=\"swiper-slide\" role=\"group\" aria-roledescription=\"slide\" aria-label=\"5 av 6\"><figure class=\"swiper-slide-inner\"><img decoding=\"async\" class=\"swiper-slide-image\" src=\"https:\/\/hexabyte.se\/wp-content\/uploads\/2022\/10\/dava-dac.png\" alt=\"D\u00e5va DAC logotyp\" \/><\/figure><\/div><div class=\"swiper-slide\" role=\"group\" aria-roledescription=\"slide\" aria-label=\"6 av 6\"><figure class=\"swiper-slide-inner\"><img decoding=\"async\" class=\"swiper-slide-image\" src=\"https:\/\/hexabyte.se\/wp-content\/uploads\/2023\/09\/enduce.png\" alt=\"Enduce AB logotyp\" \/><\/figure><\/div>\t\t\t<\/div>\n\t\t\t\t\t\t\t\n\t\t\t\t\t\t\t\t\t<\/div>\n\t\t\t\t\t\t<\/div>\n\t\t\t\t<\/div>\n\t\t\t\t\t<\/div>\n\t\t\t\t<\/div>\n\t\t\t\t<\/div>\n\t\t","protected":false},"excerpt":{"rendered":"<p>Varf\u00f6r v\u00e4lja oss? Det b\u00e4sta av tv\u00e5 v\u00e4rldar &#8211; \u00f6verl\u00e4gsen prestanda till ett oslagbart pris. V\u00e4lkommen till Hexabyte &#8211; din p\u00e5litliga partner f\u00f6r hosting och serverl\u00f6sningar. Vi f\u00f6rst\u00e5r att valet av en hostingleverant\u00f6r kan vara avg\u00f6rande f\u00f6r ditt f\u00f6retags framg\u00e5ng. Varf\u00f6r ska du v\u00e4lja Hexabyte? F\u00f6r att vi erbjuder marknadens b\u00e4sta priser utan att kompromissa [&hellip;]<\/p>\n","protected":false},"author":3,"featured_media":0,"parent":0,"menu_order":0,"comment_status":"closed","ping_status":"closed","template":"","meta":{"_acf_changed":false,"footnotes":""},"class_list":["post-504081","page","type-page","status-publish","hentry"],"acf":[],"yoast_head":"<!-- This site is optimized with the Yoast SEO plugin v27.3 - https:\/\/yoast.com\/product\/yoast-seo-wordpress\/ -->\n<title>Varf\u00f6r v\u00e4lja oss?<\/title>\n<meta name=\"robots\" content=\"index, follow, max-snippet:-1, max-image-preview:large, max-video-preview:-1\" \/>\n<link rel=\"canonical\" href=\"https:\/\/hexabyte.se\/en\/varfor-valja-oss\/\" \/>\n<meta property=\"og:locale\" content=\"en_US\" \/>\n<meta property=\"og:type\" content=\"article\" \/>\n<meta property=\"og:title\" content=\"Varf\u00f6r v\u00e4lja oss?\" \/>\n<meta property=\"og:description\" content=\"Varf\u00f6r v\u00e4lja oss? Det b\u00e4sta av tv\u00e5 v\u00e4rldar &#8211; \u00f6verl\u00e4gsen prestanda till ett oslagbart pris. V\u00e4lkommen till Hexabyte &#8211; din p\u00e5litliga partner f\u00f6r hosting och serverl\u00f6sningar. Vi f\u00f6rst\u00e5r att valet av en hostingleverant\u00f6r kan vara avg\u00f6rande f\u00f6r ditt f\u00f6retags framg\u00e5ng. Varf\u00f6r ska du v\u00e4lja Hexabyte? F\u00f6r att vi erbjuder marknadens b\u00e4sta priser utan att kompromissa [&hellip;]\" \/>\n<meta property=\"og:url\" content=\"https:\/\/hexabyte.se\/en\/varfor-valja-oss\/\" \/>\n<meta property=\"og:site_name\" content=\"Hexabyte\" \/>\n<meta property=\"article:modified_time\" content=\"2024-04-20T10:35:48+00:00\" \/>\n<meta property=\"og:image\" content=\"https:\/\/hexabyte.se\/wp-content\/uploads\/2024\/02\/dell-r740-servrar-i-rack-768x512.jpg\" \/>\n<meta name=\"twitter:card\" content=\"summary_large_image\" \/>\n<meta name=\"twitter:label1\" content=\"Est. reading time\" \/>\n\t<meta name=\"twitter:data1\" content=\"6 minutes\" \/>\n<script type=\"application\/ld+json\" class=\"yoast-schema-graph\">{\"@context\":\"https:\\\/\\\/schema.org\",\"@graph\":[{\"@type\":\"WebPage\",\"@id\":\"https:\\\/\\\/hexabyte.se\\\/varfor-valja-oss\\\/\",\"url\":\"https:\\\/\\\/hexabyte.se\\\/varfor-valja-oss\\\/\",\"name\":\"Varf\u00f6r v\u00e4lja oss?\",\"isPartOf\":{\"@id\":\"https:\\\/\\\/hexabyte.se\\\/#website\"},\"primaryImageOfPage\":{\"@id\":\"https:\\\/\\\/hexabyte.se\\\/varfor-valja-oss\\\/#primaryimage\"},\"image\":{\"@id\":\"https:\\\/\\\/hexabyte.se\\\/varfor-valja-oss\\\/#primaryimage\"},\"thumbnailUrl\":\"https:\\\/\\\/hexabyte.se\\\/wp-content\\\/uploads\\\/2024\\\/02\\\/dell-r740-servrar-i-rack-768x512.jpg\",\"datePublished\":\"2024-04-20T10:14:35+00:00\",\"dateModified\":\"2024-04-20T10:35:48+00:00\",\"breadcrumb\":{\"@id\":\"https:\\\/\\\/hexabyte.se\\\/varfor-valja-oss\\\/#breadcrumb\"},\"inLanguage\":\"en-US\",\"potentialAction\":[{\"@type\":\"ReadAction\",\"target\":[\"https:\\\/\\\/hexabyte.se\\\/varfor-valja-oss\\\/\"]}]},{\"@type\":\"ImageObject\",\"inLanguage\":\"en-US\",\"@id\":\"https:\\\/\\\/hexabyte.se\\\/varfor-valja-oss\\\/#primaryimage\",\"url\":\"https:\\\/\\\/hexabyte.se\\\/wp-content\\\/uploads\\\/2024\\\/02\\\/dell-r740-servrar-i-rack-768x512.jpg\",\"contentUrl\":\"https:\\\/\\\/hexabyte.se\\\/wp-content\\\/uploads\\\/2024\\\/02\\\/dell-r740-servrar-i-rack-768x512.jpg\"},{\"@type\":\"BreadcrumbList\",\"@id\":\"https:\\\/\\\/hexabyte.se\\\/varfor-valja-oss\\\/#breadcrumb\",\"itemListElement\":[{\"@type\":\"ListItem\",\"position\":1,\"name\":\"Hem\",\"item\":\"https:\\\/\\\/hexabyte.se\\\/\"},{\"@type\":\"ListItem\",\"position\":2,\"name\":\"Varf\u00f6r v\u00e4lja oss?\"}]},{\"@type\":\"WebSite\",\"@id\":\"https:\\\/\\\/hexabyte.se\\\/#website\",\"url\":\"https:\\\/\\\/hexabyte.se\\\/\",\"name\":\"Hexabyte\",\"description\":\"Serverl\u00f6sningar\",\"publisher\":{\"@id\":\"https:\\\/\\\/hexabyte.se\\\/#organization\"},\"potentialAction\":[{\"@type\":\"SearchAction\",\"target\":{\"@type\":\"EntryPoint\",\"urlTemplate\":\"https:\\\/\\\/hexabyte.se\\\/?s={search_term_string}\"},\"query-input\":{\"@type\":\"PropertyValueSpecification\",\"valueRequired\":true,\"valueName\":\"search_term_string\"}}],\"inLanguage\":\"en-US\"},{\"@type\":\"Organization\",\"@id\":\"https:\\\/\\\/hexabyte.se\\\/#organization\",\"name\":\"Hexabyte AB\",\"url\":\"https:\\\/\\\/hexabyte.se\\\/\",\"logo\":{\"@type\":\"ImageObject\",\"inLanguage\":\"en-US\",\"@id\":\"https:\\\/\\\/hexabyte.se\\\/#\\\/schema\\\/logo\\\/image\\\/\",\"url\":\"https:\\\/\\\/hexabyte.se\\\/wp-content\\\/uploads\\\/2023\\\/12\\\/hexabyte-clear.svg\",\"contentUrl\":\"https:\\\/\\\/hexabyte.se\\\/wp-content\\\/uploads\\\/2023\\\/12\\\/hexabyte-clear.svg\",\"width\":318,\"height\":57,\"caption\":\"Hexabyte AB\"},\"image\":{\"@id\":\"https:\\\/\\\/hexabyte.se\\\/#\\\/schema\\\/logo\\\/image\\\/\"}}]}<\/script>\n<!-- \/ Yoast SEO plugin. -->","yoast_head_json":{"title":"Why choose us?","robots":{"index":"index","follow":"follow","max-snippet":"max-snippet:-1","max-image-preview":"max-image-preview:large","max-video-preview":"max-video-preview:-1"},"canonical":"https:\/\/hexabyte.se\/en\/varfor-valja-oss\/","og_locale":"en_US","og_type":"article","og_title":"Varf\u00f6r v\u00e4lja oss?","og_description":"Varf\u00f6r v\u00e4lja oss? Det b\u00e4sta av tv\u00e5 v\u00e4rldar &#8211; \u00f6verl\u00e4gsen prestanda till ett oslagbart pris. V\u00e4lkommen till Hexabyte &#8211; din p\u00e5litliga partner f\u00f6r hosting och serverl\u00f6sningar. Vi f\u00f6rst\u00e5r att valet av en hostingleverant\u00f6r kan vara avg\u00f6rande f\u00f6r ditt f\u00f6retags framg\u00e5ng. Varf\u00f6r ska du v\u00e4lja Hexabyte? F\u00f6r att vi erbjuder marknadens b\u00e4sta priser utan att kompromissa [&hellip;]","og_url":"https:\/\/hexabyte.se\/en\/varfor-valja-oss\/","og_site_name":"Hexabyte","article_modified_time":"2024-04-20T10:35:48+00:00","og_image":[{"url":"https:\/\/hexabyte.se\/wp-content\/uploads\/2024\/02\/dell-r740-servrar-i-rack-768x512.jpg","type":"","width":"","height":""}],"twitter_card":"summary_large_image","twitter_misc":{"Est. reading time":"6 minutes"},"schema":{"@context":"https:\/\/schema.org","@graph":[{"@type":"WebPage","@id":"https:\/\/hexabyte.se\/varfor-valja-oss\/","url":"https:\/\/hexabyte.se\/varfor-valja-oss\/","name":"Why choose us?","isPartOf":{"@id":"https:\/\/hexabyte.se\/#website"},"primaryImageOfPage":{"@id":"https:\/\/hexabyte.se\/varfor-valja-oss\/#primaryimage"},"image":{"@id":"https:\/\/hexabyte.se\/varfor-valja-oss\/#primaryimage"},"thumbnailUrl":"https:\/\/hexabyte.se\/wp-content\/uploads\/2024\/02\/dell-r740-servrar-i-rack-768x512.jpg","datePublished":"2024-04-20T10:14:35+00:00","dateModified":"2024-04-20T10:35:48+00:00","breadcrumb":{"@id":"https:\/\/hexabyte.se\/varfor-valja-oss\/#breadcrumb"},"inLanguage":"en-US","potentialAction":[{"@type":"ReadAction","target":["https:\/\/hexabyte.se\/varfor-valja-oss\/"]}]},{"@type":"ImageObject","inLanguage":"en-US","@id":"https:\/\/hexabyte.se\/varfor-valja-oss\/#primaryimage","url":"https:\/\/hexabyte.se\/wp-content\/uploads\/2024\/02\/dell-r740-servrar-i-rack-768x512.jpg","contentUrl":"https:\/\/hexabyte.se\/wp-content\/uploads\/2024\/02\/dell-r740-servrar-i-rack-768x512.jpg"},{"@type":"BreadcrumbList","@id":"https:\/\/hexabyte.se\/varfor-valja-oss\/#breadcrumb","itemListElement":[{"@type":"ListItem","position":1,"name":"Hem","item":"https:\/\/hexabyte.se\/"},{"@type":"ListItem","position":2,"name":"Varf\u00f6r v\u00e4lja oss?"}]},{"@type":"WebSite","@id":"https:\/\/hexabyte.se\/#website","url":"https:\/\/hexabyte.se\/","name":"Hexabytes","description":"Server solutions","publisher":{"@id":"https:\/\/hexabyte.se\/#organization"},"potentialAction":[{"@type":"SearchAction","target":{"@type":"EntryPoint","urlTemplate":"https:\/\/hexabyte.se\/?s={search_term_string}"},"query-input":{"@type":"PropertyValueSpecification","valueRequired":true,"valueName":"search_term_string"}}],"inLanguage":"en-US"},{"@type":"Organization","@id":"https:\/\/hexabyte.se\/#organization","name":"Hexabyte AB","url":"https:\/\/hexabyte.se\/","logo":{"@type":"ImageObject","inLanguage":"en-US","@id":"https:\/\/hexabyte.se\/#\/schema\/logo\/image\/","url":"https:\/\/hexabyte.se\/wp-content\/uploads\/2023\/12\/hexabyte-clear.svg","contentUrl":"https:\/\/hexabyte.se\/wp-content\/uploads\/2023\/12\/hexabyte-clear.svg","width":318,"height":57,"caption":"Hexabyte AB"},"image":{"@id":"https:\/\/hexabyte.se\/#\/schema\/logo\/image\/"}}]}},"_links":{"self":[{"href":"https:\/\/hexabyte.se\/en\/wp-json\/wp\/v2\/pages\/504081","targetHints":{"allow":["GET"]}}],"collection":[{"href":"https:\/\/hexabyte.se\/en\/wp-json\/wp\/v2\/pages"}],"about":[{"href":"https:\/\/hexabyte.se\/en\/wp-json\/wp\/v2\/types\/page"}],"author":[{"embeddable":true,"href":"https:\/\/hexabyte.se\/en\/wp-json\/wp\/v2\/users\/3"}],"replies":[{"embeddable":true,"href":"https:\/\/hexabyte.se\/en\/wp-json\/wp\/v2\/comments?post=504081"}],"version-history":[{"count":22,"href":"https:\/\/hexabyte.se\/en\/wp-json\/wp\/v2\/pages\/504081\/revisions"}],"predecessor-version":[{"id":504112,"href":"https:\/\/hexabyte.se\/en\/wp-json\/wp\/v2\/pages\/504081\/revisions\/504112"}],"wp:attachment":[{"href":"https:\/\/hexabyte.se\/en\/wp-json\/wp\/v2\/media?parent=504081"}],"curies":[{"name":"wp","href":"https:\/\/api.w.org\/{rel}","templated":true}]}}