{"id":504295,"date":"2024-07-23T14:29:36","date_gmt":"2024-07-23T12:29:36","guid":{"rendered":"https:\/\/hexabyte.se\/?page_id=504295"},"modified":"2024-07-23T14:39:12","modified_gmt":"2024-07-23T12:39:12","slug":"r330-e3-1270-16gb-4x22tb","status":"publish","type":"page","link":"https:\/\/hexabyte.se\/en\/dedicated-server\/preconfigured\/r330-e3-1270-16gb-4x22tb\/","title":{"rendered":"R330 E3-1270"},"content":{"rendered":"<p>A preconfigured dedicated storage server with <strong>outstanding price per TB<\/strong>. Four large hard drives of enterprise model with physical raid card make the server <strong>optimal for storage and backups<\/strong>.<\/p>","protected":false},"excerpt":{"rendered":"<p>A pre-configured dedicated storage server with an outstanding price per TB. Four large hard drives of enterprise model with physical raid card make the server optimal for storage and backups.<\/p>","protected":false},"author":3,"featured_media":0,"parent":504201,"menu_order":20,"comment_status":"closed","ping_status":"closed","template":"","meta":{"_acf_changed":false,"footnotes":""},"class_list":["post-504295","page","type-page","status-publish","hentry"],"acf":[],"yoast_head":"<!-- This site is optimized with the Yoast SEO plugin v27.4 - https:\/\/yoast.com\/product\/yoast-seo-wordpress\/ -->\n<title>R330 E3-1270<\/title>\n<meta name=\"robots\" content=\"index, follow, max-snippet:-1, max-image-preview:large, max-video-preview:-1\" \/>\n<link rel=\"canonical\" href=\"https:\/\/hexabyte.se\/en\/dedicated-server\/preconfigured\/r330-e3-1270-16gb-4x22tb\/\" \/>\n<meta property=\"og:locale\" content=\"en_US\" \/>\n<meta property=\"og:type\" content=\"article\" \/>\n<meta property=\"og:title\" content=\"R330 E3-1270\" \/>\n<meta property=\"og:description\" content=\"En f\u00f6rkonfigurerad dedikerad lagringsserver med enast\u00e5ende pris per TB. Fyra stora h\u00e5rddiskar av enterprisemodell med fysiskt raid-kort g\u00f6r servern optimal f\u00f6r lagring och backuper.\" \/>\n<meta property=\"og:url\" content=\"https:\/\/hexabyte.se\/en\/dedicated-server\/preconfigured\/r330-e3-1270-16gb-4x22tb\/\" \/>\n<meta property=\"og:site_name\" content=\"Hexabyte\" \/>\n<meta property=\"article:modified_time\" content=\"2024-07-23T12:39:12+00:00\" \/>\n<meta name=\"twitter:card\" content=\"summary_large_image\" \/>\n<meta name=\"twitter:label1\" content=\"Est. reading time\" \/>\n\t<meta name=\"twitter:data1\" content=\"1 minute\" \/>\n<script type=\"application\/ld+json\" class=\"yoast-schema-graph\">{\"@context\":\"https:\\\/\\\/schema.org\",\"@graph\":[{\"@type\":\"WebPage\",\"@id\":\"https:\\\/\\\/hexabyte.se\\\/dedicated-server\\\/preconfigured\\\/r330-e3-1270-16gb-4x22tb\\\/\",\"url\":\"https:\\\/\\\/hexabyte.se\\\/dedicated-server\\\/preconfigured\\\/r330-e3-1270-16gb-4x22tb\\\/\",\"name\":\"R330 E3-1270\",\"isPartOf\":{\"@id\":\"https:\\\/\\\/hexabyte.se\\\/#website\"},\"datePublished\":\"2024-07-23T12:29:36+00:00\",\"dateModified\":\"2024-07-23T12:39:12+00:00\",\"breadcrumb\":{\"@id\":\"https:\\\/\\\/hexabyte.se\\\/dedicated-server\\\/preconfigured\\\/r330-e3-1270-16gb-4x22tb\\\/#breadcrumb\"},\"inLanguage\":\"en-US\",\"potentialAction\":[{\"@type\":\"ReadAction\",\"target\":[\"https:\\\/\\\/hexabyte.se\\\/dedicated-server\\\/preconfigured\\\/r330-e3-1270-16gb-4x22tb\\\/\"]}]},{\"@type\":\"BreadcrumbList\",\"@id\":\"https:\\\/\\\/hexabyte.se\\\/dedicated-server\\\/preconfigured\\\/r330-e3-1270-16gb-4x22tb\\\/#breadcrumb\",\"itemListElement\":[{\"@type\":\"ListItem\",\"position\":1,\"name\":\"Hem\",\"item\":\"https:\\\/\\\/hexabyte.se\\\/\"},{\"@type\":\"ListItem\",\"position\":2,\"name\":\"Dedikerade servrar\",\"item\":\"https:\\\/\\\/hexabyte.se\\\/dedicated-server\\\/\"},{\"@type\":\"ListItem\",\"position\":3,\"name\":\"F\u00f6rkonfigurerade\",\"item\":\"https:\\\/\\\/hexabyte.se\\\/dedicated-server\\\/preconfigured\\\/\"},{\"@type\":\"ListItem\",\"position\":4,\"name\":\"R330 E3-1270\"}]},{\"@type\":\"WebSite\",\"@id\":\"https:\\\/\\\/hexabyte.se\\\/#website\",\"url\":\"https:\\\/\\\/hexabyte.se\\\/\",\"name\":\"Hexabyte\",\"description\":\"Serverl\u00f6sningar\",\"publisher\":{\"@id\":\"https:\\\/\\\/hexabyte.se\\\/#organization\"},\"potentialAction\":[{\"@type\":\"SearchAction\",\"target\":{\"@type\":\"EntryPoint\",\"urlTemplate\":\"https:\\\/\\\/hexabyte.se\\\/?s={search_term_string}\"},\"query-input\":{\"@type\":\"PropertyValueSpecification\",\"valueRequired\":true,\"valueName\":\"search_term_string\"}}],\"inLanguage\":\"en-US\"},{\"@type\":\"Organization\",\"@id\":\"https:\\\/\\\/hexabyte.se\\\/#organization\",\"name\":\"Hexabyte AB\",\"url\":\"https:\\\/\\\/hexabyte.se\\\/\",\"logo\":{\"@type\":\"ImageObject\",\"inLanguage\":\"en-US\",\"@id\":\"https:\\\/\\\/hexabyte.se\\\/#\\\/schema\\\/logo\\\/image\\\/\",\"url\":\"https:\\\/\\\/hexabyte.se\\\/wp-content\\\/uploads\\\/2023\\\/12\\\/hexabyte-clear.svg\",\"contentUrl\":\"https:\\\/\\\/hexabyte.se\\\/wp-content\\\/uploads\\\/2023\\\/12\\\/hexabyte-clear.svg\",\"width\":318,\"height\":57,\"caption\":\"Hexabyte AB\"},\"image\":{\"@id\":\"https:\\\/\\\/hexabyte.se\\\/#\\\/schema\\\/logo\\\/image\\\/\"}}]}<\/script>\n<!-- \/ Yoast SEO plugin. -->","yoast_head_json":{"title":"R330 E3-1270","robots":{"index":"index","follow":"follow","max-snippet":"max-snippet:-1","max-image-preview":"max-image-preview:large","max-video-preview":"max-video-preview:-1"},"canonical":"https:\/\/hexabyte.se\/en\/dedicated-server\/preconfigured\/r330-e3-1270-16gb-4x22tb\/","og_locale":"en_US","og_type":"article","og_title":"R330 E3-1270","og_description":"En f\u00f6rkonfigurerad dedikerad lagringsserver med enast\u00e5ende pris per TB. Fyra stora h\u00e5rddiskar av enterprisemodell med fysiskt raid-kort g\u00f6r servern optimal f\u00f6r lagring och backuper.","og_url":"https:\/\/hexabyte.se\/en\/dedicated-server\/preconfigured\/r330-e3-1270-16gb-4x22tb\/","og_site_name":"Hexabyte","article_modified_time":"2024-07-23T12:39:12+00:00","twitter_card":"summary_large_image","twitter_misc":{"Est. reading time":"1 minute"},"schema":{"@context":"https:\/\/schema.org","@graph":[{"@type":"WebPage","@id":"https:\/\/hexabyte.se\/dedicated-server\/preconfigured\/r330-e3-1270-16gb-4x22tb\/","url":"https:\/\/hexabyte.se\/dedicated-server\/preconfigured\/r330-e3-1270-16gb-4x22tb\/","name":"R330 E3-1270","isPartOf":{"@id":"https:\/\/hexabyte.se\/#website"},"datePublished":"2024-07-23T12:29:36+00:00","dateModified":"2024-07-23T12:39:12+00:00","breadcrumb":{"@id":"https:\/\/hexabyte.se\/dedicated-server\/preconfigured\/r330-e3-1270-16gb-4x22tb\/#breadcrumb"},"inLanguage":"en-US","potentialAction":[{"@type":"ReadAction","target":["https:\/\/hexabyte.se\/dedicated-server\/preconfigured\/r330-e3-1270-16gb-4x22tb\/"]}]},{"@type":"BreadcrumbList","@id":"https:\/\/hexabyte.se\/dedicated-server\/preconfigured\/r330-e3-1270-16gb-4x22tb\/#breadcrumb","itemListElement":[{"@type":"ListItem","position":1,"name":"Hem","item":"https:\/\/hexabyte.se\/"},{"@type":"ListItem","position":2,"name":"Dedikerade servrar","item":"https:\/\/hexabyte.se\/dedicated-server\/"},{"@type":"ListItem","position":3,"name":"F\u00f6rkonfigurerade","item":"https:\/\/hexabyte.se\/dedicated-server\/preconfigured\/"},{"@type":"ListItem","position":4,"name":"R330 E3-1270"}]},{"@type":"WebSite","@id":"https:\/\/hexabyte.se\/#website","url":"https:\/\/hexabyte.se\/","name":"Hexabytes","description":"Server solutions","publisher":{"@id":"https:\/\/hexabyte.se\/#organization"},"potentialAction":[{"@type":"SearchAction","target":{"@type":"EntryPoint","urlTemplate":"https:\/\/hexabyte.se\/?s={search_term_string}"},"query-input":{"@type":"PropertyValueSpecification","valueRequired":true,"valueName":"search_term_string"}}],"inLanguage":"en-US"},{"@type":"Organization","@id":"https:\/\/hexabyte.se\/#organization","name":"Hexabyte AB","url":"https:\/\/hexabyte.se\/","logo":{"@type":"ImageObject","inLanguage":"en-US","@id":"https:\/\/hexabyte.se\/#\/schema\/logo\/image\/","url":"https:\/\/hexabyte.se\/wp-content\/uploads\/2023\/12\/hexabyte-clear.svg","contentUrl":"https:\/\/hexabyte.se\/wp-content\/uploads\/2023\/12\/hexabyte-clear.svg","width":318,"height":57,"caption":"Hexabyte AB"},"image":{"@id":"https:\/\/hexabyte.se\/#\/schema\/logo\/image\/"}}]}},"_links":{"self":[{"href":"https:\/\/hexabyte.se\/en\/wp-json\/wp\/v2\/pages\/504295","targetHints":{"allow":["GET"]}}],"collection":[{"href":"https:\/\/hexabyte.se\/en\/wp-json\/wp\/v2\/pages"}],"about":[{"href":"https:\/\/hexabyte.se\/en\/wp-json\/wp\/v2\/types\/page"}],"author":[{"embeddable":true,"href":"https:\/\/hexabyte.se\/en\/wp-json\/wp\/v2\/users\/3"}],"replies":[{"embeddable":true,"href":"https:\/\/hexabyte.se\/en\/wp-json\/wp\/v2\/comments?post=504295"}],"version-history":[{"count":5,"href":"https:\/\/hexabyte.se\/en\/wp-json\/wp\/v2\/pages\/504295\/revisions"}],"predecessor-version":[{"id":504307,"href":"https:\/\/hexabyte.se\/en\/wp-json\/wp\/v2\/pages\/504295\/revisions\/504307"}],"up":[{"embeddable":true,"href":"https:\/\/hexabyte.se\/en\/wp-json\/wp\/v2\/pages\/504201"}],"wp:attachment":[{"href":"https:\/\/hexabyte.se\/en\/wp-json\/wp\/v2\/media?parent=504295"}],"curies":[{"name":"wp","href":"https:\/\/api.w.org\/{rel}","templated":true}]}}