{"id":504334,"date":"2024-07-26T14:39:32","date_gmt":"2024-07-26T12:39:32","guid":{"rendered":"https:\/\/hexabyte.se\/?page_id=504334"},"modified":"2024-07-26T15:36:20","modified_gmt":"2024-07-26T13:36:20","slug":"features","status":"publish","type":"page","link":"https:\/\/hexabyte.se\/en\/dedicated-server\/features\/","title":{"rendered":"Functions"},"content":{"rendered":"\t\t<div data-elementor-type=\"wp-page\" data-elementor-id=\"504334\" class=\"elementor elementor-504334\" data-elementor-post-type=\"page\">\n\t\t\t\t<div class=\"elementor-element elementor-element-3c8061f e-flex e-con-boxed e-con e-parent\" data-id=\"3c8061f\" data-element_type=\"container\" data-e-type=\"container\" data-settings=\"{&quot;background_background&quot;:&quot;classic&quot;}\">\n\t\t\t\t\t<div class=\"e-con-inner\">\n\t\t\t\t<div class=\"elementor-element elementor-element-780bdb8 elementor-nav-menu--dropdown-none elementor-widget elementor-widget-global elementor-global-503166 elementor-widget-nav-menu\" data-id=\"780bdb8\" data-element_type=\"widget\" data-e-type=\"widget\" data-settings=\"{&quot;layout&quot;:&quot;horizontal&quot;,&quot;submenu_icon&quot;:{&quot;value&quot;:&quot;fas fa-caret-down&quot;,&quot;library&quot;:&quot;fa-solid&quot;}}\" data-widget_type=\"nav-menu.default\">\n\t\t\t\t<div class=\"elementor-widget-container\">\n\t\t\t\t\t\t\t\t<nav aria-label=\"Menu\" class=\"elementor-nav-menu--main elementor-nav-menu__container elementor-nav-menu--layout-horizontal e--pointer-underline e--animation-fade\">\n\t\t\t\t<ul id=\"menu-1-780bdb8\" class=\"elementor-nav-menu\"><li class=\"menu-item menu-item-type-custom menu-item-object-custom menu-item-504481\"><a href=\"\/dedicated\/\" class=\"elementor-item\">Alla<\/a><\/li>\n<li class=\"menu-item menu-item-type-taxonomy menu-item-object-dedicated-category menu-item-504479\"><a href=\"https:\/\/hexabyte.se\/en\/dedicated-servers\/custom\/\" class=\"elementor-item\">Anpassade<\/a><\/li>\n<li class=\"menu-item menu-item-type-taxonomy menu-item-object-dedicated-category menu-item-504480\"><a href=\"https:\/\/hexabyte.se\/en\/dedicated-servers\/preconfigured\/\" class=\"elementor-item\">F\u00f6rkonfigurerade<\/a><\/li>\n<li class=\"menu-item menu-item-type-taxonomy menu-item-object-dedicated-category menu-item-504507\"><a href=\"https:\/\/hexabyte.se\/en\/dedicated-servers\/amd\/\" class=\"elementor-item\">AMD<\/a><\/li>\n<\/ul>\t\t\t<\/nav>\n\t\t\t\t\t\t<nav class=\"elementor-nav-menu--dropdown elementor-nav-menu__container\" aria-hidden=\"true\">\n\t\t\t\t<ul id=\"menu-2-780bdb8\" class=\"elementor-nav-menu\"><li class=\"menu-item menu-item-type-custom menu-item-object-custom menu-item-504481\"><a href=\"\/dedicated\/\" class=\"elementor-item\" tabindex=\"-1\">Alla<\/a><\/li>\n<li class=\"menu-item menu-item-type-taxonomy menu-item-object-dedicated-category menu-item-504479\"><a href=\"https:\/\/hexabyte.se\/en\/dedicated-servers\/custom\/\" class=\"elementor-item\" tabindex=\"-1\">Anpassade<\/a><\/li>\n<li class=\"menu-item menu-item-type-taxonomy menu-item-object-dedicated-category menu-item-504480\"><a href=\"https:\/\/hexabyte.se\/en\/dedicated-servers\/preconfigured\/\" class=\"elementor-item\" tabindex=\"-1\">F\u00f6rkonfigurerade<\/a><\/li>\n<li class=\"menu-item menu-item-type-taxonomy menu-item-object-dedicated-category menu-item-504507\"><a href=\"https:\/\/hexabyte.se\/en\/dedicated-servers\/amd\/\" class=\"elementor-item\" tabindex=\"-1\">AMD<\/a><\/li>\n<\/ul>\t\t\t<\/nav>\n\t\t\t\t\t\t<\/div>\n\t\t\t\t<\/div>\n\t\t\t\t<div class=\"elementor-element elementor-element-add0aae elementor-widget elementor-widget-heading\" data-id=\"add0aae\" data-element_type=\"widget\" data-e-type=\"widget\" data-widget_type=\"heading.default\">\n\t\t\t\t<div class=\"elementor-widget-container\">\n\t\t\t\t\t<h1 class=\"elementor-heading-title elementor-size-default\">Funktioner<\/h1>\t\t\t\t<\/div>\n\t\t\t\t<\/div>\n\t\t<div class=\"elementor-element elementor-element-ae89d40 e-con-full e-flex e-con e-child\" data-id=\"ae89d40\" data-element_type=\"container\" data-e-type=\"container\">\n\t\t\t\t<div class=\"elementor-element elementor-element-6e63df3 elementor-widget elementor-widget-text-editor\" data-id=\"6e63df3\" data-element_type=\"widget\" data-e-type=\"widget\" data-widget_type=\"text-editor.default\">\n\t\t\t\t<div class=\"elementor-widget-container\">\n\t\t\t\t\t\t\t\t\t<p>I v\u00e5ra dedikerade servrar ing\u00e5r m\u00e5nga olika funktioner, se n\u00e5gra av dem nedan.<\/p>\t\t\t\t\t\t\t\t<\/div>\n\t\t\t\t<\/div>\n\t\t\t\t<\/div>\n\t\t\t\t\t<\/div>\n\t\t\t\t<\/div>\n\t\t<div class=\"elementor-element elementor-element-570af7b e-flex e-con-boxed e-con e-parent\" data-id=\"570af7b\" data-element_type=\"container\" data-e-type=\"container\" data-settings=\"{&quot;background_background&quot;:&quot;classic&quot;}\">\n\t\t\t\t\t<div class=\"e-con-inner\">\n\t\t\t\t<div class=\"elementor-element elementor-element-93f09e4 elementor-grid-3 elementor-grid-tablet-2 elementor-grid-mobile-1 elementor-widget elementor-widget-loop-grid\" data-id=\"93f09e4\" data-element_type=\"widget\" data-e-type=\"widget\" data-settings=\"{&quot;template_id&quot;:&quot;503598&quot;,&quot;_skin&quot;:&quot;post&quot;,&quot;columns&quot;:&quot;3&quot;,&quot;columns_tablet&quot;:&quot;2&quot;,&quot;columns_mobile&quot;:&quot;1&quot;,&quot;edit_handle_selector&quot;:&quot;[data-elementor-type=\\&quot;loop-item\\&quot;]&quot;,&quot;row_gap&quot;:{&quot;unit&quot;:&quot;px&quot;,&quot;size&quot;:&quot;&quot;,&quot;sizes&quot;:[]},&quot;row_gap_tablet&quot;:{&quot;unit&quot;:&quot;px&quot;,&quot;size&quot;:&quot;&quot;,&quot;sizes&quot;:[]},&quot;row_gap_mobile&quot;:{&quot;unit&quot;:&quot;px&quot;,&quot;size&quot;:&quot;&quot;,&quot;sizes&quot;:[]}}\" data-widget_type=\"loop-grid.post\">\n\t\t\t\t<div class=\"elementor-widget-container\">\n\t\t\t\t\t\t\t<div class=\"elementor-loop-container elementor-grid\" role=\"list\">\n\t\t<style id=\"loop-503598\">.elementor-503598 .elementor-element.elementor-element-3a78d98{--display:flex;--justify-content:space-between;--gap:10px 10px;--row-gap:10px;--column-gap:10px;--border-radius:4px 4px 4px 4px;--padding-top:20px;--padding-bottom:20px;--padding-left:20px;--padding-right:20px;}.elementor-503598 .elementor-element.elementor-element-3a78d98:not(.elementor-motion-effects-element-type-background), .elementor-503598 .elementor-element.elementor-element-3a78d98 > .elementor-motion-effects-container > .elementor-motion-effects-layer{background-color:var( --e-global-color-db618e1 );}.elementor-widget-theme-post-title .elementor-heading-title{font-family:var( --e-global-typography-primary-font-family ), Sans-serif;font-weight:var( --e-global-typography-primary-font-weight );line-height:var( --e-global-typography-primary-line-height );color:var( --e-global-color-primary );}.elementor-503598 .elementor-element.elementor-element-9641065 .elementor-heading-title{font-size:var( --e-global-typography-d6633d7-font-size );font-weight:var( --e-global-typography-d6633d7-font-weight );line-height:var( --e-global-typography-d6633d7-line-height );letter-spacing:var( --e-global-typography-d6633d7-letter-spacing );word-spacing:var( --e-global-typography-d6633d7-word-spacing );color:var( --e-global-color-8c20191 );}.elementor-widget-text-editor{font-family:var( --e-global-typography-text-font-family ), Sans-serif;font-weight:var( --e-global-typography-text-font-weight );line-height:var( --e-global-typography-text-line-height );color:var( --e-global-color-text );}.elementor-widget-text-editor.elementor-drop-cap-view-stacked .elementor-drop-cap{background-color:var( --e-global-color-primary );}.elementor-widget-text-editor.elementor-drop-cap-view-framed .elementor-drop-cap, .elementor-widget-text-editor.elementor-drop-cap-view-default .elementor-drop-cap{color:var( --e-global-color-primary );border-color:var( --e-global-color-primary );}.elementor-503598 .elementor-element.elementor-element-cdf2796{color:var( --e-global-color-8c20191 );}.elementor-503598 .elementor-element.elementor-element-cdf2796.elementor-element{--flex-grow:1;--flex-shrink:0;}.elementor-widget-button .elementor-button{font-family:var( --e-global-typography-accent-font-family ), Sans-serif;font-weight:var( --e-global-typography-accent-font-weight );line-height:var( --e-global-typography-accent-line-height );background-color:var( --e-global-color-accent );}.elementor-503598 .elementor-element.elementor-element-dad0d6a .elementor-button{fill:var( --e-global-color-8c20191 );color:var( --e-global-color-8c20191 );background-color:var( --e-global-color-1028cf9 );border-style:solid;border-color:var( --e-global-color-1028cf9 );}@media(max-width:1024px){.elementor-widget-theme-post-title .elementor-heading-title{line-height:var( --e-global-typography-primary-line-height );}.elementor-503598 .elementor-element.elementor-element-9641065 .elementor-heading-title{font-size:var( --e-global-typography-d6633d7-font-size );line-height:var( --e-global-typography-d6633d7-line-height );letter-spacing:var( --e-global-typography-d6633d7-letter-spacing );word-spacing:var( --e-global-typography-d6633d7-word-spacing );}.elementor-widget-text-editor{line-height:var( --e-global-typography-text-line-height );}.elementor-widget-button .elementor-button{line-height:var( --e-global-typography-accent-line-height );}}@media(max-width:767px){.elementor-widget-theme-post-title .elementor-heading-title{line-height:var( --e-global-typography-primary-line-height );}.elementor-503598 .elementor-element.elementor-element-9641065 .elementor-heading-title{font-size:var( --e-global-typography-d6633d7-font-size );line-height:var( --e-global-typography-d6633d7-line-height );letter-spacing:var( --e-global-typography-d6633d7-letter-spacing );word-spacing:var( --e-global-typography-d6633d7-word-spacing );}.elementor-widget-text-editor{line-height:var( --e-global-typography-text-line-height );}.elementor-widget-button .elementor-button{line-height:var( --e-global-typography-accent-line-height );}}\/* Start custom CSS for container, class: .elementor-element-3a78d98 *\/.elementor-503598 .elementor-element.elementor-element-3a78d98 a {\n    text-decoration: none;\n}\/* End custom CSS *\/<\/style>\t\t<div data-elementor-type=\"loop-item\" data-elementor-id=\"503598\" class=\"elementor elementor-503598 e-loop-item e-loop-item-504339 post-504339 page type-page status-publish hentry\" data-elementor-post-type=\"elementor_library\" data-custom-edit-handle=\"1\">\n\t\t\t<div class=\"elementor-element elementor-element-3a78d98 e-flex e-con-boxed e-con e-parent\" data-id=\"3a78d98\" data-element_type=\"container\" data-e-type=\"container\" data-settings=\"{&quot;background_background&quot;:&quot;classic&quot;}\">\n\t\t\t\t\t<div class=\"e-con-inner\">\n\t\t\t\t<div class=\"elementor-element elementor-element-9641065 elementor-widget elementor-widget-theme-post-title elementor-page-title elementor-widget-heading\" data-id=\"9641065\" data-element_type=\"widget\" data-e-type=\"widget\" data-widget_type=\"theme-post-title.default\">\n\t\t\t\t<div class=\"elementor-widget-container\">\n\t\t\t\t\t<h3 class=\"elementor-heading-title elementor-size-default\"><a href=\"https:\/\/hexabyte.se\/en\/dedicated-server\/features\/replacement-of-defect-hardware\/\">Byte av defekt h\u00e5rdvara<\/a><\/h3>\t\t\t\t<\/div>\n\t\t\t\t<\/div>\n\t\t\t\t<div class=\"elementor-element elementor-element-cdf2796 elementor-widget elementor-widget-text-editor\" data-id=\"cdf2796\" data-element_type=\"widget\" data-e-type=\"widget\" data-widget_type=\"text-editor.default\">\n\t\t\t\t<div class=\"elementor-widget-container\">\n\t\t\t\t\t\t\t\t\t<p>Om en fl\u00e4kt, disk, n\u00e4tdel eller annan h\u00e5rdvara g\u00e5r s\u00f6nder s\u00e5 byter vi ut den kostnadsfritt. Obs, vi ansvarar inte f\u00f6r att&#8230;\t\t\t\t\t\t\t\t<\/div>\n\t\t\t\t<\/div>\n\t\t\t\t<div class=\"elementor-element elementor-element-dad0d6a elementor-align-right elementor-widget elementor-widget-button\" data-id=\"dad0d6a\" data-element_type=\"widget\" data-e-type=\"widget\" data-widget_type=\"button.default\">\n\t\t\t\t<div class=\"elementor-widget-container\">\n\t\t\t\t\t\t\t\t\t<div class=\"elementor-button-wrapper\">\n\t\t\t\t\t<a class=\"elementor-button elementor-button-link elementor-size-sm\" href=\"https:\/\/hexabyte.se\/en\/dedicated-server\/features\/replacement-of-defect-hardware\/\">\n\t\t\t\t\t\t<span class=\"elementor-button-content-wrapper\">\n\t\t\t\t\t\t\t\t\t<span class=\"elementor-button-text\">L\u00e4s mer<\/span>\n\t\t\t\t\t<\/span>\n\t\t\t\t\t<\/a>\n\t\t\t\t<\/div>\n\t\t\t\t\t\t\t\t<\/div>\n\t\t\t\t<\/div>\n\t\t\t\t\t<\/div>\n\t\t\t\t<\/div>\n\t\t\t\t<\/div>\n\t\t\t\t<\/div>\n\t\t\n\t\t\t\t\t\t<\/div>\n\t\t\t\t<\/div>\n\t\t\t\t\t<\/div>\n\t\t\t\t<\/div>\n\t\t\t\t<\/div>\n\t\t","protected":false},"excerpt":{"rendered":"<p>Functions Our dedicated servers include many different functions, see some of them below.<\/p>","protected":false},"author":3,"featured_media":0,"parent":503159,"menu_order":0,"comment_status":"closed","ping_status":"closed","template":"","meta":{"_acf_changed":false,"footnotes":""},"class_list":["post-504334","page","type-page","status-publish","hentry"],"acf":[],"yoast_head":"<!-- This site is optimized with the Yoast SEO plugin v27.3 - https:\/\/yoast.com\/product\/yoast-seo-wordpress\/ -->\n<title>Funktioner<\/title>\n<meta name=\"robots\" content=\"index, follow, max-snippet:-1, max-image-preview:large, max-video-preview:-1\" \/>\n<link rel=\"canonical\" href=\"https:\/\/hexabyte.se\/en\/dedicated-server\/features\/\" \/>\n<meta property=\"og:locale\" content=\"en_US\" \/>\n<meta property=\"og:type\" content=\"article\" \/>\n<meta property=\"og:title\" content=\"Funktioner\" \/>\n<meta property=\"og:description\" content=\"Funktioner I v\u00e5ra dedikerade servrar ing\u00e5r m\u00e5nga olika funktioner, se n\u00e5gra av dem nedan.\" \/>\n<meta property=\"og:url\" content=\"https:\/\/hexabyte.se\/en\/dedicated-server\/features\/\" \/>\n<meta property=\"og:site_name\" content=\"Hexabyte\" \/>\n<meta property=\"article:modified_time\" content=\"2024-07-26T13:36:20+00:00\" \/>\n<meta name=\"twitter:card\" content=\"summary_large_image\" \/>\n<meta name=\"twitter:label1\" content=\"Est. reading time\" \/>\n\t<meta name=\"twitter:data1\" content=\"1 minute\" \/>\n<script type=\"application\/ld+json\" class=\"yoast-schema-graph\">{\"@context\":\"https:\\\/\\\/schema.org\",\"@graph\":[{\"@type\":\"WebPage\",\"@id\":\"https:\\\/\\\/hexabyte.se\\\/dedicated-server\\\/features\\\/\",\"url\":\"https:\\\/\\\/hexabyte.se\\\/dedicated-server\\\/features\\\/\",\"name\":\"Funktioner\",\"isPartOf\":{\"@id\":\"https:\\\/\\\/hexabyte.se\\\/#website\"},\"datePublished\":\"2024-07-26T12:39:32+00:00\",\"dateModified\":\"2024-07-26T13:36:20+00:00\",\"breadcrumb\":{\"@id\":\"https:\\\/\\\/hexabyte.se\\\/dedicated-server\\\/features\\\/#breadcrumb\"},\"inLanguage\":\"en-US\",\"potentialAction\":[{\"@type\":\"ReadAction\",\"target\":[\"https:\\\/\\\/hexabyte.se\\\/dedicated-server\\\/features\\\/\"]}]},{\"@type\":\"BreadcrumbList\",\"@id\":\"https:\\\/\\\/hexabyte.se\\\/dedicated-server\\\/features\\\/#breadcrumb\",\"itemListElement\":[{\"@type\":\"ListItem\",\"position\":1,\"name\":\"Hem\",\"item\":\"https:\\\/\\\/hexabyte.se\\\/\"},{\"@type\":\"ListItem\",\"position\":2,\"name\":\"Dedikerade servrar\",\"item\":\"https:\\\/\\\/hexabyte.se\\\/dedicated-server\\\/\"},{\"@type\":\"ListItem\",\"position\":3,\"name\":\"Funktioner\"}]},{\"@type\":\"WebSite\",\"@id\":\"https:\\\/\\\/hexabyte.se\\\/#website\",\"url\":\"https:\\\/\\\/hexabyte.se\\\/\",\"name\":\"Hexabyte\",\"description\":\"Serverl\u00f6sningar\",\"publisher\":{\"@id\":\"https:\\\/\\\/hexabyte.se\\\/#organization\"},\"potentialAction\":[{\"@type\":\"SearchAction\",\"target\":{\"@type\":\"EntryPoint\",\"urlTemplate\":\"https:\\\/\\\/hexabyte.se\\\/?s={search_term_string}\"},\"query-input\":{\"@type\":\"PropertyValueSpecification\",\"valueRequired\":true,\"valueName\":\"search_term_string\"}}],\"inLanguage\":\"en-US\"},{\"@type\":\"Organization\",\"@id\":\"https:\\\/\\\/hexabyte.se\\\/#organization\",\"name\":\"Hexabyte AB\",\"url\":\"https:\\\/\\\/hexabyte.se\\\/\",\"logo\":{\"@type\":\"ImageObject\",\"inLanguage\":\"en-US\",\"@id\":\"https:\\\/\\\/hexabyte.se\\\/#\\\/schema\\\/logo\\\/image\\\/\",\"url\":\"https:\\\/\\\/hexabyte.se\\\/wp-content\\\/uploads\\\/2023\\\/12\\\/hexabyte-clear.svg\",\"contentUrl\":\"https:\\\/\\\/hexabyte.se\\\/wp-content\\\/uploads\\\/2023\\\/12\\\/hexabyte-clear.svg\",\"width\":318,\"height\":57,\"caption\":\"Hexabyte AB\"},\"image\":{\"@id\":\"https:\\\/\\\/hexabyte.se\\\/#\\\/schema\\\/logo\\\/image\\\/\"}}]}<\/script>\n<!-- \/ Yoast SEO plugin. -->","yoast_head_json":{"title":"Functions","robots":{"index":"index","follow":"follow","max-snippet":"max-snippet:-1","max-image-preview":"max-image-preview:large","max-video-preview":"max-video-preview:-1"},"canonical":"https:\/\/hexabyte.se\/en\/dedicated-server\/features\/","og_locale":"en_US","og_type":"article","og_title":"Funktioner","og_description":"Funktioner I v\u00e5ra dedikerade servrar ing\u00e5r m\u00e5nga olika funktioner, se n\u00e5gra av dem nedan.","og_url":"https:\/\/hexabyte.se\/en\/dedicated-server\/features\/","og_site_name":"Hexabyte","article_modified_time":"2024-07-26T13:36:20+00:00","twitter_card":"summary_large_image","twitter_misc":{"Est. reading time":"1 minute"},"schema":{"@context":"https:\/\/schema.org","@graph":[{"@type":"WebPage","@id":"https:\/\/hexabyte.se\/dedicated-server\/features\/","url":"https:\/\/hexabyte.se\/dedicated-server\/features\/","name":"Functions","isPartOf":{"@id":"https:\/\/hexabyte.se\/#website"},"datePublished":"2024-07-26T12:39:32+00:00","dateModified":"2024-07-26T13:36:20+00:00","breadcrumb":{"@id":"https:\/\/hexabyte.se\/dedicated-server\/features\/#breadcrumb"},"inLanguage":"en-US","potentialAction":[{"@type":"ReadAction","target":["https:\/\/hexabyte.se\/dedicated-server\/features\/"]}]},{"@type":"BreadcrumbList","@id":"https:\/\/hexabyte.se\/dedicated-server\/features\/#breadcrumb","itemListElement":[{"@type":"ListItem","position":1,"name":"Hem","item":"https:\/\/hexabyte.se\/"},{"@type":"ListItem","position":2,"name":"Dedikerade servrar","item":"https:\/\/hexabyte.se\/dedicated-server\/"},{"@type":"ListItem","position":3,"name":"Funktioner"}]},{"@type":"WebSite","@id":"https:\/\/hexabyte.se\/#website","url":"https:\/\/hexabyte.se\/","name":"Hexabytes","description":"Server solutions","publisher":{"@id":"https:\/\/hexabyte.se\/#organization"},"potentialAction":[{"@type":"SearchAction","target":{"@type":"EntryPoint","urlTemplate":"https:\/\/hexabyte.se\/?s={search_term_string}"},"query-input":{"@type":"PropertyValueSpecification","valueRequired":true,"valueName":"search_term_string"}}],"inLanguage":"en-US"},{"@type":"Organization","@id":"https:\/\/hexabyte.se\/#organization","name":"Hexabyte AB","url":"https:\/\/hexabyte.se\/","logo":{"@type":"ImageObject","inLanguage":"en-US","@id":"https:\/\/hexabyte.se\/#\/schema\/logo\/image\/","url":"https:\/\/hexabyte.se\/wp-content\/uploads\/2023\/12\/hexabyte-clear.svg","contentUrl":"https:\/\/hexabyte.se\/wp-content\/uploads\/2023\/12\/hexabyte-clear.svg","width":318,"height":57,"caption":"Hexabyte AB"},"image":{"@id":"https:\/\/hexabyte.se\/#\/schema\/logo\/image\/"}}]}},"_links":{"self":[{"href":"https:\/\/hexabyte.se\/en\/wp-json\/wp\/v2\/pages\/504334","targetHints":{"allow":["GET"]}}],"collection":[{"href":"https:\/\/hexabyte.se\/en\/wp-json\/wp\/v2\/pages"}],"about":[{"href":"https:\/\/hexabyte.se\/en\/wp-json\/wp\/v2\/types\/page"}],"author":[{"embeddable":true,"href":"https:\/\/hexabyte.se\/en\/wp-json\/wp\/v2\/users\/3"}],"replies":[{"embeddable":true,"href":"https:\/\/hexabyte.se\/en\/wp-json\/wp\/v2\/comments?post=504334"}],"version-history":[{"count":8,"href":"https:\/\/hexabyte.se\/en\/wp-json\/wp\/v2\/pages\/504334\/revisions"}],"predecessor-version":[{"id":504348,"href":"https:\/\/hexabyte.se\/en\/wp-json\/wp\/v2\/pages\/504334\/revisions\/504348"}],"up":[{"embeddable":true,"href":"https:\/\/hexabyte.se\/en\/wp-json\/wp\/v2\/pages\/503159"}],"wp:attachment":[{"href":"https:\/\/hexabyte.se\/en\/wp-json\/wp\/v2\/media?parent=504334"}],"curies":[{"name":"wp","href":"https:\/\/api.w.org\/{rel}","templated":true}]}}