{"id":504662,"date":"2025-07-24T20:36:55","date_gmt":"2025-07-24T18:36:55","guid":{"rendered":"https:\/\/hexabyte.se\/?page_id=504662"},"modified":"2025-07-31T11:33:08","modified_gmt":"2025-07-31T09:33:08","slug":"ddos-protection","status":"publish","type":"page","link":"https:\/\/hexabyte.se\/en\/ddos-protection\/","title":{"rendered":"DDoS Protection"},"content":{"rendered":"<div data-elementor-type=\"wp-page\" data-elementor-id=\"504662\" class=\"elementor elementor-504662\" data-elementor-post-type=\"page\">\n\t\t\t\t\t\t<section class=\"elementor-section elementor-top-section elementor-element elementor-element-c7ca97f elementor-reverse-mobile elementor-section-boxed elementor-section-height-default elementor-section-height-default\" data-id=\"c7ca97f\" data-element_type=\"section\" data-e-type=\"section\" data-settings=\"{&quot;background_background&quot;:&quot;classic&quot;}\">\n\t\t\t\t\t\t<div class=\"elementor-container elementor-column-gap-default\">\n\t\t\t\t\t<div class=\"elementor-column elementor-col-100 elementor-top-column elementor-element elementor-element-30375cd\" data-id=\"30375cd\" data-element_type=\"column\" data-e-type=\"column\">\n\t\t\t<div class=\"elementor-widget-wrap elementor-element-populated\">\n\t\t\t\t\t\t<div class=\"elementor-element elementor-element-8319fbc elementor-nav-menu--dropdown-none elementor-widget elementor-widget-global elementor-global-502993 elementor-widget-nav-menu\" data-id=\"8319fbc\" data-element_type=\"widget\" data-e-type=\"widget\" data-settings=\"{&quot;layout&quot;:&quot;horizontal&quot;,&quot;submenu_icon&quot;:{&quot;value&quot;:&quot;fas fa-caret-down&quot;,&quot;library&quot;:&quot;fa-solid&quot;}}\" data-widget_type=\"nav-menu.default\">\n\t\t\t\t<div class=\"elementor-widget-container\">\n\t\t\t\t\t\t\t\t<nav aria-label=\"Menu\" class=\"elementor-nav-menu--main elementor-nav-menu__container elementor-nav-menu--layout-horizontal e--pointer-underline e--animation-fade\">\n\t\t\t\t<ul id=\"menu-1-8319fbc\" class=\"elementor-nav-menu\"><li class=\"menu-item menu-item-type-post_type menu-item-object-page menu-item-502934\"><a href=\"https:\/\/hexabyte.se\/en\/vps\/\" class=\"elementor-item\">VPS \/ Cloud<\/a><\/li>\n<li class=\"menu-item menu-item-type-post_type menu-item-object-page menu-item-504877\"><a href=\"https:\/\/hexabyte.se\/en\/cloud\/object-storage\/\" class=\"elementor-item\">Object storage<\/a><\/li>\n<li class=\"menu-item menu-item-type-post_type menu-item-object-page menu-item-504828\"><a href=\"https:\/\/hexabyte.se\/en\/cloud\/gpu\/\" class=\"elementor-item\">GPU<\/a><\/li>\n<li class=\"menu-item menu-item-type-post_type menu-item-object-page menu-item-502959\"><a href=\"https:\/\/hexabyte.se\/en\/vps\/teknik\/\" class=\"elementor-item\">Technical information<\/a><\/li>\n<li class=\"menu-item menu-item-type-post_type menu-item-object-page menu-item-504671\"><a href=\"https:\/\/hexabyte.se\/en\/ddos-protection\/\" class=\"elementor-item\">DDoS protection<\/a><\/li>\n<\/ul>\t\t\t<\/nav>\n\t\t\t\t\t\t<nav class=\"elementor-nav-menu--dropdown elementor-nav-menu__container\" aria-hidden=\"true\">\n\t\t\t\t<ul id=\"menu-2-8319fbc\" class=\"elementor-nav-menu\"><li class=\"menu-item menu-item-type-post_type menu-item-object-page menu-item-502934\"><a href=\"https:\/\/hexabyte.se\/en\/vps\/\" class=\"elementor-item\" tabindex=\"-1\">VPS \/ Cloud<\/a><\/li>\n<li class=\"menu-item menu-item-type-post_type menu-item-object-page menu-item-504877\"><a href=\"https:\/\/hexabyte.se\/en\/cloud\/object-storage\/\" class=\"elementor-item\" tabindex=\"-1\">Object storage<\/a><\/li>\n<li class=\"menu-item menu-item-type-post_type menu-item-object-page menu-item-504828\"><a href=\"https:\/\/hexabyte.se\/en\/cloud\/gpu\/\" class=\"elementor-item\" tabindex=\"-1\">GPU<\/a><\/li>\n<li class=\"menu-item menu-item-type-post_type menu-item-object-page menu-item-502959\"><a href=\"https:\/\/hexabyte.se\/en\/vps\/teknik\/\" class=\"elementor-item\" tabindex=\"-1\">Technical information<\/a><\/li>\n<li class=\"menu-item menu-item-type-post_type menu-item-object-page menu-item-504671\"><a href=\"https:\/\/hexabyte.se\/en\/ddos-protection\/\" class=\"elementor-item\" tabindex=\"-1\">DDoS protection<\/a><\/li>\n<\/ul>\t\t\t<\/nav>\n\t\t\t\t\t\t<\/div>\n\t\t\t\t<\/div>\n\t\t\t\t<div class=\"elementor-element elementor-element-b893ec0 elementor-widget elementor-widget-heading\" data-id=\"b893ec0\" data-element_type=\"widget\" data-e-type=\"widget\" data-widget_type=\"heading.default\">\n\t\t\t\t<div class=\"elementor-widget-container\">\n\t\t\t\t\t<h1 class=\"elementor-heading-title elementor-size-default\">DDoS protection<\/h1>\t\t\t\t<\/div>\n\t\t\t\t<\/div>\n\t\t\t\t<div class=\"elementor-element elementor-element-1893eb3 elementor-widget elementor-widget-text-editor\" data-id=\"1893eb3\" data-element_type=\"widget\" data-e-type=\"widget\" data-widget_type=\"text-editor.default\">\n\t\t\t\t<div class=\"elementor-widget-container\">\n\t\t\t\t\t\t\t\t\t<p>At Hexabyte, we take network security seriously. That&#039;s why DDoS protection is included as standard in all of our services \u2013 from VPS and cloud servers to dedicated machines and web hosting.<\/p><p>We use <a href=\"https:\/\/fastnetmon.com\/\" target=\"_blank\" rel=\"noopener\">FastNetMon<\/a>\u00a0to analyze network traffic in real time and identify volumetric attacks. In the event of an attack, attacking IP traffic is automatically isolated or filtered using network-based measures.<\/p>\t\t\t\t\t\t\t\t<\/div>\n\t\t\t\t<\/div>\n\t\t\t\t\t<\/div>\n\t\t<\/div>\n\t\t\t\t\t<\/div>\n\t\t<\/section>\n\t\t<div class=\"elementor-element elementor-element-5336a9a e-flex e-con-boxed e-con e-parent\" data-id=\"5336a9a\" data-element_type=\"container\" data-e-type=\"container\">\n\t\t\t\t\t<div class=\"e-con-inner\">\n\t\t<div class=\"elementor-element elementor-element-63f08e7 e-flex e-con-boxed e-con e-child\" data-id=\"63f08e7\" data-element_type=\"container\" data-e-type=\"container\">\n\t\t\t\t\t<div class=\"e-con-inner\">\n\t\t\t\t<div class=\"elementor-element elementor-element-fde2d5a elementor-widget elementor-widget-heading\" data-id=\"fde2d5a\" data-element_type=\"widget\" data-e-type=\"widget\" data-widget_type=\"heading.default\">\n\t\t\t\t<div class=\"elementor-widget-container\">\n\t\t\t\t\t<h2 class=\"elementor-heading-title elementor-size-default\">How our DDoS protection works<\/h2>\t\t\t\t<\/div>\n\t\t\t\t<\/div>\n\t\t\t\t<div class=\"elementor-element elementor-element-1fb6950 elementor-align-start elementor-icon-list--layout-traditional elementor-list-item-link-full_width elementor-widget elementor-widget-icon-list\" data-id=\"1fb6950\" data-element_type=\"widget\" data-e-type=\"widget\" data-widget_type=\"icon-list.default\">\n\t\t\t\t<div class=\"elementor-widget-container\">\n\t\t\t\t\t\t\t<ul class=\"elementor-icon-list-items\">\n\t\t\t\t\t\t\t<li class=\"elementor-icon-list-item\">\n\t\t\t\t\t\t\t\t\t\t\t<span class=\"elementor-icon-list-icon\">\n\t\t\t\t\t\t\t<i aria-hidden=\"true\" class=\"far fa-bell\"><\/i>\t\t\t\t\t\t<\/span>\n\t\t\t\t\t\t\t\t\t\t<span class=\"elementor-icon-list-text\"><b>Real-time detection of all incoming and outgoing traffic<\/b><br>Traffic statistics are collected and analyzed continuously. Thresholds define when a behavior is classified as an attack.<\/span>\n\t\t\t\t\t\t\t\t\t<\/li>\n\t\t\t\t\t\t\t\t<li class=\"elementor-icon-list-item\">\n\t\t\t\t\t\t\t\t\t\t\t<span class=\"elementor-icon-list-icon\">\n\t\t\t\t\t\t\t<i aria-hidden=\"true\" class=\"fas fa-robot\"><\/i>\t\t\t\t\t\t<\/span>\n\t\t\t\t\t\t\t\t\t\t<span class=\"elementor-icon-list-text\"><b>Automatic mitigation<\/b><br>When an attack is confirmed, our network is signaled to block or &quot;blackhole&quot; attacking IP addresses. To protect unattacked IP addresses.<\/span>\n\t\t\t\t\t\t\t\t\t<\/li>\n\t\t\t\t\t\t\t\t<li class=\"elementor-icon-list-item\">\n\t\t\t\t\t\t\t\t\t\t\t<span class=\"elementor-icon-list-icon\">\n\t\t\t\t\t\t\t<i aria-hidden=\"true\" class=\"fas fa-shield-alt\"><\/i>\t\t\t\t\t\t<\/span>\n\t\t\t\t\t\t\t\t\t\t<span class=\"elementor-icon-list-text\"><b>Infrastructure-level protection<\/b><br>The protection is activated before the traffic reaches your server \u2013 whether it&#039;s a VPS, cloud instance, dedicated server or web hosting.<\/span>\n\t\t\t\t\t\t\t\t\t<\/li>\n\t\t\t\t\t\t\t\t<li class=\"elementor-icon-list-item\">\n\t\t\t\t\t\t\t\t\t\t\t<span class=\"elementor-icon-list-icon\">\n\t\t\t\t\t\t\t<i aria-hidden=\"true\" class=\"far fa-paper-plane\"><\/i>\t\t\t\t\t\t<\/span>\n\t\t\t\t\t\t\t\t\t\t<span class=\"elementor-icon-list-text\"><b>Scalable protection at no extra cost<\/b><br>Our DDoS protection is integrated into the platform and scales with the network \u2013 nothing you need to configure yourself.<\/span>\n\t\t\t\t\t\t\t\t\t<\/li>\n\t\t\t\t\t\t<\/ul>\n\t\t\t\t\t\t<\/div>\n\t\t\t\t<\/div>\n\t\t\t\t<div class=\"elementor-element elementor-element-131f1e2 elementor-align-start elementor-hidden-desktop elementor-hidden-tablet elementor-hidden-mobile elementor-icon-list--layout-traditional elementor-list-item-link-full_width elementor-widget elementor-widget-icon-list\" data-id=\"131f1e2\" data-element_type=\"widget\" data-e-type=\"widget\" data-widget_type=\"icon-list.default\">\n\t\t\t\t<div class=\"elementor-widget-container\">\n\t\t\t\t\t\t\t<ul class=\"elementor-icon-list-items\">\n\t\t\t\t\t\t\t<li class=\"elementor-icon-list-item\">\n\t\t\t\t\t\t\t\t\t\t\t<span class=\"elementor-icon-list-icon\">\n\t\t\t\t\t\t\t<i aria-hidden=\"true\" class=\"far fa-bell\"><\/i>\t\t\t\t\t\t<\/span>\n\t\t\t\t\t\t\t\t\t\t<span class=\"elementor-icon-list-text\"><b>Real-time detection of all incoming and outgoing traffic<\/b><br>Traffic statistics are collected and analyzed continuously. Thresholds define when a behavior is classified as an attack.<\/span>\n\t\t\t\t\t\t\t\t\t<\/li>\n\t\t\t\t\t\t\t\t<li class=\"elementor-icon-list-item\">\n\t\t\t\t\t\t\t\t\t\t\t<span class=\"elementor-icon-list-icon\">\n\t\t\t\t\t\t\t<i aria-hidden=\"true\" class=\"fas fa-robot\"><\/i>\t\t\t\t\t\t<\/span>\n\t\t\t\t\t\t\t\t\t\t<span class=\"elementor-icon-list-text\"><b>Automatic mitigation<\/b><br>When an attack is confirmed, our network is signaled to block or &quot;blackhole&quot; attacking IP addresses. Legitimate sessions are not affected.<\/span>\n\t\t\t\t\t\t\t\t\t<\/li>\n\t\t\t\t\t\t\t\t<li class=\"elementor-icon-list-item\">\n\t\t\t\t\t\t\t\t\t\t\t<span class=\"elementor-icon-list-icon\">\n\t\t\t\t\t\t\t<i aria-hidden=\"true\" class=\"fas fa-shield-alt\"><\/i>\t\t\t\t\t\t<\/span>\n\t\t\t\t\t\t\t\t\t\t<span class=\"elementor-icon-list-text\"><b>Infrastructure-level protection<\/b><br>The protection is activated before the traffic reaches your server \u2013 whether it&#039;s a VPS, cloud instance, dedicated server or web hosting.<\/span>\n\t\t\t\t\t\t\t\t\t<\/li>\n\t\t\t\t\t\t\t\t<li class=\"elementor-icon-list-item\">\n\t\t\t\t\t\t\t\t\t\t\t<span class=\"elementor-icon-list-icon\">\n\t\t\t\t\t\t\t<i aria-hidden=\"true\" class=\"fas fa-bolt\"><\/i>\t\t\t\t\t\t<\/span>\n\t\t\t\t\t\t\t\t\t\t<span class=\"elementor-icon-list-text\"><b>Proactive handling of both UDP flood, SYN flood, ICMP flood and similar attacks<\/b><br>We filter out abnormal or hostile traffic without disrupting legitimate connections.<\/span>\n\t\t\t\t\t\t\t\t\t<\/li>\n\t\t\t\t\t\t\t\t<li class=\"elementor-icon-list-item\">\n\t\t\t\t\t\t\t\t\t\t\t<span class=\"elementor-icon-list-icon\">\n\t\t\t\t\t\t\t<i aria-hidden=\"true\" class=\"far fa-paper-plane\"><\/i>\t\t\t\t\t\t<\/span>\n\t\t\t\t\t\t\t\t\t\t<span class=\"elementor-icon-list-text\"><b>Scalable protection at no extra cost<\/b><br>Our DDoS protection is integrated into the platform and scales with the network \u2013 nothing you need to configure yourself.<\/span>\n\t\t\t\t\t\t\t\t\t<\/li>\n\t\t\t\t\t\t<\/ul>\n\t\t\t\t\t\t<\/div>\n\t\t\t\t<\/div>\n\t\t\t\t<div class=\"elementor-element elementor-element-3fa8b63 elementor-alert-warning elementor-widget elementor-widget-alert\" data-id=\"3fa8b63\" data-element_type=\"widget\" data-e-type=\"widget\" data-widget_type=\"alert.default\">\n\t\t\t\t<div class=\"elementor-widget-container\">\n\t\t\t\t\t\t\t<div class=\"elementor-alert\" role=\"alert\">\n\n\t\t\t\t\t\t<span class=\"elementor-alert-title\">Good to know about anti-DDoS<\/span>\n\t\t\t\n\t\t\t\t\t\t<span class=\"elementor-alert-description\">No DDoS protection can prevent all types of attacks in all situations. Very large or sophisticated attacks may temporarily impact availability before the protection has time to fully activate.<\/span>\n\t\t\t\n\t\t\t\n\t\t<\/div>\n\t\t\t\t\t\t<\/div>\n\t\t\t\t<\/div>\n\t\t\t\t\t<\/div>\n\t\t\t\t<\/div>\n\t\t\t\t<div class=\"elementor-element elementor-element-069f694 elementor-widget__width-initial elementor-widget elementor-widget-image\" data-id=\"069f694\" data-element_type=\"widget\" data-e-type=\"widget\" data-widget_type=\"image.default\">\n\t\t\t\t<div class=\"elementor-widget-container\">\n\t\t\t\t\t\t\t\t\t\t\t\t\t\t\t<img fetchpriority=\"high\" decoding=\"async\" width=\"800\" height=\"534\" src=\"https:\/\/hexabyte.se\/wp-content\/uploads\/2024\/02\/redundant-stromforsorjning-datacenter-1024x683.jpg\" class=\"attachment-large size-large wp-image-503294\" alt=\"\" srcset=\"https:\/\/hexabyte.se\/wp-content\/uploads\/2024\/02\/redundant-stromforsorjning-datacenter-1024x683.jpg 1024w, https:\/\/hexabyte.se\/wp-content\/uploads\/2024\/02\/redundant-stromforsorjning-datacenter-385x257.jpg 385w, https:\/\/hexabyte.se\/wp-content\/uploads\/2024\/02\/redundant-stromforsorjning-datacenter-768x512.jpg 768w, https:\/\/hexabyte.se\/wp-content\/uploads\/2024\/02\/redundant-stromforsorjning-datacenter-1536x1024.jpg 1536w, https:\/\/hexabyte.se\/wp-content\/uploads\/2024\/02\/redundant-stromforsorjning-datacenter-2048x1366.jpg 2048w\" sizes=\"(max-width: 800px) 100vw, 800px\" \/>\t\t\t\t\t\t\t\t\t\t\t\t\t\t\t<\/div>\n\t\t\t\t<\/div>\n\t\t\t\t\t<\/div>\n\t\t\t\t<\/div>\n\t\t<div class=\"elementor-element elementor-element-5e9412e e-flex e-con-boxed e-con e-parent\" data-id=\"5e9412e\" data-element_type=\"container\" data-e-type=\"container\">\n\t\t\t\t\t<div class=\"e-con-inner\">\n\t\t\t\t<div class=\"elementor-element elementor-element-2d170fa elementor-widget__width-initial elementor-widget elementor-widget-image\" data-id=\"2d170fa\" data-element_type=\"widget\" data-e-type=\"widget\" data-widget_type=\"image.default\">\n\t\t\t\t<div class=\"elementor-widget-container\">\n\t\t\t\t\t\t\t\t\t\t\t\t\t\t\t<img decoding=\"async\" width=\"800\" height=\"534\" src=\"https:\/\/hexabyte.se\/wp-content\/uploads\/2024\/02\/dell-r740-servrar-i-rack-1024x683.jpg\" class=\"attachment-large size-large wp-image-503293\" alt=\"Tekniker g\u00f6r service p\u00e5 Dell R740 servrar rackade i datacenter\" srcset=\"https:\/\/hexabyte.se\/wp-content\/uploads\/2024\/02\/dell-r740-servrar-i-rack-1024x683.jpg 1024w, https:\/\/hexabyte.se\/wp-content\/uploads\/2024\/02\/dell-r740-servrar-i-rack-385x257.jpg 385w, https:\/\/hexabyte.se\/wp-content\/uploads\/2024\/02\/dell-r740-servrar-i-rack-768x512.jpg 768w, https:\/\/hexabyte.se\/wp-content\/uploads\/2024\/02\/dell-r740-servrar-i-rack-1536x1025.jpg 1536w, https:\/\/hexabyte.se\/wp-content\/uploads\/2024\/02\/dell-r740-servrar-i-rack-2048x1366.jpg 2048w\" sizes=\"(max-width: 800px) 100vw, 800px\" \/>\t\t\t\t\t\t\t\t\t\t\t\t\t\t\t<\/div>\n\t\t\t\t<\/div>\n\t\t<div class=\"elementor-element elementor-element-d5ced9c e-flex e-con-boxed e-con e-child\" data-id=\"d5ced9c\" data-element_type=\"container\" data-e-type=\"container\">\n\t\t\t\t\t<div class=\"e-con-inner\">\n\t\t\t\t<div class=\"elementor-element elementor-element-02b8506 elementor-widget elementor-widget-heading\" data-id=\"02b8506\" data-element_type=\"widget\" data-e-type=\"widget\" data-widget_type=\"heading.default\">\n\t\t\t\t<div class=\"elementor-widget-container\">\n\t\t\t\t\t<h2 class=\"elementor-heading-title elementor-size-default\">For those who build reliable services<\/h2>\t\t\t\t<\/div>\n\t\t\t\t<\/div>\n\t\t\t\t<div class=\"elementor-element elementor-element-d0115b1 elementor-widget elementor-widget-text-editor\" data-id=\"d0115b1\" data-element_type=\"widget\" data-e-type=\"widget\" data-widget_type=\"text-editor.default\">\n\t\t\t\t<div class=\"elementor-widget-container\">\n\t\t\t\t\t\t\t\t\t<p>Our protection is suitable for those who operate APIs, game servers, VoIP systems, e-commerce solutions or other services where availability is business-critical.<\/p><p>Attacks are not an issue <strong>If<\/strong>, without <strong>when<\/strong> \u2013 and with Hexabyte you are already prepared.<\/p>\t\t\t\t\t\t\t\t<\/div>\n\t\t\t\t<\/div>\n\t\t\t\t\t<\/div>\n\t\t\t\t<\/div>\n\t\t\t\t\t<\/div>\n\t\t\t\t<\/div>\n\t\t\t\t<\/div>","protected":false},"excerpt":{"rendered":"<p>DDoS-skydd Hos Hexabyte tar vi n\u00e4tverkss\u00e4kerhet p\u00e5 allvar. D\u00e4rf\u00f6r ing\u00e5r DDoS-skydd som standard i samtliga v\u00e5ra tj\u00e4nster \u2013 fr\u00e5n VPS och molnservrar till dedikerade maskiner och webbhotell. Vi anv\u00e4nder FastNetMon\u00a0f\u00f6r att i realtid analysera n\u00e4tverkstrafiken och identifiera volymetriska attacker. Vid angrepp isoleras eller filtreras angripande IP-trafik automatiskt med hj\u00e4lp av n\u00e4tverksbaserade \u00e5tg\u00e4rder. S\u00e5 fungerar v\u00e5rt [&hellip;]<\/p>\n","protected":false},"author":3,"featured_media":0,"parent":0,"menu_order":0,"comment_status":"closed","ping_status":"closed","template":"","meta":{"_acf_changed":false,"footnotes":""},"class_list":["post-504662","page","type-page","status-publish","hentry"],"acf":[],"yoast_head":"<!-- This site is optimized with the Yoast SEO plugin v27.3 - https:\/\/yoast.com\/product\/yoast-seo-wordpress\/ -->\n<title>DDoS Protection<\/title>\n<meta name=\"robots\" content=\"index, follow, max-snippet:-1, max-image-preview:large, max-video-preview:-1\" \/>\n<link rel=\"canonical\" href=\"https:\/\/hexabyte.se\/en\/ddos-protection\/\" \/>\n<meta property=\"og:locale\" content=\"en_US\" \/>\n<meta property=\"og:type\" content=\"article\" \/>\n<meta property=\"og:title\" content=\"DDoS Protection\" \/>\n<meta property=\"og:description\" content=\"DDoS-skydd Hos Hexabyte tar vi n\u00e4tverkss\u00e4kerhet p\u00e5 allvar. D\u00e4rf\u00f6r ing\u00e5r DDoS-skydd som standard i samtliga v\u00e5ra tj\u00e4nster \u2013 fr\u00e5n VPS och molnservrar till dedikerade maskiner och webbhotell. Vi anv\u00e4nder FastNetMon\u00a0f\u00f6r att i realtid analysera n\u00e4tverkstrafiken och identifiera volymetriska attacker. Vid angrepp isoleras eller filtreras angripande IP-trafik automatiskt med hj\u00e4lp av n\u00e4tverksbaserade \u00e5tg\u00e4rder. S\u00e5 fungerar v\u00e5rt [&hellip;]\" \/>\n<meta property=\"og:url\" content=\"https:\/\/hexabyte.se\/en\/ddos-protection\/\" \/>\n<meta property=\"og:site_name\" content=\"Hexabyte\" \/>\n<meta property=\"article:modified_time\" content=\"2025-07-31T09:33:08+00:00\" \/>\n<meta property=\"og:image\" content=\"https:\/\/hexabyte.se\/wp-content\/uploads\/2024\/02\/redundant-stromforsorjning-datacenter.jpg\" \/>\n\t<meta property=\"og:image:width\" content=\"2500\" \/>\n\t<meta property=\"og:image:height\" content=\"1667\" \/>\n\t<meta property=\"og:image:type\" content=\"image\/jpeg\" \/>\n<meta name=\"twitter:card\" content=\"summary_large_image\" \/>\n<meta name=\"twitter:label1\" content=\"Est. reading time\" \/>\n\t<meta name=\"twitter:data1\" content=\"2 minutes\" \/>\n<script type=\"application\/ld+json\" class=\"yoast-schema-graph\">{\"@context\":\"https:\\\/\\\/schema.org\",\"@graph\":[{\"@type\":\"WebPage\",\"@id\":\"https:\\\/\\\/hexabyte.se\\\/ddos-protection\\\/\",\"url\":\"https:\\\/\\\/hexabyte.se\\\/ddos-protection\\\/\",\"name\":\"DDoS Protection\",\"isPartOf\":{\"@id\":\"https:\\\/\\\/hexabyte.se\\\/#website\"},\"primaryImageOfPage\":{\"@id\":\"https:\\\/\\\/hexabyte.se\\\/ddos-protection\\\/#primaryimage\"},\"image\":{\"@id\":\"https:\\\/\\\/hexabyte.se\\\/ddos-protection\\\/#primaryimage\"},\"thumbnailUrl\":\"https:\\\/\\\/hexabyte.se\\\/wp-content\\\/uploads\\\/2024\\\/02\\\/redundant-stromforsorjning-datacenter-1024x683.jpg\",\"datePublished\":\"2025-07-24T18:36:55+00:00\",\"dateModified\":\"2025-07-31T09:33:08+00:00\",\"breadcrumb\":{\"@id\":\"https:\\\/\\\/hexabyte.se\\\/ddos-protection\\\/#breadcrumb\"},\"inLanguage\":\"en-US\",\"potentialAction\":[{\"@type\":\"ReadAction\",\"target\":[\"https:\\\/\\\/hexabyte.se\\\/ddos-protection\\\/\"]}]},{\"@type\":\"ImageObject\",\"inLanguage\":\"en-US\",\"@id\":\"https:\\\/\\\/hexabyte.se\\\/ddos-protection\\\/#primaryimage\",\"url\":\"https:\\\/\\\/hexabyte.se\\\/wp-content\\\/uploads\\\/2024\\\/02\\\/redundant-stromforsorjning-datacenter-1024x683.jpg\",\"contentUrl\":\"https:\\\/\\\/hexabyte.se\\\/wp-content\\\/uploads\\\/2024\\\/02\\\/redundant-stromforsorjning-datacenter-1024x683.jpg\"},{\"@type\":\"BreadcrumbList\",\"@id\":\"https:\\\/\\\/hexabyte.se\\\/ddos-protection\\\/#breadcrumb\",\"itemListElement\":[{\"@type\":\"ListItem\",\"position\":1,\"name\":\"Hem\",\"item\":\"https:\\\/\\\/hexabyte.se\\\/\"},{\"@type\":\"ListItem\",\"position\":2,\"name\":\"DDoS Protection\"}]},{\"@type\":\"WebSite\",\"@id\":\"https:\\\/\\\/hexabyte.se\\\/#website\",\"url\":\"https:\\\/\\\/hexabyte.se\\\/\",\"name\":\"Hexabyte\",\"description\":\"Serverl\u00f6sningar\",\"publisher\":{\"@id\":\"https:\\\/\\\/hexabyte.se\\\/#organization\"},\"potentialAction\":[{\"@type\":\"SearchAction\",\"target\":{\"@type\":\"EntryPoint\",\"urlTemplate\":\"https:\\\/\\\/hexabyte.se\\\/?s={search_term_string}\"},\"query-input\":{\"@type\":\"PropertyValueSpecification\",\"valueRequired\":true,\"valueName\":\"search_term_string\"}}],\"inLanguage\":\"en-US\"},{\"@type\":\"Organization\",\"@id\":\"https:\\\/\\\/hexabyte.se\\\/#organization\",\"name\":\"Hexabyte AB\",\"url\":\"https:\\\/\\\/hexabyte.se\\\/\",\"logo\":{\"@type\":\"ImageObject\",\"inLanguage\":\"en-US\",\"@id\":\"https:\\\/\\\/hexabyte.se\\\/#\\\/schema\\\/logo\\\/image\\\/\",\"url\":\"https:\\\/\\\/hexabyte.se\\\/wp-content\\\/uploads\\\/2023\\\/12\\\/hexabyte-clear.svg\",\"contentUrl\":\"https:\\\/\\\/hexabyte.se\\\/wp-content\\\/uploads\\\/2023\\\/12\\\/hexabyte-clear.svg\",\"width\":318,\"height\":57,\"caption\":\"Hexabyte AB\"},\"image\":{\"@id\":\"https:\\\/\\\/hexabyte.se\\\/#\\\/schema\\\/logo\\\/image\\\/\"}}]}<\/script>\n<!-- \/ Yoast SEO plugin. -->","yoast_head_json":{"title":"DDoS Protection","robots":{"index":"index","follow":"follow","max-snippet":"max-snippet:-1","max-image-preview":"max-image-preview:large","max-video-preview":"max-video-preview:-1"},"canonical":"https:\/\/hexabyte.se\/en\/ddos-protection\/","og_locale":"en_US","og_type":"article","og_title":"DDoS Protection","og_description":"DDoS-skydd Hos Hexabyte tar vi n\u00e4tverkss\u00e4kerhet p\u00e5 allvar. D\u00e4rf\u00f6r ing\u00e5r DDoS-skydd som standard i samtliga v\u00e5ra tj\u00e4nster \u2013 fr\u00e5n VPS och molnservrar till dedikerade maskiner och webbhotell. Vi anv\u00e4nder FastNetMon\u00a0f\u00f6r att i realtid analysera n\u00e4tverkstrafiken och identifiera volymetriska attacker. Vid angrepp isoleras eller filtreras angripande IP-trafik automatiskt med hj\u00e4lp av n\u00e4tverksbaserade \u00e5tg\u00e4rder. S\u00e5 fungerar v\u00e5rt [&hellip;]","og_url":"https:\/\/hexabyte.se\/en\/ddos-protection\/","og_site_name":"Hexabyte","article_modified_time":"2025-07-31T09:33:08+00:00","og_image":[{"width":2500,"height":1667,"url":"https:\/\/hexabyte.se\/wp-content\/uploads\/2024\/02\/redundant-stromforsorjning-datacenter.jpg","type":"image\/jpeg"}],"twitter_card":"summary_large_image","twitter_misc":{"Est. reading time":"2 minutes"},"schema":{"@context":"https:\/\/schema.org","@graph":[{"@type":"WebPage","@id":"https:\/\/hexabyte.se\/ddos-protection\/","url":"https:\/\/hexabyte.se\/ddos-protection\/","name":"DDoS Protection","isPartOf":{"@id":"https:\/\/hexabyte.se\/#website"},"primaryImageOfPage":{"@id":"https:\/\/hexabyte.se\/ddos-protection\/#primaryimage"},"image":{"@id":"https:\/\/hexabyte.se\/ddos-protection\/#primaryimage"},"thumbnailUrl":"https:\/\/hexabyte.se\/wp-content\/uploads\/2024\/02\/redundant-stromforsorjning-datacenter-1024x683.jpg","datePublished":"2025-07-24T18:36:55+00:00","dateModified":"2025-07-31T09:33:08+00:00","breadcrumb":{"@id":"https:\/\/hexabyte.se\/ddos-protection\/#breadcrumb"},"inLanguage":"en-US","potentialAction":[{"@type":"ReadAction","target":["https:\/\/hexabyte.se\/ddos-protection\/"]}]},{"@type":"ImageObject","inLanguage":"en-US","@id":"https:\/\/hexabyte.se\/ddos-protection\/#primaryimage","url":"https:\/\/hexabyte.se\/wp-content\/uploads\/2024\/02\/redundant-stromforsorjning-datacenter-1024x683.jpg","contentUrl":"https:\/\/hexabyte.se\/wp-content\/uploads\/2024\/02\/redundant-stromforsorjning-datacenter-1024x683.jpg"},{"@type":"BreadcrumbList","@id":"https:\/\/hexabyte.se\/ddos-protection\/#breadcrumb","itemListElement":[{"@type":"ListItem","position":1,"name":"Hem","item":"https:\/\/hexabyte.se\/"},{"@type":"ListItem","position":2,"name":"DDoS Protection"}]},{"@type":"WebSite","@id":"https:\/\/hexabyte.se\/#website","url":"https:\/\/hexabyte.se\/","name":"Hexabytes","description":"Server solutions","publisher":{"@id":"https:\/\/hexabyte.se\/#organization"},"potentialAction":[{"@type":"SearchAction","target":{"@type":"EntryPoint","urlTemplate":"https:\/\/hexabyte.se\/?s={search_term_string}"},"query-input":{"@type":"PropertyValueSpecification","valueRequired":true,"valueName":"search_term_string"}}],"inLanguage":"en-US"},{"@type":"Organization","@id":"https:\/\/hexabyte.se\/#organization","name":"Hexabyte AB","url":"https:\/\/hexabyte.se\/","logo":{"@type":"ImageObject","inLanguage":"en-US","@id":"https:\/\/hexabyte.se\/#\/schema\/logo\/image\/","url":"https:\/\/hexabyte.se\/wp-content\/uploads\/2023\/12\/hexabyte-clear.svg","contentUrl":"https:\/\/hexabyte.se\/wp-content\/uploads\/2023\/12\/hexabyte-clear.svg","width":318,"height":57,"caption":"Hexabyte AB"},"image":{"@id":"https:\/\/hexabyte.se\/#\/schema\/logo\/image\/"}}]}},"_links":{"self":[{"href":"https:\/\/hexabyte.se\/en\/wp-json\/wp\/v2\/pages\/504662","targetHints":{"allow":["GET"]}}],"collection":[{"href":"https:\/\/hexabyte.se\/en\/wp-json\/wp\/v2\/pages"}],"about":[{"href":"https:\/\/hexabyte.se\/en\/wp-json\/wp\/v2\/types\/page"}],"author":[{"embeddable":true,"href":"https:\/\/hexabyte.se\/en\/wp-json\/wp\/v2\/users\/3"}],"replies":[{"embeddable":true,"href":"https:\/\/hexabyte.se\/en\/wp-json\/wp\/v2\/comments?post=504662"}],"version-history":[{"count":13,"href":"https:\/\/hexabyte.se\/en\/wp-json\/wp\/v2\/pages\/504662\/revisions"}],"predecessor-version":[{"id":504679,"href":"https:\/\/hexabyte.se\/en\/wp-json\/wp\/v2\/pages\/504662\/revisions\/504679"}],"wp:attachment":[{"href":"https:\/\/hexabyte.se\/en\/wp-json\/wp\/v2\/media?parent=504662"}],"curies":[{"name":"wp","href":"https:\/\/api.w.org\/{rel}","templated":true}]}}