{"id":504749,"date":"2025-08-15T18:52:33","date_gmt":"2025-08-15T16:52:33","guid":{"rendered":"https:\/\/hexabyte.se\/?page_id=504749"},"modified":"2025-08-15T19:59:56","modified_gmt":"2025-08-15T17:59:56","slug":"waitlist","status":"publish","type":"page","link":"https:\/\/hexabyte.se\/en\/cloud\/gpu\/waitlist\/","title":{"rendered":"Cloud GPU Waitlist"},"content":{"rendered":"\t\t<div data-elementor-type=\"wp-page\" data-elementor-id=\"504749\" class=\"elementor elementor-504749\" data-elementor-post-type=\"page\">\n\t\t\t\t<div class=\"elementor-element elementor-element-ed74da6 e-flex e-con-boxed e-con e-parent\" data-id=\"ed74da6\" data-element_type=\"container\" data-e-type=\"container\">\n\t\t\t\t\t<div class=\"e-con-inner\">\n\t\t\t\t<div class=\"elementor-element elementor-element-8aaf9cf elementor-widget elementor-widget-heading\" data-id=\"8aaf9cf\" data-element_type=\"widget\" data-e-type=\"widget\" data-widget_type=\"heading.default\">\n\t\t\t\t<div class=\"elementor-widget-container\">\n\t\t\t\t\t<h1 class=\"elementor-heading-title elementor-size-default\">V\u00e4ntelista GPU-instans<\/h1>\t\t\t\t<\/div>\n\t\t\t\t<\/div>\n\t\t\t\t<div class=\"elementor-element elementor-element-8db20cd elementor-widget elementor-widget-text-editor\" data-id=\"8db20cd\" data-element_type=\"widget\" data-e-type=\"widget\" data-widget_type=\"text-editor.default\">\n\t\t\t\t<div class=\"elementor-widget-container\">\n\t\t\t\t\t\t\t\t\t<p>Anm\u00e4l dig till v\u00e4ntlistan f\u00f6r v\u00e5ra Cloud GPU-instanser.<\/p>\t\t\t\t\t\t\t\t<\/div>\n\t\t\t\t<\/div>\n\t\t\t\t<div class=\"elementor-element elementor-element-d51b7d5 elementor-button-align-stretch elementor-widget elementor-widget-form\" data-id=\"d51b7d5\" data-element_type=\"widget\" data-e-type=\"widget\" data-settings=\"{&quot;step_next_label&quot;:&quot;N\\u00e4sta&quot;,&quot;step_previous_label&quot;:&quot;F\\u00f6reg\\u00e5ende&quot;,&quot;button_width&quot;:&quot;100&quot;,&quot;step_type&quot;:&quot;number_text&quot;,&quot;step_icon_shape&quot;:&quot;circle&quot;}\" data-widget_type=\"form.default\">\n\t\t\t\t<div class=\"elementor-widget-container\">\n\t\t\t\t\t\t\t<form class=\"elementor-form\" method=\"post\" name=\"Nytt formul\u00e4r\" aria-label=\"Nytt formul\u00e4r\">\n\t\t\t<input type=\"hidden\" name=\"post_id\" value=\"504749\"\/>\n\t\t\t<input type=\"hidden\" name=\"form_id\" value=\"d51b7d5\"\/>\n\t\t\t<input type=\"hidden\" name=\"referer_title\" value=\"Cloud GPU Waitlist\" \/>\n\n\t\t\t\t\t\t\t<input type=\"hidden\" name=\"queried_id\" value=\"504749\"\/>\n\t\t\t\n\t\t\t<div class=\"elementor-form-fields-wrapper elementor-labels-above\">\n\t\t\t\t\t\t\t\t<div class=\"elementor-field-type-email elementor-field-group elementor-column elementor-field-group-email elementor-col-100 elementor-field-required\">\n\t\t\t\t\t\t\t\t\t\t\t\t<label for=\"form-field-email\" class=\"elementor-field-label\">\n\t\t\t\t\t\t\t\tE-post\t\t\t\t\t\t\t<\/label>\n\t\t\t\t\t\t\t\t\t\t\t\t\t\t<input size=\"1\" type=\"email\" name=\"form_fields[email]\" id=\"form-field-email\" class=\"elementor-field elementor-size-sm  elementor-field-textual\" required=\"required\">\n\t\t\t\t\t\t\t\t\t\t\t<\/div>\n\t\t\t\t\t\t\t\t<div class=\"elementor-field-type-checkbox elementor-field-group elementor-column elementor-field-group-field_655e606 elementor-col-100\">\n\t\t\t\t\t\t\t\t\t\t\t\t<label for=\"form-field-field_655e606\" class=\"elementor-field-label\">\n\t\t\t\t\t\t\t\tVilken typ av arbete t\u00e4nker du k\u00f6ra?\t\t\t\t\t\t\t<\/label>\n\t\t\t\t\t\t<div class=\"elementor-field-subgroup  elementor-subgroup-inline\"><span class=\"elementor-field-option\"><input type=\"checkbox\" value=\"AI inferens\" id=\"form-field-field_655e606-0\" name=\"form_fields[field_655e606][]\"> <label for=\"form-field-field_655e606-0\">AI inferens<\/label><\/span><span class=\"elementor-field-option\"><input type=\"checkbox\" value=\"AI modelltr\u00e4ning\" id=\"form-field-field_655e606-1\" name=\"form_fields[field_655e606][]\"> <label for=\"form-field-field_655e606-1\">AI modelltr\u00e4ning<\/label><\/span><span class=\"elementor-field-option\"><input type=\"checkbox\" value=\"Multimedia\/video\" id=\"form-field-field_655e606-2\" name=\"form_fields[field_655e606][]\"> <label for=\"form-field-field_655e606-2\">Multimedia\/video<\/label><\/span><span class=\"elementor-field-option\"><input type=\"checkbox\" value=\"3D rendrering\/CAD\" id=\"form-field-field_655e606-3\" name=\"form_fields[field_655e606][]\"> <label for=\"form-field-field_655e606-3\">3D rendrering\/CAD<\/label><\/span><span class=\"elementor-field-option\"><input type=\"checkbox\" value=\"Matematisk ber\u00e4kning\" id=\"form-field-field_655e606-4\" name=\"form_fields[field_655e606][]\"> <label for=\"form-field-field_655e606-4\">Matematisk ber\u00e4kning<\/label><\/span><span class=\"elementor-field-option\"><input type=\"checkbox\" value=\"Annat (skriv i meddelande)\" id=\"form-field-field_655e606-5\" name=\"form_fields[field_655e606][]\"> <label for=\"form-field-field_655e606-5\">Annat (skriv i meddelande)<\/label><\/span><\/div>\t\t\t\t<\/div>\n\t\t\t\t\t\t\t\t<div class=\"elementor-field-type-checkbox elementor-field-group elementor-column elementor-field-group-field_32f3997 elementor-col-100\">\n\t\t\t\t\t\t\t\t\t\t\t\t<label for=\"form-field-field_32f3997\" class=\"elementor-field-label\">\n\t\t\t\t\t\t\t\tVilka GPU-modeller \u00e4r du intresserad av?\t\t\t\t\t\t\t<\/label>\n\t\t\t\t\t\t<div class=\"elementor-field-subgroup  elementor-subgroup-inline\"><span class=\"elementor-field-option\"><input type=\"checkbox\" value=\"L4\" id=\"form-field-field_32f3997-0\" name=\"form_fields[field_32f3997][]\"> <label for=\"form-field-field_32f3997-0\">L4<\/label><\/span><span class=\"elementor-field-option\"><input type=\"checkbox\" value=\"A10\" id=\"form-field-field_32f3997-1\" name=\"form_fields[field_32f3997][]\"> <label for=\"form-field-field_32f3997-1\">A10<\/label><\/span><span class=\"elementor-field-option\"><input type=\"checkbox\" value=\"A16\" id=\"form-field-field_32f3997-2\" name=\"form_fields[field_32f3997][]\"> <label for=\"form-field-field_32f3997-2\">A16<\/label><\/span><span class=\"elementor-field-option\"><input type=\"checkbox\" value=\"L40\" id=\"form-field-field_32f3997-3\" name=\"form_fields[field_32f3997][]\"> <label for=\"form-field-field_32f3997-3\">L40<\/label><\/span><span class=\"elementor-field-option\"><input type=\"checkbox\" value=\"H100\" id=\"form-field-field_32f3997-4\" name=\"form_fields[field_32f3997][]\"> <label for=\"form-field-field_32f3997-4\">H100<\/label><\/span><span class=\"elementor-field-option\"><input type=\"checkbox\" value=\"Annat (skriv i meddelande)\" id=\"form-field-field_32f3997-5\" name=\"form_fields[field_32f3997][]\"> <label for=\"form-field-field_32f3997-5\">Annat (skriv i meddelande)<\/label><\/span><\/div>\t\t\t\t<\/div>\n\t\t\t\t\t\t\t\t<div class=\"elementor-field-type-radio elementor-field-group elementor-column elementor-field-group-field_e37f78e elementor-col-100 elementor-field-required\">\n\t\t\t\t\t\t\t\t\t\t\t\t<label for=\"form-field-field_e37f78e\" class=\"elementor-field-label\">\n\t\t\t\t\t\t\t\tHur l\u00e4nge planerar du att k\u00f6ra GPU-instans?\t\t\t\t\t\t\t<\/label>\n\t\t\t\t\t\t<div class=\"elementor-field-subgroup  elementor-subgroup-inline\"><span class=\"elementor-field-option\"><input type=\"radio\" value=\"Enstaka timmar\" id=\"form-field-field_e37f78e-0\" name=\"form_fields[field_e37f78e]\" required=\"required\"> <label for=\"form-field-field_e37f78e-0\">Enstaka timmar<\/label><\/span><span class=\"elementor-field-option\"><input type=\"radio\" value=\"Enstaka dagar\" id=\"form-field-field_e37f78e-1\" name=\"form_fields[field_e37f78e]\" required=\"required\"> <label for=\"form-field-field_e37f78e-1\">Enstaka dagar<\/label><\/span><span class=\"elementor-field-option\"><input type=\"radio\" value=\"Flera dagar per m\u00e5nad\" id=\"form-field-field_e37f78e-2\" name=\"form_fields[field_e37f78e]\" required=\"required\"> <label for=\"form-field-field_e37f78e-2\">Flera dagar per m\u00e5nad<\/label><\/span><span class=\"elementor-field-option\"><input type=\"radio\" value=\"Flera m\u00e5nader eller l\u00e4ngre\" id=\"form-field-field_e37f78e-3\" name=\"form_fields[field_e37f78e]\" required=\"required\"> <label for=\"form-field-field_e37f78e-3\">Flera m\u00e5nader eller l\u00e4ngre<\/label><\/span><\/div>\t\t\t\t<\/div>\n\t\t\t\t\t\t\t\t<div class=\"elementor-field-type-checkbox elementor-field-group elementor-column elementor-field-group-field_01ee1dd elementor-col-100\">\n\t\t\t\t\t\t\t\t\t\t\t\t<label for=\"form-field-field_01ee1dd\" class=\"elementor-field-label\">\n\t\t\t\t\t\t\t\tVilka funktioner \u00e4r viktiga f\u00f6r din GPU-instans?\t\t\t\t\t\t\t<\/label>\n\t\t\t\t\t\t<div class=\"elementor-field-subgroup  elementor-subgroup-inline\"><span class=\"elementor-field-option\"><input type=\"checkbox\" value=\"L\u00e5g kostnad\" id=\"form-field-field_01ee1dd-0\" name=\"form_fields[field_01ee1dd][]\"> <label for=\"form-field-field_01ee1dd-0\">L\u00e5g kostnad<\/label><\/span><span class=\"elementor-field-option\"><input type=\"checkbox\" value=\"Fakturering per timme\" id=\"form-field-field_01ee1dd-1\" name=\"form_fields[field_01ee1dd][]\"> <label for=\"form-field-field_01ee1dd-1\">Fakturering per timme<\/label><\/span><span class=\"elementor-field-option\"><input type=\"checkbox\" value=\"Snabb NVMe scratch\" id=\"form-field-field_01ee1dd-2\" name=\"form_fields[field_01ee1dd][]\"> <label for=\"form-field-field_01ee1dd-2\">Snabb NVMe scratch<\/label><\/span><span class=\"elementor-field-option\"><input type=\"checkbox\" value=\"Snabbt internet\" id=\"form-field-field_01ee1dd-3\" name=\"form_fields[field_01ee1dd][]\"> <label for=\"form-field-field_01ee1dd-3\">Snabbt internet<\/label><\/span><span class=\"elementor-field-option\"><input type=\"checkbox\" value=\"Obegr\u00e4nsad trafikm\u00e4ngd\" id=\"form-field-field_01ee1dd-4\" name=\"form_fields[field_01ee1dd][]\"> <label for=\"form-field-field_01ee1dd-4\">Obegr\u00e4nsad trafikm\u00e4ngd<\/label><\/span><span class=\"elementor-field-option\"><input type=\"checkbox\" value=\"Billig persistent lagring\" id=\"form-field-field_01ee1dd-5\" name=\"form_fields[field_01ee1dd][]\"> <label for=\"form-field-field_01ee1dd-5\">Billig persistent lagring<\/label><\/span><span class=\"elementor-field-option\"><input type=\"checkbox\" value=\"Annat (skriv i meddelande)\" id=\"form-field-field_01ee1dd-6\" name=\"form_fields[field_01ee1dd][]\"> <label for=\"form-field-field_01ee1dd-6\">Annat (skriv i meddelande)<\/label><\/span><\/div>\t\t\t\t<\/div>\n\t\t\t\t\t\t\t\t<div class=\"elementor-field-type-radio elementor-field-group elementor-column elementor-field-group-field_57ae849 elementor-col-100 elementor-field-required\">\n\t\t\t\t\t\t\t\t\t\t\t\t<label for=\"form-field-field_57ae849\" class=\"elementor-field-label\">\n\t\t\t\t\t\t\t\tI vilken roll t\u00e4nker du anv\u00e4nda GPU-instans?\t\t\t\t\t\t\t<\/label>\n\t\t\t\t\t\t<div class=\"elementor-field-subgroup  elementor-subgroup-inline\"><span class=\"elementor-field-option\"><input type=\"radio\" value=\"Privatperson\" id=\"form-field-field_57ae849-0\" name=\"form_fields[field_57ae849]\" required=\"required\"> <label for=\"form-field-field_57ae849-0\">Privatperson<\/label><\/span><span class=\"elementor-field-option\"><input type=\"radio\" value=\"Anst\u00e4lld\" id=\"form-field-field_57ae849-1\" name=\"form_fields[field_57ae849]\" required=\"required\"> <label for=\"form-field-field_57ae849-1\">Anst\u00e4lld<\/label><\/span><span class=\"elementor-field-option\"><input type=\"radio\" value=\"F\u00f6retagsledare\/\u00e4gare\" id=\"form-field-field_57ae849-2\" name=\"form_fields[field_57ae849]\" required=\"required\"> <label for=\"form-field-field_57ae849-2\">F\u00f6retagsledare\/\u00e4gare<\/label><\/span><span class=\"elementor-field-option\"><input type=\"radio\" value=\"Student\" id=\"form-field-field_57ae849-3\" name=\"form_fields[field_57ae849]\" required=\"required\"> <label for=\"form-field-field_57ae849-3\">Student<\/label><\/span><span class=\"elementor-field-option\"><input type=\"radio\" value=\"None-profit\" id=\"form-field-field_57ae849-4\" name=\"form_fields[field_57ae849]\" required=\"required\"> <label for=\"form-field-field_57ae849-4\">None-profit<\/label><\/span><span class=\"elementor-field-option\"><input type=\"radio\" value=\"Annat (skriv i meddelande)\" id=\"form-field-field_57ae849-5\" name=\"form_fields[field_57ae849]\" required=\"required\"> <label for=\"form-field-field_57ae849-5\">Annat (skriv i meddelande)<\/label><\/span><\/div>\t\t\t\t<\/div>\n\t\t\t\t\t\t\t\t<div class=\"elementor-field-type-textarea elementor-field-group elementor-column elementor-field-group-message elementor-col-100\">\n\t\t\t\t\t\t\t\t\t\t\t\t<label for=\"form-field-message\" class=\"elementor-field-label\">\n\t\t\t\t\t\t\t\tMeddelande (frivilligt)\t\t\t\t\t\t\t<\/label>\n\t\t\t\t\t\t<textarea class=\"elementor-field-textual elementor-field  elementor-size-sm\" name=\"form_fields[message]\" id=\"form-field-message\" rows=\"4\"><\/textarea>\t\t\t\t<\/div>\n\t\t\t\t\t\t\t\t<div class=\"elementor-field-type-recaptcha_v3 elementor-field-group elementor-column elementor-field-group-field_f737679 elementor-col-100 recaptcha_v3-bottomright\">\n\t\t\t\t\t<div class=\"elementor-field\" id=\"form-field-field_f737679\"><div class=\"elementor-g-recaptcha\" data-sitekey=\"6Lcw1BAiAAAAAFwGapPaiqSYRMrF4IFLocB3eTVX\" data-type=\"v3\" data-action=\"Form\" data-badge=\"bottomright\" data-size=\"invisible\"><\/div><\/div>\t\t\t\t<\/div>\n\t\t\t\t\t\t\t\t<div class=\"elementor-field-group elementor-column elementor-field-type-submit elementor-col-100 e-form__buttons\">\n\t\t\t\t\t<button class=\"elementor-button elementor-size-sm\" type=\"submit\">\n\t\t\t\t\t\t<span class=\"elementor-button-content-wrapper\">\n\t\t\t\t\t\t\t\t\t\t\t\t\t\t\t\t\t\t\t\t\t\t<span class=\"elementor-button-text\">Skicka<\/span>\n\t\t\t\t\t\t\t\t\t\t\t\t\t<\/span>\n\t\t\t\t\t<\/button>\n\t\t\t\t<\/div>\n\t\t\t<\/div>\n\t\t<\/form>\n\t\t\t\t\t\t<\/div>\n\t\t\t\t<\/div>\n\t\t\t\t\t<\/div>\n\t\t\t\t<\/div>\n\t\t\t\t<\/div>\n\t\t","protected":false},"excerpt":{"rendered":"<p>GPU Instance Waiting List Sign up for the waiting list for our Cloud GPU instances.<\/p>","protected":false},"author":3,"featured_media":0,"parent":504697,"menu_order":0,"comment_status":"closed","ping_status":"closed","template":"","meta":{"_acf_changed":false,"footnotes":""},"class_list":["post-504749","page","type-page","status-publish","hentry"],"acf":[],"yoast_head":"<!-- This site is optimized with the Yoast SEO plugin v27.3 - https:\/\/yoast.com\/product\/yoast-seo-wordpress\/ -->\n<title>Cloud GPU Waitlist<\/title>\n<meta name=\"robots\" content=\"index, follow, max-snippet:-1, max-image-preview:large, max-video-preview:-1\" \/>\n<link rel=\"canonical\" href=\"https:\/\/hexabyte.se\/en\/cloud\/gpu\/waitlist\/\" \/>\n<meta property=\"og:locale\" content=\"en_US\" \/>\n<meta property=\"og:type\" content=\"article\" \/>\n<meta property=\"og:title\" content=\"Cloud GPU Waitlist\" \/>\n<meta property=\"og:description\" content=\"V\u00e4ntelista GPU-instans Anm\u00e4l dig till v\u00e4ntlistan f\u00f6r v\u00e5ra Cloud GPU-instanser.\" \/>\n<meta property=\"og:url\" content=\"https:\/\/hexabyte.se\/en\/cloud\/gpu\/waitlist\/\" \/>\n<meta property=\"og:site_name\" content=\"Hexabyte\" \/>\n<meta property=\"article:modified_time\" content=\"2025-08-15T17:59:56+00:00\" \/>\n<meta name=\"twitter:card\" content=\"summary_large_image\" \/>\n<meta name=\"twitter:label1\" content=\"Est. reading time\" \/>\n\t<meta name=\"twitter:data1\" content=\"1 minute\" \/>\n<script type=\"application\/ld+json\" class=\"yoast-schema-graph\">{\"@context\":\"https:\\\/\\\/schema.org\",\"@graph\":[{\"@type\":\"WebPage\",\"@id\":\"https:\\\/\\\/hexabyte.se\\\/cloud\\\/gpu\\\/waitlist\\\/\",\"url\":\"https:\\\/\\\/hexabyte.se\\\/cloud\\\/gpu\\\/waitlist\\\/\",\"name\":\"Cloud GPU Waitlist\",\"isPartOf\":{\"@id\":\"https:\\\/\\\/hexabyte.se\\\/#website\"},\"datePublished\":\"2025-08-15T16:52:33+00:00\",\"dateModified\":\"2025-08-15T17:59:56+00:00\",\"breadcrumb\":{\"@id\":\"https:\\\/\\\/hexabyte.se\\\/cloud\\\/gpu\\\/waitlist\\\/#breadcrumb\"},\"inLanguage\":\"en-US\",\"potentialAction\":[{\"@type\":\"ReadAction\",\"target\":[\"https:\\\/\\\/hexabyte.se\\\/cloud\\\/gpu\\\/waitlist\\\/\"]}]},{\"@type\":\"BreadcrumbList\",\"@id\":\"https:\\\/\\\/hexabyte.se\\\/cloud\\\/gpu\\\/waitlist\\\/#breadcrumb\",\"itemListElement\":[{\"@type\":\"ListItem\",\"position\":1,\"name\":\"Hem\",\"item\":\"https:\\\/\\\/hexabyte.se\\\/\"},{\"@type\":\"ListItem\",\"position\":2,\"name\":\"Cloud\",\"item\":\"https:\\\/\\\/hexabyte.se\\\/cloud\\\/\"},{\"@type\":\"ListItem\",\"position\":3,\"name\":\"GPU\",\"item\":\"https:\\\/\\\/hexabyte.se\\\/cloud\\\/gpu\\\/\"},{\"@type\":\"ListItem\",\"position\":4,\"name\":\"Cloud GPU Waitlist\"}]},{\"@type\":\"WebSite\",\"@id\":\"https:\\\/\\\/hexabyte.se\\\/#website\",\"url\":\"https:\\\/\\\/hexabyte.se\\\/\",\"name\":\"Hexabyte\",\"description\":\"Serverl\u00f6sningar\",\"publisher\":{\"@id\":\"https:\\\/\\\/hexabyte.se\\\/#organization\"},\"potentialAction\":[{\"@type\":\"SearchAction\",\"target\":{\"@type\":\"EntryPoint\",\"urlTemplate\":\"https:\\\/\\\/hexabyte.se\\\/?s={search_term_string}\"},\"query-input\":{\"@type\":\"PropertyValueSpecification\",\"valueRequired\":true,\"valueName\":\"search_term_string\"}}],\"inLanguage\":\"en-US\"},{\"@type\":\"Organization\",\"@id\":\"https:\\\/\\\/hexabyte.se\\\/#organization\",\"name\":\"Hexabyte AB\",\"url\":\"https:\\\/\\\/hexabyte.se\\\/\",\"logo\":{\"@type\":\"ImageObject\",\"inLanguage\":\"en-US\",\"@id\":\"https:\\\/\\\/hexabyte.se\\\/#\\\/schema\\\/logo\\\/image\\\/\",\"url\":\"https:\\\/\\\/hexabyte.se\\\/wp-content\\\/uploads\\\/2023\\\/12\\\/hexabyte-clear.svg\",\"contentUrl\":\"https:\\\/\\\/hexabyte.se\\\/wp-content\\\/uploads\\\/2023\\\/12\\\/hexabyte-clear.svg\",\"width\":318,\"height\":57,\"caption\":\"Hexabyte AB\"},\"image\":{\"@id\":\"https:\\\/\\\/hexabyte.se\\\/#\\\/schema\\\/logo\\\/image\\\/\"}}]}<\/script>\n<!-- \/ Yoast SEO plugin. -->","yoast_head_json":{"title":"Cloud GPU Waitlist","robots":{"index":"index","follow":"follow","max-snippet":"max-snippet:-1","max-image-preview":"max-image-preview:large","max-video-preview":"max-video-preview:-1"},"canonical":"https:\/\/hexabyte.se\/en\/cloud\/gpu\/waitlist\/","og_locale":"en_US","og_type":"article","og_title":"Cloud GPU Waitlist","og_description":"V\u00e4ntelista GPU-instans Anm\u00e4l dig till v\u00e4ntlistan f\u00f6r v\u00e5ra Cloud GPU-instanser.","og_url":"https:\/\/hexabyte.se\/en\/cloud\/gpu\/waitlist\/","og_site_name":"Hexabyte","article_modified_time":"2025-08-15T17:59:56+00:00","twitter_card":"summary_large_image","twitter_misc":{"Est. reading time":"1 minute"},"schema":{"@context":"https:\/\/schema.org","@graph":[{"@type":"WebPage","@id":"https:\/\/hexabyte.se\/cloud\/gpu\/waitlist\/","url":"https:\/\/hexabyte.se\/cloud\/gpu\/waitlist\/","name":"Cloud GPU Waitlist","isPartOf":{"@id":"https:\/\/hexabyte.se\/#website"},"datePublished":"2025-08-15T16:52:33+00:00","dateModified":"2025-08-15T17:59:56+00:00","breadcrumb":{"@id":"https:\/\/hexabyte.se\/cloud\/gpu\/waitlist\/#breadcrumb"},"inLanguage":"en-US","potentialAction":[{"@type":"ReadAction","target":["https:\/\/hexabyte.se\/cloud\/gpu\/waitlist\/"]}]},{"@type":"BreadcrumbList","@id":"https:\/\/hexabyte.se\/cloud\/gpu\/waitlist\/#breadcrumb","itemListElement":[{"@type":"ListItem","position":1,"name":"Hem","item":"https:\/\/hexabyte.se\/"},{"@type":"ListItem","position":2,"name":"Cloud","item":"https:\/\/hexabyte.se\/cloud\/"},{"@type":"ListItem","position":3,"name":"GPU","item":"https:\/\/hexabyte.se\/cloud\/gpu\/"},{"@type":"ListItem","position":4,"name":"Cloud GPU Waitlist"}]},{"@type":"WebSite","@id":"https:\/\/hexabyte.se\/#website","url":"https:\/\/hexabyte.se\/","name":"Hexabytes","description":"Server solutions","publisher":{"@id":"https:\/\/hexabyte.se\/#organization"},"potentialAction":[{"@type":"SearchAction","target":{"@type":"EntryPoint","urlTemplate":"https:\/\/hexabyte.se\/?s={search_term_string}"},"query-input":{"@type":"PropertyValueSpecification","valueRequired":true,"valueName":"search_term_string"}}],"inLanguage":"en-US"},{"@type":"Organization","@id":"https:\/\/hexabyte.se\/#organization","name":"Hexabyte AB","url":"https:\/\/hexabyte.se\/","logo":{"@type":"ImageObject","inLanguage":"en-US","@id":"https:\/\/hexabyte.se\/#\/schema\/logo\/image\/","url":"https:\/\/hexabyte.se\/wp-content\/uploads\/2023\/12\/hexabyte-clear.svg","contentUrl":"https:\/\/hexabyte.se\/wp-content\/uploads\/2023\/12\/hexabyte-clear.svg","width":318,"height":57,"caption":"Hexabyte AB"},"image":{"@id":"https:\/\/hexabyte.se\/#\/schema\/logo\/image\/"}}]}},"_links":{"self":[{"href":"https:\/\/hexabyte.se\/en\/wp-json\/wp\/v2\/pages\/504749","targetHints":{"allow":["GET"]}}],"collection":[{"href":"https:\/\/hexabyte.se\/en\/wp-json\/wp\/v2\/pages"}],"about":[{"href":"https:\/\/hexabyte.se\/en\/wp-json\/wp\/v2\/types\/page"}],"author":[{"embeddable":true,"href":"https:\/\/hexabyte.se\/en\/wp-json\/wp\/v2\/users\/3"}],"replies":[{"embeddable":true,"href":"https:\/\/hexabyte.se\/en\/wp-json\/wp\/v2\/comments?post=504749"}],"version-history":[{"count":7,"href":"https:\/\/hexabyte.se\/en\/wp-json\/wp\/v2\/pages\/504749\/revisions"}],"predecessor-version":[{"id":504759,"href":"https:\/\/hexabyte.se\/en\/wp-json\/wp\/v2\/pages\/504749\/revisions\/504759"}],"up":[{"embeddable":true,"href":"https:\/\/hexabyte.se\/en\/wp-json\/wp\/v2\/pages\/504697"}],"wp:attachment":[{"href":"https:\/\/hexabyte.se\/en\/wp-json\/wp\/v2\/media?parent=504749"}],"curies":[{"name":"wp","href":"https:\/\/api.w.org\/{rel}","templated":true}]}}